{"id":40758,"date":"2017-08-31T05:28:20","date_gmt":"2017-08-31T05:28:20","guid":{"rendered":"https:\/\/clevelandrapecrisis.org\/prevention-education\/"},"modified":"2025-05-09T19:18:42","modified_gmt":"2025-05-09T19:18:42","slug":"prevention-education","status":"publish","type":"page","link":"https:\/\/clevelandrapecrisis.org\/es\/prevention-education\/","title":{"rendered":"Prevenci\u00f3n y educaci\u00f3n"},"content":{"rendered":"<p>Las relaciones saludables crean comunidades saludables. Nuestro objetivo es detener la violaci\u00f3n y el abuso sexual antes de que ocurran. \u00a1La violaci\u00f3n y la agresi\u00f3n sexual se pueden prevenir!<\/p>\n<p>El Cleveland Rape Crisis Center ofrece programas educativos a cientos de escuelas, organizaciones y empresas en todo el noreste de Ohio. Cada a\u00f1o, cerca de 10.000 personas, entre ni\u00f1os en edad escolar, profesores, padres y profesionales, participan en los programas de prevenci\u00f3n y formaci\u00f3n del Centro.<\/p>\n<p>Adaptamos nuestros programas de prevenci\u00f3n para satisfacer las necesidades cambiantes de diversas comunidades.<\/p>\n<p>El Centro ofrece una amplia variedad de programas de prevenci\u00f3n, incluidos programas educativos escolares para estudiantes de todas las edades, capacitaci\u00f3n para maestros y personal sobre c\u00f3mo apoyar a los estudiantes que han sido abusados y para padres sobre c\u00f3mo mantener a los ni\u00f1os seguros.<\/p>\n<p><em>Nuestros programas educativos est\u00e1n disponibles virtualmente y en persona.<\/em><\/p>\n<p>&nbsp;<\/p>\n<h4>Obtenga m\u00e1s informaci\u00f3n sobre los programas educativos del Cleveland Rape Crisis Center:<\/h4>\n<ul>\n<li>Para <a href=\"https:\/\/clevelandrapecrisis.org\/prevention-education\/for-students\/\">estudiantes<\/a><\/li>\n<li>Para <a href=\"https:\/\/clevelandrapecrisis.org\/prevention-education\/for-teachers-and-staff\/\">profesores y profesionales que trabajan<\/a> con j\u00f3venes<\/li>\n<li>Para <a href=\"https:\/\/clevelandrapecrisis.org\/prevention-education\/for-parents\/\">los padres<\/a><\/li>\n<li><a href=\"https:\/\/clevelandrapecrisis.org\/prevention-education\/community-outreach\/\">Alcance comunitario<\/a><\/li>\n<li><a href=\"https:\/\/clevelandrapecrisis.org\/prevention-education\/professional-training\/\">Instituto de Formaci\u00f3n<\/a><\/li>\n<li><a href=\"https:\/\/clevelandrapecrisis.org\/prevention-education\/free-ambassador-training-workshops\/\">Talleres de formaci\u00f3n de embajadores<\/a><\/li>\n<li><a href=\"https:\/\/clevelandrapecrisis.org\/prevention-education\/voices-of-change\/\">Voces del cambio<\/a><\/li>\n<li>Visita nuestra aplicaci\u00f3n<a href=\"https:\/\/clevelandrapecrisis.org\/prevention-education\/app\/\"> <\/a>de prevenci\u00f3n<\/li>\n<\/ul>\n<p>&nbsp;<\/p>\n<div class=\"learn-more\">\n   <a href=\"&quot;https:\/\/clevelandrapecrisis.org\/prevention-education\/for-students\/request-an-education-program\/&quot;\">&quot;Solicitar<\/a>\n   <p> &quot;Env\u00ede<\/p>\n<\/div>\n<p>&nbsp;<\/p>\n","protected":false},"excerpt":{"rendered":"<p>Las relaciones saludables crean comunidades saludables. Nuestro objetivo es detener la violaci\u00f3n y el abuso sexual antes de que ocurran. \u00a1La violaci\u00f3n y la agresi\u00f3n sexual se pueden prevenir! El Cleveland Rape Crisis Center ofrece programas educativos a cientos de escuelas, organizaciones y empresas en todo el noreste de Ohio. Cada a\u00f1o, cerca de 10.000<\/p>\n","protected":false},"author":3,"featured_media":0,"parent":0,"menu_order":0,"comment_status":"closed","ping_status":"closed","template":"page-with-image-ribbon.php","meta":{"_acf_changed":false,"footnotes":""},"class_list":["post-40758","page","type-page","status-publish","hentry"],"acf":[],"yoast_head":"<!-- This site is optimized with the Yoast SEO Premium plugin v26.8 (Yoast SEO v26.8) - https:\/\/yoast.com\/product\/yoast-seo-premium-wordpress\/ -->\n<title>Prevenci\u00f3n y educaci\u00f3n sobre la violaci\u00f3n y la agresi\u00f3n sexual<\/title>\n<meta name=\"description\" content=\"Obtenga m\u00e1s informaci\u00f3n sobre los programas educativos del Cleveland Rape Crisis Center sobre c\u00f3mo prevenir la violencia dom\u00e9stica y la agresi\u00f3n sexual.\" \/>\n<meta name=\"robots\" content=\"index, follow, max-snippet:-1, max-image-preview:large, max-video-preview:-1\" \/>\n<link rel=\"canonical\" href=\"https:\/\/clevelandrapecrisis.org\/prevention-education\/\" \/>\n<meta property=\"og:locale\" content=\"es_ES\" \/>\n<meta property=\"og:type\" content=\"article\" \/>\n<meta property=\"og:title\" content=\"Prevenci\u00f3n y educaci\u00f3n\" \/>\n<meta property=\"og:description\" content=\"Obtenga m\u00e1s informaci\u00f3n sobre los programas educativos del Cleveland Rape Crisis Center sobre c\u00f3mo prevenir la violencia dom\u00e9stica y la agresi\u00f3n sexual.\" \/>\n<meta property=\"og:url\" content=\"https:\/\/clevelandrapecrisis.org\/prevention-education\/\" \/>\n<meta property=\"og:site_name\" content=\"CRCC\" \/>\n<meta property=\"article:modified_time\" content=\"2025-05-09T19:18:42+00:00\" \/>\n<meta property=\"og:image\" content=\"https:\/\/clevelandrapecrisis.org\/wp-content\/uploads\/2018\/06\/IMG_3278-e1528142445581.jpg\" \/>\n\t<meta property=\"og:image:width\" content=\"734\" \/>\n\t<meta property=\"og:image:height\" content=\"458\" \/>\n\t<meta property=\"og:image:type\" content=\"image\/jpeg\" \/>\n<meta name=\"twitter:card\" content=\"summary_large_image\" \/>\n<meta name=\"twitter:label1\" content=\"Est. reading time\" \/>\n\t<meta name=\"twitter:data1\" content=\"1 minuto\" \/>\n<script type=\"application\/ld+json\" class=\"yoast-schema-graph\">{\"@context\":\"https:\/\/schema.org\",\"@graph\":[{\"@type\":\"WebPage\",\"@id\":\"https:\/\/clevelandrapecrisis.org\/prevention-education\/\",\"url\":\"https:\/\/clevelandrapecrisis.org\/prevention-education\/\",\"name\":\"Prevenci\u00f3n y educaci\u00f3n sobre la violaci\u00f3n y la agresi\u00f3n sexual\",\"isPartOf\":{\"@id\":\"https:\/\/clevelandrapecrisis.org\/#website\"},\"datePublished\":\"2017-08-31T05:28:20+00:00\",\"dateModified\":\"2025-05-09T19:18:42+00:00\",\"description\":\"Obtenga m\u00e1s informaci\u00f3n sobre los programas educativos del Cleveland Rape Crisis Center sobre c\u00f3mo prevenir la violencia dom\u00e9stica y la agresi\u00f3n sexual.\",\"breadcrumb\":{\"@id\":\"https:\/\/clevelandrapecrisis.org\/prevention-education\/#breadcrumb\"},\"inLanguage\":\"es\",\"potentialAction\":[{\"@type\":\"ReadAction\",\"target\":[\"https:\/\/clevelandrapecrisis.org\/prevention-education\/\"]}]},{\"@type\":\"BreadcrumbList\",\"@id\":\"https:\/\/clevelandrapecrisis.org\/prevention-education\/#breadcrumb\",\"itemListElement\":[{\"@type\":\"ListItem\",\"position\":1,\"name\":\"Home\",\"item\":\"https:\/\/clevelandrapecrisis.org\/\"},{\"@type\":\"ListItem\",\"position\":2,\"name\":\"Prevenci\u00f3n y educaci\u00f3n\"}]},{\"@type\":\"WebSite\",\"@id\":\"https:\/\/clevelandrapecrisis.org\/#website\",\"url\":\"https:\/\/clevelandrapecrisis.org\/\",\"name\":\"CRCC\",\"description\":\"Cleveland Rape Crisis Center\",\"potentialAction\":[{\"@type\":\"SearchAction\",\"target\":{\"@type\":\"EntryPoint\",\"urlTemplate\":\"https:\/\/clevelandrapecrisis.org\/?s={search_term_string}\"},\"query-input\":{\"@type\":\"PropertyValueSpecification\",\"valueRequired\":true,\"valueName\":\"search_term_string\"}}],\"inLanguage\":\"es\"}]}<\/script>\n<!-- \/ Yoast SEO Premium plugin. -->","yoast_head_json":{"title":"Prevenci\u00f3n y educaci\u00f3n sobre la violaci\u00f3n y la agresi\u00f3n sexual","description":"Obtenga m\u00e1s informaci\u00f3n sobre los programas educativos del Cleveland Rape Crisis Center sobre c\u00f3mo prevenir la violencia dom\u00e9stica y la agresi\u00f3n sexual.","robots":{"index":"index","follow":"follow","max-snippet":"max-snippet:-1","max-image-preview":"max-image-preview:large","max-video-preview":"max-video-preview:-1"},"canonical":"https:\/\/clevelandrapecrisis.org\/prevention-education\/","og_locale":"es_ES","og_type":"article","og_title":"Prevenci\u00f3n y educaci\u00f3n","og_description":"Obtenga m\u00e1s informaci\u00f3n sobre los programas educativos del Cleveland Rape Crisis Center sobre c\u00f3mo prevenir la violencia dom\u00e9stica y la agresi\u00f3n sexual.","og_url":"https:\/\/clevelandrapecrisis.org\/prevention-education\/","og_site_name":"CRCC","article_modified_time":"2025-05-09T19:18:42+00:00","og_image":[{"width":734,"height":458,"url":"https:\/\/clevelandrapecrisis.org\/wp-content\/uploads\/2018\/06\/IMG_3278-e1528142445581.jpg","type":"image\/jpeg"}],"twitter_card":"summary_large_image","twitter_misc":{"Est. reading time":"1 minuto"},"schema":{"@context":"https:\/\/schema.org","@graph":[{"@type":"WebPage","@id":"https:\/\/clevelandrapecrisis.org\/prevention-education\/","url":"https:\/\/clevelandrapecrisis.org\/prevention-education\/","name":"Prevenci\u00f3n y educaci\u00f3n sobre la violaci\u00f3n y la agresi\u00f3n sexual","isPartOf":{"@id":"https:\/\/clevelandrapecrisis.org\/#website"},"datePublished":"2017-08-31T05:28:20+00:00","dateModified":"2025-05-09T19:18:42+00:00","description":"Obtenga m\u00e1s informaci\u00f3n sobre los programas educativos del Cleveland Rape Crisis Center sobre c\u00f3mo prevenir la violencia dom\u00e9stica y la agresi\u00f3n sexual.","breadcrumb":{"@id":"https:\/\/clevelandrapecrisis.org\/prevention-education\/#breadcrumb"},"inLanguage":"es","potentialAction":[{"@type":"ReadAction","target":["https:\/\/clevelandrapecrisis.org\/prevention-education\/"]}]},{"@type":"BreadcrumbList","@id":"https:\/\/clevelandrapecrisis.org\/prevention-education\/#breadcrumb","itemListElement":[{"@type":"ListItem","position":1,"name":"Home","item":"https:\/\/clevelandrapecrisis.org\/"},{"@type":"ListItem","position":2,"name":"Prevenci\u00f3n y educaci\u00f3n"}]},{"@type":"WebSite","@id":"https:\/\/clevelandrapecrisis.org\/#website","url":"https:\/\/clevelandrapecrisis.org\/","name":"CRCC","description":"Cleveland Rape Crisis Center","potentialAction":[{"@type":"SearchAction","target":{"@type":"EntryPoint","urlTemplate":"https:\/\/clevelandrapecrisis.org\/?s={search_term_string}"},"query-input":{"@type":"PropertyValueSpecification","valueRequired":true,"valueName":"search_term_string"}}],"inLanguage":"es"}]}},"_links":{"self":[{"href":"https:\/\/clevelandrapecrisis.org\/es\/wp-json\/wp\/v2\/pages\/40758","targetHints":{"allow":["GET"]}}],"collection":[{"href":"https:\/\/clevelandrapecrisis.org\/es\/wp-json\/wp\/v2\/pages"}],"about":[{"href":"https:\/\/clevelandrapecrisis.org\/es\/wp-json\/wp\/v2\/types\/page"}],"author":[{"embeddable":true,"href":"https:\/\/clevelandrapecrisis.org\/es\/wp-json\/wp\/v2\/users\/3"}],"replies":[{"embeddable":true,"href":"https:\/\/clevelandrapecrisis.org\/es\/wp-json\/wp\/v2\/comments?post=40758"}],"version-history":[{"count":4,"href":"https:\/\/clevelandrapecrisis.org\/es\/wp-json\/wp\/v2\/pages\/40758\/revisions"}],"predecessor-version":[{"id":40769,"href":"https:\/\/clevelandrapecrisis.org\/es\/wp-json\/wp\/v2\/pages\/40758\/revisions\/40769"}],"wp:attachment":[{"href":"https:\/\/clevelandrapecrisis.org\/es\/wp-json\/wp\/v2\/media?parent=40758"}],"curies":[{"name":"wp","href":"https:\/\/api.w.org\/{rel}","templated":true}]}}