{"id":40755,"date":"2017-08-31T05:07:43","date_gmt":"2017-08-31T05:07:43","guid":{"rendered":"https:\/\/clevelandrapecrisis.org\/news-and-announcements\/"},"modified":"2025-05-09T19:18:40","modified_gmt":"2025-05-09T19:18:40","slug":"news-and-announcements","status":"publish","type":"page","link":"https:\/\/clevelandrapecrisis.org\/es\/news-and-announcements\/","title":{"rendered":"Noticias y anuncios"},"content":{"rendered":"<p>Obtenga informaci\u00f3n actualizada sobre los cambios, programas, noticias e informaci\u00f3n del Cleveland Rape Crisis Center para ayudar a respaldar su misi\u00f3n de apoyar a los sobrevivientes de violaci\u00f3n y abuso sexual, promover la curaci\u00f3n y la prevenci\u00f3n y crear cambios sociales.<\/p>\n<p>&nbsp;<\/p>\n","protected":false},"excerpt":{"rendered":"<p>Obtenga informaci\u00f3n actualizada sobre los cambios, programas, noticias e informaci\u00f3n del Cleveland Rape Crisis Center para ayudar a respaldar su misi\u00f3n de apoyar a los sobrevivientes de violaci\u00f3n y abuso sexual, promover la curaci\u00f3n y la prevenci\u00f3n y crear cambios sociales. &nbsp;<\/p>\n","protected":false},"author":3,"featured_media":0,"parent":0,"menu_order":7,"comment_status":"closed","ping_status":"closed","template":"page-all-posts.php","meta":{"_acf_changed":false,"footnotes":""},"class_list":["post-40755","page","type-page","status-publish","hentry"],"acf":[],"yoast_head":"<!-- This site is optimized with the Yoast SEO Premium plugin v26.8 (Yoast SEO v26.8) - https:\/\/yoast.com\/product\/yoast-seo-premium-wordpress\/ -->\n<title>Noticias y anuncios del Cleveland Rape Crisis Center<\/title>\n<meta name=\"description\" content=\"Encuentre las \u00faltimas noticias, informaci\u00f3n sobre cambios y actualizaciones para Cleveland Rape Crisis Center, incluidos programas e informaci\u00f3n sobre beneficios.\" \/>\n<meta name=\"robots\" content=\"index, follow, max-snippet:-1, max-image-preview:large, max-video-preview:-1\" \/>\n<link rel=\"canonical\" href=\"https:\/\/clevelandrapecrisis.org\/about-us\/news-and-announcements\/\" \/>\n<meta property=\"og:locale\" content=\"es_ES\" \/>\n<meta property=\"og:type\" content=\"article\" \/>\n<meta property=\"og:title\" content=\"Noticias y anuncios\" \/>\n<meta property=\"og:description\" content=\"Encuentre las \u00faltimas noticias, informaci\u00f3n sobre cambios y actualizaciones para Cleveland Rape Crisis Center, incluidos programas e informaci\u00f3n sobre beneficios.\" \/>\n<meta property=\"og:url\" content=\"https:\/\/clevelandrapecrisis.org\/about-us\/news-and-announcements\/\" \/>\n<meta property=\"og:site_name\" content=\"CRCC\" \/>\n<meta property=\"article:modified_time\" content=\"2025-05-09T19:18:40+00:00\" \/>\n<meta property=\"og:image\" content=\"https:\/\/clevelandrapecrisis.org\/wp-content\/uploads\/2017\/08\/CRCC_Signage.jpg\" \/>\n\t<meta property=\"og:image:width\" content=\"800\" \/>\n\t<meta property=\"og:image:height\" content=\"400\" \/>\n\t<meta property=\"og:image:type\" content=\"image\/jpeg\" \/>\n<meta name=\"twitter:card\" content=\"summary_large_image\" \/>\n<meta name=\"twitter:label1\" content=\"Est. reading time\" \/>\n\t<meta name=\"twitter:data1\" content=\"1 minuto\" \/>\n<script type=\"application\/ld+json\" class=\"yoast-schema-graph\">{\"@context\":\"https:\/\/schema.org\",\"@graph\":[{\"@type\":\"WebPage\",\"@id\":\"https:\/\/clevelandrapecrisis.org\/about-us\/news-and-announcements\/\",\"url\":\"https:\/\/clevelandrapecrisis.org\/about-us\/news-and-announcements\/\",\"name\":\"Noticias y anuncios del Cleveland Rape Crisis Center\",\"isPartOf\":{\"@id\":\"https:\/\/clevelandrapecrisis.org\/#website\"},\"datePublished\":\"2017-08-31T05:07:43+00:00\",\"dateModified\":\"2025-05-09T19:18:40+00:00\",\"description\":\"Encuentre las \u00faltimas noticias, informaci\u00f3n sobre cambios y actualizaciones para Cleveland Rape Crisis Center, incluidos programas e informaci\u00f3n sobre beneficios.\",\"breadcrumb\":{\"@id\":\"https:\/\/clevelandrapecrisis.org\/about-us\/news-and-announcements\/#breadcrumb\"},\"inLanguage\":\"es\",\"potentialAction\":[{\"@type\":\"ReadAction\",\"target\":[\"https:\/\/clevelandrapecrisis.org\/about-us\/news-and-announcements\/\"]}]},{\"@type\":\"BreadcrumbList\",\"@id\":\"https:\/\/clevelandrapecrisis.org\/about-us\/news-and-announcements\/#breadcrumb\",\"itemListElement\":[{\"@type\":\"ListItem\",\"position\":1,\"name\":\"Home\",\"item\":\"https:\/\/clevelandrapecrisis.org\/\"},{\"@type\":\"ListItem\",\"position\":2,\"name\":\"Noticias y anuncios\"}]},{\"@type\":\"WebSite\",\"@id\":\"https:\/\/clevelandrapecrisis.org\/#website\",\"url\":\"https:\/\/clevelandrapecrisis.org\/\",\"name\":\"CRCC\",\"description\":\"Cleveland Rape Crisis Center\",\"potentialAction\":[{\"@type\":\"SearchAction\",\"target\":{\"@type\":\"EntryPoint\",\"urlTemplate\":\"https:\/\/clevelandrapecrisis.org\/?s={search_term_string}\"},\"query-input\":{\"@type\":\"PropertyValueSpecification\",\"valueRequired\":true,\"valueName\":\"search_term_string\"}}],\"inLanguage\":\"es\"}]}<\/script>\n<!-- \/ Yoast SEO Premium plugin. -->","yoast_head_json":{"title":"Noticias y anuncios del Cleveland Rape Crisis Center","description":"Encuentre las \u00faltimas noticias, informaci\u00f3n sobre cambios y actualizaciones para Cleveland Rape Crisis Center, incluidos programas e informaci\u00f3n sobre beneficios.","robots":{"index":"index","follow":"follow","max-snippet":"max-snippet:-1","max-image-preview":"max-image-preview:large","max-video-preview":"max-video-preview:-1"},"canonical":"https:\/\/clevelandrapecrisis.org\/about-us\/news-and-announcements\/","og_locale":"es_ES","og_type":"article","og_title":"Noticias y anuncios","og_description":"Encuentre las \u00faltimas noticias, informaci\u00f3n sobre cambios y actualizaciones para Cleveland Rape Crisis Center, incluidos programas e informaci\u00f3n sobre beneficios.","og_url":"https:\/\/clevelandrapecrisis.org\/about-us\/news-and-announcements\/","og_site_name":"CRCC","article_modified_time":"2025-05-09T19:18:40+00:00","og_image":[{"width":800,"height":400,"url":"https:\/\/clevelandrapecrisis.org\/wp-content\/uploads\/2017\/08\/CRCC_Signage.jpg","type":"image\/jpeg"}],"twitter_card":"summary_large_image","twitter_misc":{"Est. reading time":"1 minuto"},"schema":{"@context":"https:\/\/schema.org","@graph":[{"@type":"WebPage","@id":"https:\/\/clevelandrapecrisis.org\/about-us\/news-and-announcements\/","url":"https:\/\/clevelandrapecrisis.org\/about-us\/news-and-announcements\/","name":"Noticias y anuncios del Cleveland Rape Crisis Center","isPartOf":{"@id":"https:\/\/clevelandrapecrisis.org\/#website"},"datePublished":"2017-08-31T05:07:43+00:00","dateModified":"2025-05-09T19:18:40+00:00","description":"Encuentre las \u00faltimas noticias, informaci\u00f3n sobre cambios y actualizaciones para Cleveland Rape Crisis Center, incluidos programas e informaci\u00f3n sobre beneficios.","breadcrumb":{"@id":"https:\/\/clevelandrapecrisis.org\/about-us\/news-and-announcements\/#breadcrumb"},"inLanguage":"es","potentialAction":[{"@type":"ReadAction","target":["https:\/\/clevelandrapecrisis.org\/about-us\/news-and-announcements\/"]}]},{"@type":"BreadcrumbList","@id":"https:\/\/clevelandrapecrisis.org\/about-us\/news-and-announcements\/#breadcrumb","itemListElement":[{"@type":"ListItem","position":1,"name":"Home","item":"https:\/\/clevelandrapecrisis.org\/"},{"@type":"ListItem","position":2,"name":"Noticias y anuncios"}]},{"@type":"WebSite","@id":"https:\/\/clevelandrapecrisis.org\/#website","url":"https:\/\/clevelandrapecrisis.org\/","name":"CRCC","description":"Cleveland Rape Crisis Center","potentialAction":[{"@type":"SearchAction","target":{"@type":"EntryPoint","urlTemplate":"https:\/\/clevelandrapecrisis.org\/?s={search_term_string}"},"query-input":{"@type":"PropertyValueSpecification","valueRequired":true,"valueName":"search_term_string"}}],"inLanguage":"es"}]}},"_links":{"self":[{"href":"https:\/\/clevelandrapecrisis.org\/es\/wp-json\/wp\/v2\/pages\/40755","targetHints":{"allow":["GET"]}}],"collection":[{"href":"https:\/\/clevelandrapecrisis.org\/es\/wp-json\/wp\/v2\/pages"}],"about":[{"href":"https:\/\/clevelandrapecrisis.org\/es\/wp-json\/wp\/v2\/types\/page"}],"author":[{"embeddable":true,"href":"https:\/\/clevelandrapecrisis.org\/es\/wp-json\/wp\/v2\/users\/3"}],"replies":[{"embeddable":true,"href":"https:\/\/clevelandrapecrisis.org\/es\/wp-json\/wp\/v2\/comments?post=40755"}],"version-history":[{"count":4,"href":"https:\/\/clevelandrapecrisis.org\/es\/wp-json\/wp\/v2\/pages\/40755\/revisions"}],"predecessor-version":[{"id":40767,"href":"https:\/\/clevelandrapecrisis.org\/es\/wp-json\/wp\/v2\/pages\/40755\/revisions\/40767"}],"wp:attachment":[{"href":"https:\/\/clevelandrapecrisis.org\/es\/wp-json\/wp\/v2\/media?parent=40755"}],"curies":[{"name":"wp","href":"https:\/\/api.w.org\/{rel}","templated":true}]}}