{"id":40749,"date":"2017-08-31T04:15:55","date_gmt":"2017-08-31T04:15:55","guid":{"rendered":"https:\/\/clevelandrapecrisis.org\/mission-and-history\/"},"modified":"2025-05-09T19:18:34","modified_gmt":"2025-05-09T19:18:34","slug":"mission-and-history","status":"publish","type":"page","link":"https:\/\/clevelandrapecrisis.org\/es\/mission-and-history\/","title":{"rendered":"Misi\u00f3n e Historia"},"content":{"rendered":"<h2>\u00a0<\/h2>\n<p><img loading=\"lazy\" decoding=\"async\" class=\"alignnone wp-image-907\" src=\"https:\/\/clevelandrapecrisis.org\/wp-content\/uploads\/2017\/08\/CRCC_Signage-300x150.jpg\" alt=\"\" width=\"500\" height=\"250\" srcset=\"https:\/\/clevelandrapecrisis.org\/wp-content\/uploads\/2017\/08\/CRCC_Signage-300x150.jpg 300w, https:\/\/clevelandrapecrisis.org\/wp-content\/uploads\/2017\/08\/CRCC_Signage-768x384.jpg 768w, https:\/\/clevelandrapecrisis.org\/wp-content\/uploads\/2017\/08\/CRCC_Signage.jpg 800w\" sizes=\"auto, (max-width: 500px) 100vw, 500px\" \/><\/p>\n<h2>Visi\u00f3n<\/h2>\n<p>Nuestra visi\u00f3n es la eliminaci\u00f3n de la violencia sexual.<\/p>\n<h2>Misi\u00f3n<\/h2>\n<p>El Cleveland Rape Crisis Center apoya a los sobrevivientes de violaci\u00f3n y abuso sexual, promueve la curaci\u00f3n y la prevenci\u00f3n y aboga por el cambio social.<\/p>\n<h2>Historia<\/h2>\n<p>El Cleveland Rape Crisis Center se fund\u00f3 en 1974 en respuesta a la necesidad de larga data de Cleveland de contar con servicios para ayudar a los sobrevivientes de agresi\u00f3n sexual.<\/p>\n<p>Antes de la d\u00e9cada de 1970, la mayor\u00eda de las personas que hab\u00edan sufrido abusos sexuales lo sufr\u00edan en silencio. Sentimientos de culpa, verg\u00fcenza o miedo impidieron que estas mujeres, ni\u00f1os y hombres hablaran abiertamente, y mucho menos denunciaran, sus agresiones. S\u00f3lo en los \u00faltimos a\u00f1os se ha roto su silencio, en parte por su indignaci\u00f3n y su negativa a aceptar culpas injustificadas, y en parte por saber que otros estar\u00e1n all\u00ed para apoyarlos.<\/p>\n<p>Lynn Hammond y Carrie Zander fundaron la <a href=\"https:\/\/clevelandrapecrisis.org\/es\/crisis-and-support-hotline\/\">l\u00ednea directa<\/a> del Cleveland Rape Crisis Center en 1974. Una subvenci\u00f3n de las fundaciones Cleveland y George Gund les permiti\u00f3 ampliar el servicio de la l\u00ednea directa y contratar a cuatro miembros del personal a tiempo completo: Lynn Hammond, Carrie Zander, Lorraine Schalamon y Jeanne Van Atta.<\/p>\n<p>A lo largo de los a\u00f1os, Cleveland Rape Crisis Center ha crecido desde un servicio <a href=\"https:\/\/clevelandrapecrisis.org\/es\/services\/individual-counseling\/\">de<\/a> l\u00ednea directa dirigido por voluntarios y <a href=\"https:\/\/clevelandrapecrisis.org\/es\/services\/victim-assistance\/\">de base para ayudar a sobrevivientes de violaci\u00f3n y abuso sexual a una organizaci\u00f3n sin fines de lucro de 80 empleados que <a href=\"https:\/\/clevelandrapecrisis.org\/services\/24-hour-services\/\">brinda<\/a> servicios de asesoramiento<\/a> l\u00edderes, asistencia a v\u00edctimas en el sistema<a href=\"https:\/\/clevelandrapecrisis.org\/es\/locations\/\"> de <\/a>justicia y servicios las 24 horas para sobrevivientes de violaci\u00f3n y abuso sexual en los condados de Cuyahoga, Geauga, Lake y Ashtabula.<\/p>\n<hr>\n<p>Lea sobre los valores <a href=\"https:\/\/clevelandrapecrisis.org\/about-us\/mission-and-history\/core-values-guiding-principles\/\">fundamentales y principios<\/a> rectores del Cleveland Rape Crisis Center.<\/p>\n","protected":false},"excerpt":{"rendered":"<p>\u00a0 Visi\u00f3n Nuestra visi\u00f3n es la eliminaci\u00f3n de la violencia sexual. Misi\u00f3n El Cleveland Rape Crisis Center apoya a los sobrevivientes de violaci\u00f3n y abuso sexual, promueve la curaci\u00f3n y la prevenci\u00f3n y aboga por el cambio social. Historia El Cleveland Rape Crisis Center se fund\u00f3 en 1974 en respuesta a la necesidad de larga<\/p>\n","protected":false},"author":3,"featured_media":0,"parent":0,"menu_order":1,"comment_status":"closed","ping_status":"closed","template":"page.php","meta":{"_acf_changed":false,"footnotes":""},"class_list":["post-40749","page","type-page","status-publish","hentry"],"acf":[],"yoast_head":"<!-- This site is optimized with the Yoast SEO Premium plugin v26.8 (Yoast SEO v26.8) - https:\/\/yoast.com\/product\/yoast-seo-premium-wordpress\/ -->\n<title>Misi\u00f3n e historia del Cleveland Rape Crisis Center<\/title>\n<meta name=\"description\" content=\"Obtenga m\u00e1s informaci\u00f3n sobre el Cleveland Rape Crisis Center y su misi\u00f3n de apoyar a los sobrevivientes y promover el cambio social.\" \/>\n<meta name=\"robots\" content=\"index, follow, max-snippet:-1, max-image-preview:large, max-video-preview:-1\" \/>\n<link rel=\"canonical\" href=\"https:\/\/clevelandrapecrisis.org\/about-us\/mission-and-history\/\" \/>\n<meta property=\"og:locale\" content=\"es_ES\" \/>\n<meta property=\"og:type\" content=\"article\" \/>\n<meta property=\"og:title\" content=\"Misi\u00f3n e Historia\" \/>\n<meta property=\"og:description\" content=\"Obtenga m\u00e1s informaci\u00f3n sobre el Cleveland Rape Crisis Center y su misi\u00f3n de apoyar a los sobrevivientes y promover el cambio social.\" \/>\n<meta property=\"og:url\" content=\"https:\/\/clevelandrapecrisis.org\/about-us\/mission-and-history\/\" \/>\n<meta property=\"og:site_name\" content=\"CRCC\" \/>\n<meta property=\"article:modified_time\" content=\"2025-05-09T19:18:34+00:00\" \/>\n<meta property=\"og:image\" content=\"https:\/\/clevelandrapecrisis.org\/wp-content\/uploads\/2017\/08\/CRCC_Signage.jpg\" \/>\n\t<meta property=\"og:image:width\" content=\"800\" \/>\n\t<meta property=\"og:image:height\" content=\"400\" \/>\n\t<meta property=\"og:image:type\" content=\"image\/jpeg\" \/>\n<meta name=\"twitter:card\" content=\"summary_large_image\" \/>\n<meta name=\"twitter:label1\" content=\"Est. reading time\" \/>\n\t<meta name=\"twitter:data1\" content=\"2 minutos\" \/>\n<script type=\"application\/ld+json\" class=\"yoast-schema-graph\">{\"@context\":\"https:\/\/schema.org\",\"@graph\":[{\"@type\":\"WebPage\",\"@id\":\"https:\/\/clevelandrapecrisis.org\/about-us\/mission-and-history\/\",\"url\":\"https:\/\/clevelandrapecrisis.org\/about-us\/mission-and-history\/\",\"name\":\"Misi\u00f3n e historia del Cleveland Rape Crisis Center\",\"isPartOf\":{\"@id\":\"https:\/\/clevelandrapecrisis.org\/#website\"},\"primaryImageOfPage\":{\"@id\":\"https:\/\/clevelandrapecrisis.org\/about-us\/mission-and-history\/#primaryimage\"},\"image\":{\"@id\":\"https:\/\/clevelandrapecrisis.org\/about-us\/mission-and-history\/#primaryimage\"},\"thumbnailUrl\":\"https:\/\/clevelandrapecrisis.org\/wp-content\/uploads\/2017\/08\/CRCC_Signage-300x150.jpg\",\"datePublished\":\"2017-08-31T04:15:55+00:00\",\"dateModified\":\"2025-05-09T19:18:34+00:00\",\"description\":\"Obtenga m\u00e1s informaci\u00f3n sobre el Cleveland Rape Crisis Center y su misi\u00f3n de apoyar a los sobrevivientes y promover el cambio social.\",\"breadcrumb\":{\"@id\":\"https:\/\/clevelandrapecrisis.org\/about-us\/mission-and-history\/#breadcrumb\"},\"inLanguage\":\"es\",\"potentialAction\":[{\"@type\":\"ReadAction\",\"target\":[\"https:\/\/clevelandrapecrisis.org\/about-us\/mission-and-history\/\"]}]},{\"@type\":\"ImageObject\",\"inLanguage\":\"es\",\"@id\":\"https:\/\/clevelandrapecrisis.org\/about-us\/mission-and-history\/#primaryimage\",\"url\":\"https:\/\/clevelandrapecrisis.org\/wp-content\/uploads\/2017\/08\/CRCC_Signage-300x150.jpg\",\"contentUrl\":\"https:\/\/clevelandrapecrisis.org\/wp-content\/uploads\/2017\/08\/CRCC_Signage-300x150.jpg\"},{\"@type\":\"BreadcrumbList\",\"@id\":\"https:\/\/clevelandrapecrisis.org\/about-us\/mission-and-history\/#breadcrumb\",\"itemListElement\":[{\"@type\":\"ListItem\",\"position\":1,\"name\":\"Home\",\"item\":\"https:\/\/clevelandrapecrisis.org\/\"},{\"@type\":\"ListItem\",\"position\":2,\"name\":\"Misi\u00f3n e Historia\"}]},{\"@type\":\"WebSite\",\"@id\":\"https:\/\/clevelandrapecrisis.org\/#website\",\"url\":\"https:\/\/clevelandrapecrisis.org\/\",\"name\":\"CRCC\",\"description\":\"Cleveland Rape Crisis Center\",\"potentialAction\":[{\"@type\":\"SearchAction\",\"target\":{\"@type\":\"EntryPoint\",\"urlTemplate\":\"https:\/\/clevelandrapecrisis.org\/?s={search_term_string}\"},\"query-input\":{\"@type\":\"PropertyValueSpecification\",\"valueRequired\":true,\"valueName\":\"search_term_string\"}}],\"inLanguage\":\"es\"}]}<\/script>\n<!-- \/ Yoast SEO Premium plugin. -->","yoast_head_json":{"title":"Misi\u00f3n e historia del Cleveland Rape Crisis Center","description":"Obtenga m\u00e1s informaci\u00f3n sobre el Cleveland Rape Crisis Center y su misi\u00f3n de apoyar a los sobrevivientes y promover el cambio social.","robots":{"index":"index","follow":"follow","max-snippet":"max-snippet:-1","max-image-preview":"max-image-preview:large","max-video-preview":"max-video-preview:-1"},"canonical":"https:\/\/clevelandrapecrisis.org\/about-us\/mission-and-history\/","og_locale":"es_ES","og_type":"article","og_title":"Misi\u00f3n e Historia","og_description":"Obtenga m\u00e1s informaci\u00f3n sobre el Cleveland Rape Crisis Center y su misi\u00f3n de apoyar a los sobrevivientes y promover el cambio social.","og_url":"https:\/\/clevelandrapecrisis.org\/about-us\/mission-and-history\/","og_site_name":"CRCC","article_modified_time":"2025-05-09T19:18:34+00:00","og_image":[{"width":800,"height":400,"url":"https:\/\/clevelandrapecrisis.org\/wp-content\/uploads\/2017\/08\/CRCC_Signage.jpg","type":"image\/jpeg"}],"twitter_card":"summary_large_image","twitter_misc":{"Est. reading time":"2 minutos"},"schema":{"@context":"https:\/\/schema.org","@graph":[{"@type":"WebPage","@id":"https:\/\/clevelandrapecrisis.org\/about-us\/mission-and-history\/","url":"https:\/\/clevelandrapecrisis.org\/about-us\/mission-and-history\/","name":"Misi\u00f3n e historia del Cleveland Rape Crisis Center","isPartOf":{"@id":"https:\/\/clevelandrapecrisis.org\/#website"},"primaryImageOfPage":{"@id":"https:\/\/clevelandrapecrisis.org\/about-us\/mission-and-history\/#primaryimage"},"image":{"@id":"https:\/\/clevelandrapecrisis.org\/about-us\/mission-and-history\/#primaryimage"},"thumbnailUrl":"https:\/\/clevelandrapecrisis.org\/wp-content\/uploads\/2017\/08\/CRCC_Signage-300x150.jpg","datePublished":"2017-08-31T04:15:55+00:00","dateModified":"2025-05-09T19:18:34+00:00","description":"Obtenga m\u00e1s informaci\u00f3n sobre el Cleveland Rape Crisis Center y su misi\u00f3n de apoyar a los sobrevivientes y promover el cambio social.","breadcrumb":{"@id":"https:\/\/clevelandrapecrisis.org\/about-us\/mission-and-history\/#breadcrumb"},"inLanguage":"es","potentialAction":[{"@type":"ReadAction","target":["https:\/\/clevelandrapecrisis.org\/about-us\/mission-and-history\/"]}]},{"@type":"ImageObject","inLanguage":"es","@id":"https:\/\/clevelandrapecrisis.org\/about-us\/mission-and-history\/#primaryimage","url":"https:\/\/clevelandrapecrisis.org\/wp-content\/uploads\/2017\/08\/CRCC_Signage-300x150.jpg","contentUrl":"https:\/\/clevelandrapecrisis.org\/wp-content\/uploads\/2017\/08\/CRCC_Signage-300x150.jpg"},{"@type":"BreadcrumbList","@id":"https:\/\/clevelandrapecrisis.org\/about-us\/mission-and-history\/#breadcrumb","itemListElement":[{"@type":"ListItem","position":1,"name":"Home","item":"https:\/\/clevelandrapecrisis.org\/"},{"@type":"ListItem","position":2,"name":"Misi\u00f3n e Historia"}]},{"@type":"WebSite","@id":"https:\/\/clevelandrapecrisis.org\/#website","url":"https:\/\/clevelandrapecrisis.org\/","name":"CRCC","description":"Cleveland Rape Crisis Center","potentialAction":[{"@type":"SearchAction","target":{"@type":"EntryPoint","urlTemplate":"https:\/\/clevelandrapecrisis.org\/?s={search_term_string}"},"query-input":{"@type":"PropertyValueSpecification","valueRequired":true,"valueName":"search_term_string"}}],"inLanguage":"es"}]}},"_links":{"self":[{"href":"https:\/\/clevelandrapecrisis.org\/es\/wp-json\/wp\/v2\/pages\/40749","targetHints":{"allow":["GET"]}}],"collection":[{"href":"https:\/\/clevelandrapecrisis.org\/es\/wp-json\/wp\/v2\/pages"}],"about":[{"href":"https:\/\/clevelandrapecrisis.org\/es\/wp-json\/wp\/v2\/types\/page"}],"author":[{"embeddable":true,"href":"https:\/\/clevelandrapecrisis.org\/es\/wp-json\/wp\/v2\/users\/3"}],"replies":[{"embeddable":true,"href":"https:\/\/clevelandrapecrisis.org\/es\/wp-json\/wp\/v2\/comments?post=40749"}],"version-history":[{"count":5,"href":"https:\/\/clevelandrapecrisis.org\/es\/wp-json\/wp\/v2\/pages\/40749\/revisions"}],"predecessor-version":[{"id":40763,"href":"https:\/\/clevelandrapecrisis.org\/es\/wp-json\/wp\/v2\/pages\/40749\/revisions\/40763"}],"wp:attachment":[{"href":"https:\/\/clevelandrapecrisis.org\/es\/wp-json\/wp\/v2\/media?parent=40749"}],"curies":[{"name":"wp","href":"https:\/\/api.w.org\/{rel}","templated":true}]}}