{"id":40746,"date":"2017-08-31T05:12:18","date_gmt":"2017-08-31T05:12:18","guid":{"rendered":"https:\/\/clevelandrapecrisis.org\/services\/"},"modified":"2025-05-09T19:12:35","modified_gmt":"2025-05-09T19:12:35","slug":"services","status":"publish","type":"page","link":"https:\/\/clevelandrapecrisis.org\/es\/services\/","title":{"rendered":"Servicios"},"content":{"rendered":"<p><strong>Preg\u00fantale a alguien que sepa. Habla con alguien a quien le importe.<\/strong><\/p>\n<p>No importa si fue ayer o hace d\u00e9cadas, estamos aqu\u00ed para ayudarte. El Centro de Crisis por Violaci\u00f3n de Cleveland brinda servicios a sobrevivientes de violaci\u00f3n y abuso sexual, sin importar su identidad de g\u00e9nero, raza, edad o preferencia religiosa, y a sus seres queridos.<\/p>\n<ul>\n<li><a href=\"https:\/\/clevelandrapecrisis.org\/services\/24-hour-services\/\">L\u00ednea directa de crisis y apoyo las 24 horas<\/a><\/li>\n<li><a href=\"https:\/\/clevelandrapecrisis.org\/es\/victim-assistance\/\">Defensa durante el proceso de justicia penal<\/a><\/li>\n<li><a href=\"https:\/\/clevelandrapecrisis.org\/es\/individual-counseling\/\">Asesoramiento individual<\/a> para sobrevivientes y sus seres queridos.<\/li>\n<li><a href=\"https:\/\/clevelandrapecrisis.org\/es\/child-and-family-services\/\">Asesoramiento infantil y familiar<\/a><\/li>\n<li><a href=\"https:\/\/clevelandrapecrisis.org\/es\/support-groups\/\">Grupos de apoyo para mujeres, hombres, padres y j\u00f3venes.<\/a><\/li>\n<li>Apoyo a los <a href=\"https:\/\/clevelandrapecrisis.org\/services\/project-star\/\">sobrevivientes de la trata con fines de explotaci\u00f3n sexual y laboral<\/a><\/li>\n<li><a href=\"https:\/\/clevelandrapecrisis.org\/services\/servicios\/\">Apoyo a sobrevivientes latinas y latinos hispanohablantes<\/a><\/li>\n<li><a href=\"https:\/\/clevelandrapecrisis.org\/services\/campus-services\/\">Servicios para estudiantes universitarios afectados por agresi\u00f3n sexual<\/a><\/li>\n<li><a href=\"https:\/\/clevelandrapecrisis.org\/es\/at-the-hospital\/\">Apoyo hospitalario<\/a><\/li>\n<li><a href=\"https:\/\/clevelandrapecrisis.org\/es\/at-a-police-station\/\">Apoyo en Comisar\u00edas de Polic\u00eda<\/a><\/li>\n<li><a href=\"https:\/\/clevelandrapecrisis.org\/es\/deaf-access\/\">Apoyo para sobrevivientes sordos y con dificultades auditivas<\/a><\/li>\n<\/ul>\n<div class=\"learn-more\">\n   <a href=\"&quot;https:\/\/clevelandrapecrisis.org\/contact\/request-an-appointment\/&quot;\">&quot;Programar<\/a>\n   <p> &quot;Llama<\/p>\n<\/div>\n<p>Si necesitas un int\u00e9rprete, el Centro de Crisis por Violaci\u00f3n de Cleveland te solicitar\u00e1 uno sin costo alguno (gratis). <\/p>\n<p>El Centro de Crisis por Violaci\u00f3n de Cleveland se compromete a ofrecer la m\u00e1s alta calidad de servicios para nuestros clientes. Conozca m\u00e1s sobre nuestro <a href=\"https:\/\/clevelandrapecrisis.org\/about-us\/commitment-to-quality\/\">compromiso con la calidad<\/a>.<\/p>\n<p>Tu confidencialidad es importante para nosotros. Trabajamos para proteger tus derechos con todo el alcance de la ley.<\/p>\n<p>&nbsp;<\/p>\n","protected":false},"excerpt":{"rendered":"<p>Preg\u00fantale a alguien que sepa. Habla con alguien a quien le importe. No importa si fue ayer o hace d\u00e9cadas, estamos aqu\u00ed para ayudarte. El Centro de Crisis por Violaci\u00f3n de Cleveland brinda servicios a sobrevivientes de violaci\u00f3n y abuso sexual, sin importar su identidad de g\u00e9nero, raza, edad o preferencia religiosa, y a sus<\/p>\n","protected":false},"author":3,"featured_media":0,"parent":0,"menu_order":0,"comment_status":"closed","ping_status":"closed","template":"page-with-image-ribbon.php","meta":{"_acf_changed":false,"footnotes":""},"class_list":["post-40746","page","type-page","status-publish","hentry"],"acf":[],"yoast_head":"<!-- This site is optimized with the Yoast SEO Premium plugin v26.8 (Yoast SEO v26.8) - https:\/\/yoast.com\/product\/yoast-seo-premium-wordpress\/ -->\n<title>Apoyo para v\u00edctimas de violaci\u00f3n y agresi\u00f3n sexual | Centro de Crisis por Violaci\u00f3n de Cleveland<\/title>\n<meta name=\"description\" content=\"El Centro de Crisis por Violaci\u00f3n de Cleveland brinda servicios a todos los sobrevivientes de violaci\u00f3n y abuso sexual, incluida una l\u00ednea directa de crisis, apoyo hospitalario y asesoramiento.\" \/>\n<meta name=\"robots\" content=\"index, follow, max-snippet:-1, max-image-preview:large, max-video-preview:-1\" \/>\n<link rel=\"canonical\" href=\"https:\/\/clevelandrapecrisis.org\/services\/\" \/>\n<meta property=\"og:locale\" content=\"es_ES\" \/>\n<meta property=\"og:type\" content=\"article\" \/>\n<meta property=\"og:title\" content=\"Servicios para sobrevivientes de violaci\u00f3n y abuso sexual del Centro de Crisis por Violaci\u00f3n de Cleveland\" \/>\n<meta property=\"og:description\" content=\"El Centro de Crisis por Violaci\u00f3n de Cleveland brinda servicios a todos los sobrevivientes de violaci\u00f3n y abuso sexual, incluida una l\u00ednea directa de crisis, apoyo hospitalario y asesoramiento.\" \/>\n<meta property=\"og:url\" content=\"https:\/\/clevelandrapecrisis.org\/services\/\" \/>\n<meta property=\"og:site_name\" content=\"CRCC\" \/>\n<meta property=\"article:modified_time\" content=\"2025-05-09T19:12:35+00:00\" \/>\n<meta property=\"og:image\" content=\"https:\/\/clevelandrapecrisis.org\/wp-content\/uploads\/2017\/08\/Services-1.jpg\" \/>\n\t<meta property=\"og:image:width\" content=\"500\" \/>\n\t<meta property=\"og:image:height\" content=\"372\" \/>\n\t<meta property=\"og:image:type\" content=\"image\/jpeg\" \/>\n<meta name=\"twitter:card\" content=\"summary_large_image\" \/>\n<meta name=\"twitter:title\" content=\"Servicios\" \/>\n<meta name=\"twitter:label1\" content=\"Est. reading time\" \/>\n\t<meta name=\"twitter:data1\" content=\"1 minuto\" \/>\n<script type=\"application\/ld+json\" class=\"yoast-schema-graph\">{\"@context\":\"https:\/\/schema.org\",\"@graph\":[{\"@type\":\"WebPage\",\"@id\":\"https:\/\/clevelandrapecrisis.org\/services\/\",\"url\":\"https:\/\/clevelandrapecrisis.org\/services\/\",\"name\":\"Apoyo para v\u00edctimas de violaci\u00f3n y agresi\u00f3n sexual | Centro de Crisis por Violaci\u00f3n de Cleveland\",\"isPartOf\":{\"@id\":\"https:\/\/clevelandrapecrisis.org\/#website\"},\"datePublished\":\"2017-08-31T05:12:18+00:00\",\"dateModified\":\"2025-05-09T19:12:35+00:00\",\"description\":\"El Centro de Crisis por Violaci\u00f3n de Cleveland brinda servicios a todos los sobrevivientes de violaci\u00f3n y abuso sexual, incluida una l\u00ednea directa de crisis, apoyo hospitalario y asesoramiento.\",\"breadcrumb\":{\"@id\":\"https:\/\/clevelandrapecrisis.org\/services\/#breadcrumb\"},\"inLanguage\":\"es\",\"potentialAction\":[{\"@type\":\"ReadAction\",\"target\":[\"https:\/\/clevelandrapecrisis.org\/services\/\"]}]},{\"@type\":\"BreadcrumbList\",\"@id\":\"https:\/\/clevelandrapecrisis.org\/services\/#breadcrumb\",\"itemListElement\":[{\"@type\":\"ListItem\",\"position\":1,\"name\":\"Home\",\"item\":\"https:\/\/clevelandrapecrisis.org\/\"},{\"@type\":\"ListItem\",\"position\":2,\"name\":\"Servicios\"}]},{\"@type\":\"WebSite\",\"@id\":\"https:\/\/clevelandrapecrisis.org\/#website\",\"url\":\"https:\/\/clevelandrapecrisis.org\/\",\"name\":\"CRCC\",\"description\":\"Cleveland Rape Crisis Center\",\"potentialAction\":[{\"@type\":\"SearchAction\",\"target\":{\"@type\":\"EntryPoint\",\"urlTemplate\":\"https:\/\/clevelandrapecrisis.org\/?s={search_term_string}\"},\"query-input\":{\"@type\":\"PropertyValueSpecification\",\"valueRequired\":true,\"valueName\":\"search_term_string\"}}],\"inLanguage\":\"es\"}]}<\/script>\n<!-- \/ Yoast SEO Premium plugin. -->","yoast_head_json":{"title":"Apoyo para v\u00edctimas de violaci\u00f3n y agresi\u00f3n sexual | Centro de Crisis por Violaci\u00f3n de Cleveland","description":"El Centro de Crisis por Violaci\u00f3n de Cleveland brinda servicios a todos los sobrevivientes de violaci\u00f3n y abuso sexual, incluida una l\u00ednea directa de crisis, apoyo hospitalario y asesoramiento.","robots":{"index":"index","follow":"follow","max-snippet":"max-snippet:-1","max-image-preview":"max-image-preview:large","max-video-preview":"max-video-preview:-1"},"canonical":"https:\/\/clevelandrapecrisis.org\/services\/","og_locale":"es_ES","og_type":"article","og_title":"Servicios para sobrevivientes de violaci\u00f3n y abuso sexual del Centro de Crisis por Violaci\u00f3n de Cleveland","og_description":"El Centro de Crisis por Violaci\u00f3n de Cleveland brinda servicios a todos los sobrevivientes de violaci\u00f3n y abuso sexual, incluida una l\u00ednea directa de crisis, apoyo hospitalario y asesoramiento.","og_url":"https:\/\/clevelandrapecrisis.org\/services\/","og_site_name":"CRCC","article_modified_time":"2025-05-09T19:12:35+00:00","og_image":[{"width":500,"height":372,"url":"https:\/\/clevelandrapecrisis.org\/wp-content\/uploads\/2017\/08\/Services-1.jpg","type":"image\/jpeg"}],"twitter_card":"summary_large_image","twitter_title":"Servicios","twitter_misc":{"Est. reading time":"1 minuto"},"schema":{"@context":"https:\/\/schema.org","@graph":[{"@type":"WebPage","@id":"https:\/\/clevelandrapecrisis.org\/services\/","url":"https:\/\/clevelandrapecrisis.org\/services\/","name":"Apoyo para v\u00edctimas de violaci\u00f3n y agresi\u00f3n sexual | Centro de Crisis por Violaci\u00f3n de Cleveland","isPartOf":{"@id":"https:\/\/clevelandrapecrisis.org\/#website"},"datePublished":"2017-08-31T05:12:18+00:00","dateModified":"2025-05-09T19:12:35+00:00","description":"El Centro de Crisis por Violaci\u00f3n de Cleveland brinda servicios a todos los sobrevivientes de violaci\u00f3n y abuso sexual, incluida una l\u00ednea directa de crisis, apoyo hospitalario y asesoramiento.","breadcrumb":{"@id":"https:\/\/clevelandrapecrisis.org\/services\/#breadcrumb"},"inLanguage":"es","potentialAction":[{"@type":"ReadAction","target":["https:\/\/clevelandrapecrisis.org\/services\/"]}]},{"@type":"BreadcrumbList","@id":"https:\/\/clevelandrapecrisis.org\/services\/#breadcrumb","itemListElement":[{"@type":"ListItem","position":1,"name":"Home","item":"https:\/\/clevelandrapecrisis.org\/"},{"@type":"ListItem","position":2,"name":"Servicios"}]},{"@type":"WebSite","@id":"https:\/\/clevelandrapecrisis.org\/#website","url":"https:\/\/clevelandrapecrisis.org\/","name":"CRCC","description":"Cleveland Rape Crisis Center","potentialAction":[{"@type":"SearchAction","target":{"@type":"EntryPoint","urlTemplate":"https:\/\/clevelandrapecrisis.org\/?s={search_term_string}"},"query-input":{"@type":"PropertyValueSpecification","valueRequired":true,"valueName":"search_term_string"}}],"inLanguage":"es"}]}},"_links":{"self":[{"href":"https:\/\/clevelandrapecrisis.org\/es\/wp-json\/wp\/v2\/pages\/40746","targetHints":{"allow":["GET"]}}],"collection":[{"href":"https:\/\/clevelandrapecrisis.org\/es\/wp-json\/wp\/v2\/pages"}],"about":[{"href":"https:\/\/clevelandrapecrisis.org\/es\/wp-json\/wp\/v2\/types\/page"}],"author":[{"embeddable":true,"href":"https:\/\/clevelandrapecrisis.org\/es\/wp-json\/wp\/v2\/users\/3"}],"replies":[{"embeddable":true,"href":"https:\/\/clevelandrapecrisis.org\/es\/wp-json\/wp\/v2\/comments?post=40746"}],"version-history":[{"count":2,"href":"https:\/\/clevelandrapecrisis.org\/es\/wp-json\/wp\/v2\/pages\/40746\/revisions"}],"predecessor-version":[{"id":40748,"href":"https:\/\/clevelandrapecrisis.org\/es\/wp-json\/wp\/v2\/pages\/40746\/revisions\/40748"}],"wp:attachment":[{"href":"https:\/\/clevelandrapecrisis.org\/es\/wp-json\/wp\/v2\/media?parent=40746"}],"curies":[{"name":"wp","href":"https:\/\/api.w.org\/{rel}","templated":true}]}}