{"id":40731,"date":"2017-08-31T05:02:30","date_gmt":"2017-08-31T05:02:30","guid":{"rendered":"https:\/\/clevelandrapecrisis.org\/ashtabula-office\/"},"modified":"2025-05-09T19:12:24","modified_gmt":"2025-05-09T19:12:24","slug":"ashtabula-office","status":"publish","type":"page","link":"https:\/\/clevelandrapecrisis.org\/es\/locations\/ashtabula-office\/","title":{"rendered":"Oficina de Ashtabula"},"content":{"rendered":"<p><strong>Estamos aqu\u00ed para usted en Ashtabula.<\/strong><\/p>\n<p>La oficina de Ashtabula del Centro de Crisis por Violaci\u00f3n de Cleveland brinda acceso conveniente a servicios integrales para sobrevivientes de violaci\u00f3n y abuso sexual para residentes del condado de Ashtabula y comunidades aleda\u00f1as.<\/p>\n<p>Los servicios incluyen asesoramiento para adultos, ni\u00f1os y familias; grupos de apoyo y defensa de las v\u00edctimas.<\/p>\n<h2>[deslizador enorme id=&quot;4&quot;]<\/h2>\n<h2>Ubicaci\u00f3n<\/h2>\n<p><a href=\"https:\/\/www.google.com\/maps\/dir\/5021+State+Rd,+Ashtabula,+OH+44004\/@41.8612732,-80.7726296,17z\/data=!4m16!1m7!3m6!1s0x8832202bc266ab97:0x2eb4b2944e4a5bf8!2s5021+State+Rd,+Ashtabula,+OH+44004!3b1!8m2!3d41.8612732!4d-80.7704356!4m7!1m0!1m5!1m1!1s0x8832202bc266ab97:0x2eb4b2944e4a5bf8!2m2!1d-80.7704356!2d41.8612732\" target=\"_blank\" rel=\"noopener noreferrer\">5021 State Road, Ashtabula, Ohio 44004<\/a><br \/>\n<a href=\"tel:4403547364\">(440) 354-7364<\/a> Tel\u00e9fono de la oficina<\/p>\n<h2>Horas<\/h2>\n<p>Lunes: 9:00 am &#8211; 5:00 pm<br \/>\nMartes: 11:00 am &#8211; 7:00 pm<br \/>\nMi\u00e9rcoles: 9:00 am &#8211; 5:00 pm<br \/>\nJueves: 9:00 am &#8211; 5:00 pm<br \/>\nViernes: Solo citas virtuales<\/p>\n<h2>Servicios ofrecidos<\/h2>\n<ul>\n<li><a href=\"https:\/\/clevelandrapecrisis.org\/es\/individual-counseling\/\">Asesoramiento individual <\/a><\/li>\n<li><a href=\"https:\/\/clevelandrapecrisis.org\/es\/child-and-family-services\/\">Asesoramiento infantil y familiar <\/a><\/li>\n<li><a href=\"https:\/\/clevelandrapecrisis.org\/es\/support-groups\/\">Grupos de apoyo <\/a><\/li>\n<li><a href=\"https:\/\/clevelandrapecrisis.org\/es\/victim-assistance\/\">Defensa<\/a><\/li>\n<li>Gesti\u00f3n de casos<\/li>\n<li><a href=\"https:\/\/clevelandrapecrisis.org\/prevention-education\/\">Educaci\u00f3n de extensi\u00f3n <\/a><\/li>\n<li><a href=\"https:\/\/clevelandrapecrisis.org\/prevention-education\/professional-training\/\">Formaci\u00f3n profesional<\/a><\/li>\n<\/ul>\n<h2>Servicios disponibles de forma remota y en persona<\/h2>\n<p>Los servicios del Centro de Crisis por Violaci\u00f3n de Cleveland est\u00e1n disponibles de forma remota a trav\u00e9s de telesalud y teleservicios, as\u00ed como en persona con cita previa.<\/p>\n<h2>Instrucciones<\/h2>\n<ul>\n<li>Tome la I-90 hasta la salida 228 e incorp\u00f3rese a la OH-11 hacia Ashtabula.<\/li>\n<li>Tome la salida OH-84 \/ South Ridge Road<\/li>\n<li>Gire a la izquierda en OH-84 West \/ South Ridge Road East<\/li>\n<li>Gire a la derecha en la segunda calle transversal hacia State Road.<\/li>\n<li>La oficina est\u00e1 ubicada en la plaza al otro lado de la calle de BP.<\/li>\n<\/ul>\n<p>Ver informaci\u00f3n <a href=\"https:\/\/clevelandrapecrisis.org\/wp-content\/uploads\/2017\/08\/Ashtabula-Office-Information-and-Directions.pdf\" target=\"_blank\" rel=\"noopener noreferrer\">detallada e instrucciones<\/a> para Ashtabula (PDF).<\/p>\n<h2>Aparcamiento<\/h2>\n<p>Hay amplio aparcamiento gratuito disponible en el establecimiento.<\/p>\n<div class=\"learn-more\">\n   <a href=\"&quot;https:\/\/clevelandrapecrisis.org\/contact\/request-an-appointment\/&quot;\">&quot;Solicitar<\/a>\n   <p> &quot;Llame<\/p>\n<\/div>\n","protected":false},"excerpt":{"rendered":"<p>Estamos aqu\u00ed para usted en Ashtabula. La oficina de Ashtabula del Centro de Crisis por Violaci\u00f3n de Cleveland brinda acceso conveniente a servicios integrales para sobrevivientes de violaci\u00f3n y abuso sexual para residentes del condado de Ashtabula y comunidades aleda\u00f1as. Los servicios incluyen asesoramiento para adultos, ni\u00f1os y familias; grupos de apoyo y defensa de<\/p>\n","protected":false},"author":3,"featured_media":0,"parent":40735,"menu_order":2,"comment_status":"closed","ping_status":"closed","template":"page.php","meta":{"_acf_changed":false,"footnotes":""},"class_list":["post-40731","page","type-page","status-publish","hentry"],"acf":[],"yoast_head":"<!-- This site is optimized with the Yoast SEO Premium plugin v26.8 (Yoast SEO v26.8) - https:\/\/yoast.com\/product\/yoast-seo-premium-wordpress\/ -->\n<title>Servicios del Centro de Crisis por Violaci\u00f3n de la Oficina de Ashtabula en Cleveland<\/title>\n<meta name=\"description\" content=\"Encuentre informaci\u00f3n sobre la ubicaci\u00f3n del Centro de Crisis por Violaci\u00f3n de Cleveland en Ashtabula, incluidos servicios, informaci\u00f3n de contacto e indicaciones\" \/>\n<meta name=\"robots\" content=\"index, follow, max-snippet:-1, max-image-preview:large, max-video-preview:-1\" \/>\n<link rel=\"canonical\" href=\"https:\/\/clevelandrapecrisis.org\/about-us\/locations\/ashtabula-office\/\" \/>\n<meta property=\"og:locale\" content=\"es_ES\" \/>\n<meta property=\"og:type\" content=\"article\" \/>\n<meta property=\"og:title\" content=\"Oficina de Ashtabula | Centro de crisis por violaci\u00f3n de Cleveland\" \/>\n<meta property=\"og:description\" content=\"Obtenga informaci\u00f3n sobre los servicios, detalles de ubicaci\u00f3n y m\u00e1s en la ubicaci\u00f3n de Ashtabula del Centro de Crisis por Violaci\u00f3n de Cleveland.\" \/>\n<meta property=\"og:url\" content=\"https:\/\/clevelandrapecrisis.org\/about-us\/locations\/ashtabula-office\/\" \/>\n<meta property=\"og:site_name\" content=\"CRCC\" \/>\n<meta property=\"article:modified_time\" content=\"2025-05-09T19:12:24+00:00\" \/>\n<meta property=\"og:image\" content=\"https:\/\/clevelandrapecrisis.org\/wp-content\/uploads\/2017\/12\/Ashtabula-Exterior-Office.jpg\" \/>\n\t<meta property=\"og:image:width\" content=\"1008\" \/>\n\t<meta property=\"og:image:height\" content=\"672\" \/>\n\t<meta property=\"og:image:type\" content=\"image\/jpeg\" \/>\n<meta name=\"twitter:card\" content=\"summary_large_image\" \/>\n<meta name=\"twitter:title\" content=\"Oficina de Ashtabula\" \/>\n<meta name=\"twitter:label1\" content=\"Est. reading time\" \/>\n\t<meta name=\"twitter:data1\" content=\"1 minuto\" \/>\n<script type=\"application\/ld+json\" class=\"yoast-schema-graph\">{\"@context\":\"https:\/\/schema.org\",\"@graph\":[{\"@type\":\"WebPage\",\"@id\":\"https:\/\/clevelandrapecrisis.org\/about-us\/locations\/ashtabula-office\/\",\"url\":\"https:\/\/clevelandrapecrisis.org\/about-us\/locations\/ashtabula-office\/\",\"name\":\"Servicios del Centro de Crisis por Violaci\u00f3n de la Oficina de Ashtabula en Cleveland\",\"isPartOf\":{\"@id\":\"https:\/\/clevelandrapecrisis.org\/#website\"},\"datePublished\":\"2017-08-31T05:02:30+00:00\",\"dateModified\":\"2025-05-09T19:12:24+00:00\",\"description\":\"Encuentre informaci\u00f3n sobre la ubicaci\u00f3n del Centro de Crisis por Violaci\u00f3n de Cleveland en Ashtabula, incluidos servicios, informaci\u00f3n de contacto e indicaciones\",\"breadcrumb\":{\"@id\":\"https:\/\/clevelandrapecrisis.org\/about-us\/locations\/ashtabula-office\/#breadcrumb\"},\"inLanguage\":\"es\",\"potentialAction\":[{\"@type\":\"ReadAction\",\"target\":[\"https:\/\/clevelandrapecrisis.org\/about-us\/locations\/ashtabula-office\/\"]}]},{\"@type\":\"BreadcrumbList\",\"@id\":\"https:\/\/clevelandrapecrisis.org\/about-us\/locations\/ashtabula-office\/#breadcrumb\",\"itemListElement\":[{\"@type\":\"ListItem\",\"position\":1,\"name\":\"Home\",\"item\":\"https:\/\/clevelandrapecrisis.org\/\"},{\"@type\":\"ListItem\",\"position\":2,\"name\":\"Oficina de Ashtabula\"}]},{\"@type\":\"WebSite\",\"@id\":\"https:\/\/clevelandrapecrisis.org\/#website\",\"url\":\"https:\/\/clevelandrapecrisis.org\/\",\"name\":\"CRCC\",\"description\":\"Cleveland Rape Crisis Center\",\"potentialAction\":[{\"@type\":\"SearchAction\",\"target\":{\"@type\":\"EntryPoint\",\"urlTemplate\":\"https:\/\/clevelandrapecrisis.org\/?s={search_term_string}\"},\"query-input\":{\"@type\":\"PropertyValueSpecification\",\"valueRequired\":true,\"valueName\":\"search_term_string\"}}],\"inLanguage\":\"es\"}]}<\/script>\n<!-- \/ Yoast SEO Premium plugin. -->","yoast_head_json":{"title":"Servicios del Centro de Crisis por Violaci\u00f3n de la Oficina de Ashtabula en Cleveland","description":"Encuentre informaci\u00f3n sobre la ubicaci\u00f3n del Centro de Crisis por Violaci\u00f3n de Cleveland en Ashtabula, incluidos servicios, informaci\u00f3n de contacto e indicaciones","robots":{"index":"index","follow":"follow","max-snippet":"max-snippet:-1","max-image-preview":"max-image-preview:large","max-video-preview":"max-video-preview:-1"},"canonical":"https:\/\/clevelandrapecrisis.org\/about-us\/locations\/ashtabula-office\/","og_locale":"es_ES","og_type":"article","og_title":"Oficina de Ashtabula | Centro de crisis por violaci\u00f3n de Cleveland","og_description":"Obtenga informaci\u00f3n sobre los servicios, detalles de ubicaci\u00f3n y m\u00e1s en la ubicaci\u00f3n de Ashtabula del Centro de Crisis por Violaci\u00f3n de Cleveland.","og_url":"https:\/\/clevelandrapecrisis.org\/about-us\/locations\/ashtabula-office\/","og_site_name":"CRCC","article_modified_time":"2025-05-09T19:12:24+00:00","og_image":[{"width":1008,"height":672,"url":"https:\/\/clevelandrapecrisis.org\/wp-content\/uploads\/2017\/12\/Ashtabula-Exterior-Office.jpg","type":"image\/jpeg"}],"twitter_card":"summary_large_image","twitter_title":"Oficina de Ashtabula","twitter_misc":{"Est. reading time":"1 minuto"},"schema":{"@context":"https:\/\/schema.org","@graph":[{"@type":"WebPage","@id":"https:\/\/clevelandrapecrisis.org\/about-us\/locations\/ashtabula-office\/","url":"https:\/\/clevelandrapecrisis.org\/about-us\/locations\/ashtabula-office\/","name":"Servicios del Centro de Crisis por Violaci\u00f3n de la Oficina de Ashtabula en Cleveland","isPartOf":{"@id":"https:\/\/clevelandrapecrisis.org\/#website"},"datePublished":"2017-08-31T05:02:30+00:00","dateModified":"2025-05-09T19:12:24+00:00","description":"Encuentre informaci\u00f3n sobre la ubicaci\u00f3n del Centro de Crisis por Violaci\u00f3n de Cleveland en Ashtabula, incluidos servicios, informaci\u00f3n de contacto e indicaciones","breadcrumb":{"@id":"https:\/\/clevelandrapecrisis.org\/about-us\/locations\/ashtabula-office\/#breadcrumb"},"inLanguage":"es","potentialAction":[{"@type":"ReadAction","target":["https:\/\/clevelandrapecrisis.org\/about-us\/locations\/ashtabula-office\/"]}]},{"@type":"BreadcrumbList","@id":"https:\/\/clevelandrapecrisis.org\/about-us\/locations\/ashtabula-office\/#breadcrumb","itemListElement":[{"@type":"ListItem","position":1,"name":"Home","item":"https:\/\/clevelandrapecrisis.org\/"},{"@type":"ListItem","position":2,"name":"Oficina de Ashtabula"}]},{"@type":"WebSite","@id":"https:\/\/clevelandrapecrisis.org\/#website","url":"https:\/\/clevelandrapecrisis.org\/","name":"CRCC","description":"Cleveland Rape Crisis Center","potentialAction":[{"@type":"SearchAction","target":{"@type":"EntryPoint","urlTemplate":"https:\/\/clevelandrapecrisis.org\/?s={search_term_string}"},"query-input":{"@type":"PropertyValueSpecification","valueRequired":true,"valueName":"search_term_string"}}],"inLanguage":"es"}]}},"_links":{"self":[{"href":"https:\/\/clevelandrapecrisis.org\/es\/wp-json\/wp\/v2\/pages\/40731","targetHints":{"allow":["GET"]}}],"collection":[{"href":"https:\/\/clevelandrapecrisis.org\/es\/wp-json\/wp\/v2\/pages"}],"about":[{"href":"https:\/\/clevelandrapecrisis.org\/es\/wp-json\/wp\/v2\/types\/page"}],"author":[{"embeddable":true,"href":"https:\/\/clevelandrapecrisis.org\/es\/wp-json\/wp\/v2\/users\/3"}],"replies":[{"embeddable":true,"href":"https:\/\/clevelandrapecrisis.org\/es\/wp-json\/wp\/v2\/comments?post=40731"}],"version-history":[{"count":2,"href":"https:\/\/clevelandrapecrisis.org\/es\/wp-json\/wp\/v2\/pages\/40731\/revisions"}],"predecessor-version":[{"id":40733,"href":"https:\/\/clevelandrapecrisis.org\/es\/wp-json\/wp\/v2\/pages\/40731\/revisions\/40733"}],"up":[{"embeddable":true,"href":"https:\/\/clevelandrapecrisis.org\/es\/wp-json\/wp\/v2\/pages\/40735"}],"wp:attachment":[{"href":"https:\/\/clevelandrapecrisis.org\/es\/wp-json\/wp\/v2\/media?parent=40731"}],"curies":[{"name":"wp","href":"https:\/\/api.w.org\/{rel}","templated":true}]}}