{"id":40725,"date":"2017-09-18T20:25:08","date_gmt":"2017-09-18T20:25:08","guid":{"rendered":"https:\/\/clevelandrapecrisis.org\/chardon-office\/"},"modified":"2025-05-09T19:12:21","modified_gmt":"2025-05-09T19:12:21","slug":"chardon-office","status":"publish","type":"page","link":"https:\/\/clevelandrapecrisis.org\/es\/locations\/chardon-office\/","title":{"rendered":"Oficina de Chardon"},"content":{"rendered":"&#13;\n<p><strong>Estamos aqu\u00ed para usted en nuestra oficina de Chardon.<\/strong><\/p>&#13;\n&#13;\n<p>La oficina de Chardon del Centro de Crisis por Violaci\u00f3n de Cleveland brinda acceso conveniente a servicios integrales para sobrevivientes de violaci\u00f3n y abuso sexual para residentes del condado de Geauga y comunidades aleda\u00f1as. \u00a0Los servicios incluyen asesoramiento individual y asistencia a las v\u00edctimas.<\/p>&#13;\n<h2>Ubicaci\u00f3n<\/h2>&#13;\n&#13;\n<p>Ubicado en WomenSafe, The Green House, <a href=\"https:\/\/www.google.com\/maps\/dir\/12041+Ravenna+Rd,+Chardon,+OH+44024\/@41.5434814,-81.1956168,17z\/data=!4m16!1m7!3m6!1s0x88310ae2665bb2e9:0xea36dc25c1e8e3e7!2s12041+Ravenna+Rd,+Chardon,+OH+44024!3b1!8m2!3d41.5434774!4d-81.1934281!4m7!1m0!1m5!1m1!1s0x88310ae2665bb2e9:0xea36dc25c1e8e3e7!2m2!1d-81.1934281!2d41.5434774\" target=\"_blank\" rel=\"noopener noreferrer\">12041 Ravenna Road, Chardon, OH 44024<\/a><br\/>&#13;\n(440) 354-7364 Tel\u00e9fono de la oficina | (440) 286-1037 Fax de la oficina<\/p>&#13;\n&#13;\n<h2 class=\"wp-block-heading\">Horas<\/h2>&#13;\n<p>Thursdays:\u00a0 9:00 a.m. &#8211; 5:00 p.m., <strong>by appointment only<\/strong><\/p>&#13;\n<h2>Servicios ofrecidos<\/h2>&#13;\n&#13;\n<p>Asesoramiento y defensa individual<\/p>&#13;\n<h2>Servicios disponibles de forma remota y en persona<\/h2>&#13;\n<p>Los servicios de asesoramiento, defensa y gesti\u00f3n de casos del Centro de Crisis por Violaci\u00f3n de Cleveland est\u00e1n disponibles de forma remota a trav\u00e9s de telesalud y teleservicios, as\u00ed como en persona con cita previa.\u00a0<\/p>&#13;\n&#13;\n<h2 class=\"wp-block-heading\">Instrucciones<\/h2>&#13;\n&#13;\n<ul class=\"wp-block-list\">&#13;\n\t<li>Tome la I-90 hasta la salida 200 por OH-44 hacia Chardon\/Painesville<\/li>&#13;\n\t<li>Gire hacia el sur por OH-44 S y contin\u00fae 7 millas.<\/li>&#13;\n\t<li>Pasando las se\u00f1ales de Fairmount Minerals a la derecha, busque la se\u00f1al a la izquierda y el camino de entrada hacia WomenSafe, The Green House.<\/li>&#13;\n<\/ul>&#13;\n&#13;\n<h2 class=\"wp-block-heading\">Aparcamiento<\/h2>&#13;\n&#13;\n<p>Hay amplio aparcamiento gratuito disponible en el establecimiento.<\/p>&#13;\n<div class=\"learn-more\">\n   <a href=\"https:\/\/clevelandrapecrisis.org\/contact\/request-an-appointment\/\">Request an Appointment<\/a>\n   <p> Call (440) 423-2020, or request an appointment online.<\/p>\n<\/div>\n","protected":false},"excerpt":{"rendered":"<p>&#13; Estamos aqu\u00ed para usted en nuestra oficina de Chardon. &#13; &#13; La oficina de Chardon del Centro de Crisis por Violaci\u00f3n de Cleveland brinda acceso conveniente a servicios integrales para sobrevivientes de violaci\u00f3n y abuso sexual para residentes del condado de Geauga y comunidades aleda\u00f1as. \u00a0Los servicios incluyen asesoramiento individual y asistencia a las<\/p>\n","protected":false},"author":3,"featured_media":0,"parent":40735,"menu_order":4,"comment_status":"closed","ping_status":"closed","template":"page.php","meta":{"_acf_changed":false,"footnotes":""},"class_list":["post-40725","page","type-page","status-publish","hentry"],"acf":[],"yoast_head":"<!-- This site is optimized with the Yoast SEO Premium plugin v26.8 (Yoast SEO v26.8) - https:\/\/yoast.com\/product\/yoast-seo-premium-wordpress\/ -->\n<title>Oficina de Chardon para servicios del Centro de Crisis por Violaci\u00f3n de Cleveland<\/title>\n<meta name=\"description\" content=\"Obtenga m\u00e1s informaci\u00f3n sobre la oficina de Chardon de CRCC en The Green House del condado de Geauga, incluidos servicios, informaci\u00f3n de contacto y direcciones.\" \/>\n<meta name=\"robots\" content=\"index, follow, max-snippet:-1, max-image-preview:large, max-video-preview:-1\" \/>\n<link rel=\"canonical\" href=\"https:\/\/clevelandrapecrisis.org\/es\/chardon-office\/\" \/>\n<meta property=\"og:locale\" content=\"es_ES\" \/>\n<meta property=\"og:type\" content=\"article\" \/>\n<meta property=\"og:title\" content=\"Oficina de Chardon\" \/>\n<meta property=\"og:description\" content=\"Obtenga m\u00e1s informaci\u00f3n sobre la oficina de Chardon de CRCC en The Green House del condado de Geauga, incluidos servicios, informaci\u00f3n de contacto y direcciones.\" \/>\n<meta property=\"og:url\" content=\"https:\/\/clevelandrapecrisis.org\/es\/chardon-office\/\" \/>\n<meta property=\"og:site_name\" content=\"CRCC\" \/>\n<meta property=\"article:modified_time\" content=\"2025-05-09T19:12:21+00:00\" \/>\n<meta property=\"og:image\" content=\"https:\/\/clevelandrapecrisis.org\/wp-content\/uploads\/2017\/08\/CRCC_Signage.jpg\" \/>\n\t<meta property=\"og:image:width\" content=\"800\" \/>\n\t<meta property=\"og:image:height\" content=\"400\" \/>\n\t<meta property=\"og:image:type\" content=\"image\/jpeg\" \/>\n<meta name=\"twitter:card\" content=\"summary_large_image\" \/>\n<meta name=\"twitter:label1\" content=\"Est. reading time\" \/>\n\t<meta name=\"twitter:data1\" content=\"1 minuto\" \/>\n<script type=\"application\/ld+json\" class=\"yoast-schema-graph\">{\"@context\":\"https:\/\/schema.org\",\"@graph\":[{\"@type\":\"WebPage\",\"@id\":\"https:\/\/clevelandrapecrisis.org\/es\/chardon-office\/\",\"url\":\"https:\/\/clevelandrapecrisis.org\/es\/chardon-office\/\",\"name\":\"Oficina de Chardon para servicios del Centro de Crisis por Violaci\u00f3n de Cleveland\",\"isPartOf\":{\"@id\":\"https:\/\/clevelandrapecrisis.org\/#website\"},\"datePublished\":\"2017-09-18T20:25:08+00:00\",\"dateModified\":\"2025-05-09T19:12:21+00:00\",\"description\":\"Obtenga m\u00e1s informaci\u00f3n sobre la oficina de Chardon de CRCC en The Green House del condado de Geauga, incluidos servicios, informaci\u00f3n de contacto y direcciones.\",\"breadcrumb\":{\"@id\":\"https:\/\/clevelandrapecrisis.org\/es\/chardon-office\/#breadcrumb\"},\"inLanguage\":\"es\",\"potentialAction\":[{\"@type\":\"ReadAction\",\"target\":[\"https:\/\/clevelandrapecrisis.org\/es\/chardon-office\/\"]}]},{\"@type\":\"BreadcrumbList\",\"@id\":\"https:\/\/clevelandrapecrisis.org\/es\/chardon-office\/#breadcrumb\",\"itemListElement\":[{\"@type\":\"ListItem\",\"position\":1,\"name\":\"Home\",\"item\":\"https:\/\/clevelandrapecrisis.org\/\"},{\"@type\":\"ListItem\",\"position\":2,\"name\":\"Oficina de Chardon\"}]},{\"@type\":\"WebSite\",\"@id\":\"https:\/\/clevelandrapecrisis.org\/#website\",\"url\":\"https:\/\/clevelandrapecrisis.org\/\",\"name\":\"CRCC\",\"description\":\"Cleveland Rape Crisis Center\",\"potentialAction\":[{\"@type\":\"SearchAction\",\"target\":{\"@type\":\"EntryPoint\",\"urlTemplate\":\"https:\/\/clevelandrapecrisis.org\/?s={search_term_string}\"},\"query-input\":{\"@type\":\"PropertyValueSpecification\",\"valueRequired\":true,\"valueName\":\"search_term_string\"}}],\"inLanguage\":\"es\"}]}<\/script>\n<!-- \/ Yoast SEO Premium plugin. -->","yoast_head_json":{"title":"Oficina de Chardon para servicios del Centro de Crisis por Violaci\u00f3n de Cleveland","description":"Obtenga m\u00e1s informaci\u00f3n sobre la oficina de Chardon de CRCC en The Green House del condado de Geauga, incluidos servicios, informaci\u00f3n de contacto y direcciones.","robots":{"index":"index","follow":"follow","max-snippet":"max-snippet:-1","max-image-preview":"max-image-preview:large","max-video-preview":"max-video-preview:-1"},"canonical":"https:\/\/clevelandrapecrisis.org\/es\/chardon-office\/","og_locale":"es_ES","og_type":"article","og_title":"Oficina de Chardon","og_description":"Obtenga m\u00e1s informaci\u00f3n sobre la oficina de Chardon de CRCC en The Green House del condado de Geauga, incluidos servicios, informaci\u00f3n de contacto y direcciones.","og_url":"https:\/\/clevelandrapecrisis.org\/es\/chardon-office\/","og_site_name":"CRCC","article_modified_time":"2025-05-09T19:12:21+00:00","og_image":[{"width":800,"height":400,"url":"https:\/\/clevelandrapecrisis.org\/wp-content\/uploads\/2017\/08\/CRCC_Signage.jpg","type":"image\/jpeg"}],"twitter_card":"summary_large_image","twitter_misc":{"Est. reading time":"1 minuto"},"schema":{"@context":"https:\/\/schema.org","@graph":[{"@type":"WebPage","@id":"https:\/\/clevelandrapecrisis.org\/es\/chardon-office\/","url":"https:\/\/clevelandrapecrisis.org\/es\/chardon-office\/","name":"Oficina de Chardon para servicios del Centro de Crisis por Violaci\u00f3n de Cleveland","isPartOf":{"@id":"https:\/\/clevelandrapecrisis.org\/#website"},"datePublished":"2017-09-18T20:25:08+00:00","dateModified":"2025-05-09T19:12:21+00:00","description":"Obtenga m\u00e1s informaci\u00f3n sobre la oficina de Chardon de CRCC en The Green House del condado de Geauga, incluidos servicios, informaci\u00f3n de contacto y direcciones.","breadcrumb":{"@id":"https:\/\/clevelandrapecrisis.org\/es\/chardon-office\/#breadcrumb"},"inLanguage":"es","potentialAction":[{"@type":"ReadAction","target":["https:\/\/clevelandrapecrisis.org\/es\/chardon-office\/"]}]},{"@type":"BreadcrumbList","@id":"https:\/\/clevelandrapecrisis.org\/es\/chardon-office\/#breadcrumb","itemListElement":[{"@type":"ListItem","position":1,"name":"Home","item":"https:\/\/clevelandrapecrisis.org\/"},{"@type":"ListItem","position":2,"name":"Oficina de Chardon"}]},{"@type":"WebSite","@id":"https:\/\/clevelandrapecrisis.org\/#website","url":"https:\/\/clevelandrapecrisis.org\/","name":"CRCC","description":"Cleveland Rape Crisis Center","potentialAction":[{"@type":"SearchAction","target":{"@type":"EntryPoint","urlTemplate":"https:\/\/clevelandrapecrisis.org\/?s={search_term_string}"},"query-input":{"@type":"PropertyValueSpecification","valueRequired":true,"valueName":"search_term_string"}}],"inLanguage":"es"}]}},"_links":{"self":[{"href":"https:\/\/clevelandrapecrisis.org\/es\/wp-json\/wp\/v2\/pages\/40725","targetHints":{"allow":["GET"]}}],"collection":[{"href":"https:\/\/clevelandrapecrisis.org\/es\/wp-json\/wp\/v2\/pages"}],"about":[{"href":"https:\/\/clevelandrapecrisis.org\/es\/wp-json\/wp\/v2\/types\/page"}],"author":[{"embeddable":true,"href":"https:\/\/clevelandrapecrisis.org\/es\/wp-json\/wp\/v2\/users\/3"}],"replies":[{"embeddable":true,"href":"https:\/\/clevelandrapecrisis.org\/es\/wp-json\/wp\/v2\/comments?post=40725"}],"version-history":[{"count":3,"href":"https:\/\/clevelandrapecrisis.org\/es\/wp-json\/wp\/v2\/pages\/40725\/revisions"}],"predecessor-version":[{"id":40730,"href":"https:\/\/clevelandrapecrisis.org\/es\/wp-json\/wp\/v2\/pages\/40725\/revisions\/40730"}],"up":[{"embeddable":true,"href":"https:\/\/clevelandrapecrisis.org\/es\/wp-json\/wp\/v2\/pages\/40735"}],"wp:attachment":[{"href":"https:\/\/clevelandrapecrisis.org\/es\/wp-json\/wp\/v2\/media?parent=40725"}],"curies":[{"name":"wp","href":"https:\/\/api.w.org\/{rel}","templated":true}]}}