{"id":40722,"date":"2019-07-29T19:02:53","date_gmt":"2019-07-29T19:02:53","guid":{"rendered":"https:\/\/clevelandrapecrisis.org\/shaker-square-office\/"},"modified":"2025-05-09T19:12:20","modified_gmt":"2025-05-09T19:12:20","slug":"shaker-square-office","status":"publish","type":"page","link":"https:\/\/clevelandrapecrisis.org\/es\/locations\/shaker-square-office\/","title":{"rendered":"Oficina de Shaker Square"},"content":{"rendered":"<p><strong>Estamos aqu\u00ed para usted en Shaker Square.<\/strong><\/p>\n<p>La oficina de Shaker Square del Centro de Crisis por Violaci\u00f3n de Cleveland brinda acceso conveniente a servicios integrales para sobrevivientes de violaci\u00f3n, abuso sexual y tr\u00e1fico sexual, incluido asesoramiento individual para ni\u00f1os y adultos; asistencia para sobrevivientes que est\u00e1n considerando opciones legales o navegando por el proceso de justicia penal.<\/p>\n<p>[deslizador enorme id=&quot;47&quot;]<\/p>\n<p>&nbsp;<\/p>\n<p>El Centro de Crisis por Violaci\u00f3n de Cleveland ofrece un espacio seguro para acceder a ayuda, sin importar cu\u00e1nto tiempo haya pasado desde que sufri\u00f3 lastimadura, todo sin costo para usted.<\/p>\n<h2>Ubicaci\u00f3n<\/h2>\n<p><a href=\"https:\/\/www.google.com\/maps\/place\/13209+Shaker+Square,+Cleveland,+OH+44120\/@41.4845747,-81.5919361,17z\/data=!3m1!4b1!4m5!3m4!1s0x8830fc8e4c4922b7:0xf45b4de31afa89ee!8m2!3d41.4845747!4d-81.5897421\">13209 Shaker Square, Cleveland, Ohio 44120<\/a><br \/>\nTel\u00e9fono de la oficina: (216) 619-6194<\/p>\n<h2>Horas<\/h2>\n<p>Lunes: 9:00 am &#8211; 5:00 pm<br \/>\nMartes: 11:00 am &#8211; 7:00 pm<br \/>\nMi\u00e9rcoles: 9:00 am &#8211; 5:00 pm<br \/>\nJueves: Solo citas virtuales<br \/>\nViernes: Solo citas virtuales <\/p>\n<h2>Servicios ofrecidos<\/h2>\n<p><a href=\"https:\/\/clevelandrapecrisis.org\/es\/individual-counseling\/\">Asesoramiento individual<\/a><br \/>\n<a href=\"https:\/\/clevelandrapecrisis.org\/es\/child-and-family-services\/\">Defensa<\/a><br \/>\nGesti\u00f3n de casos<br \/>\n<a href=\"https:\/\/clevelandrapecrisis.org\/es\/child-and-family-services\/\">Asesoramiento infantil y familiar<\/a><br \/>\n<a href=\"https:\/\/clevelandrapecrisis.org\/es\/support-groups\/\">Grupos de apoyo<\/a><br \/>\n<a href=\"https:\/\/clevelandrapecrisis.org\/es\/crisis-and-support-hotline\/\">L\u00ednea directa de crisis y asistencia las 24 horas<\/a><br \/>\n<a href=\"https:\/\/clevelandrapecrisis.org\/prevention-education\/community-outreach\/\">Educaci\u00f3n de extensi\u00f3n<\/a><br \/>\n<a href=\"https:\/\/clevelandrapecrisis.org\/prevention-education\/professional-training\/\">Formaci\u00f3n profesional<\/a><br \/>\n<a href=\"https:\/\/clevelandrapecrisis.org\/services\/project-star\/\">Servicios para sobrevivientes de trata sexual<\/a><\/p>\n<h2>Servicios disponibles de forma remota y en persona<\/h2>\n<p>Los servicios del Centro de Crisis por Violaci\u00f3n de Cleveland est\u00e1n disponibles de forma remota a trav\u00e9s de telesalud y teleservicios, as\u00ed como en persona con cita previa.<\/p>\n<h2>Instrucciones<\/h2>\n<p>La oficina de Shaker Square est\u00e1 ubicada en el cuadrante noreste de Shaker Square, al lado de CVS<\/p>\n<p style=\"padding-left: 40px;\">Transporte p\u00fablico<br \/>\n\u2022 En autob\u00fas: tome las rutas 48\/48A (University Circle &#8211; East 131) o 11 (Quincy &#8211; Buckeye) hasta Shaker Square<br \/>\n\u2022 En tren: tome la l\u00ednea Rapid Blue\/Green\/Waterfront hasta la estaci\u00f3n Shaker Square<br \/>\n\u2022 Camine hasta el cuadrante noreste de Shaker Square<br \/>\n\u2022 Entrar por la puerta frontal o lateral.<\/p>\n<p style=\"padding-left: 40px;\">Conduciendo<br \/>\n\u2022 Tome Moreland Blvd. o Shaker Blvd. hasta Shaker Square<br \/>\n\u2022 Conduzca hacia el norte por Shaker Square, luego gire a la derecha en N. Moreland Blvd.<br \/>\n\u2022 Gire a la derecha en Cormere Ave. y estacione en el estacionamiento de Shaker Square, cuadrante NE<br \/>\n\u2022 Entrar por la puerta frontal o lateral.<\/p>\n<h2>Aparcamiento<\/h2>\n<p>Hay amplio estacionamiento gratuito disponible en la parte trasera del edificio. Acceda al estacionamiento desde North Moreland Blvd. y Cormere Ave., justo al norte de Shaker Square, luego ingrese por la puerta lateral o la puerta principal.<\/p>\n<h2><span class=\"ui-provider a b c d e f g h i j k l m n o p q r s t u v w x y z ab ac ae af ag ah ai aj ak\" dir=\"ltr\"><strong>Actualizaci\u00f3n de la construcci\u00f3n de Shaker Square por parte de la ciudad de Cleveland<\/strong><\/span><\/h2>\n<p><strong>Junio de 2024<\/strong><\/p>\n<p>El cuadrante noroeste de Shaker Square est\u00e1 actualmente en construcci\u00f3n. Los desv\u00edos de tr\u00e1fico ser\u00e1n los siguientes: <\/p>\n<ul>\n<li>En el cuadrante noroeste de Shaker Square, mientras se reemplaza la tuber\u00eda principal de agua, el tr\u00e1fico se desviar\u00e1 al este desde la intersecci\u00f3n de Larchmere Blvd y North Moreland Blvd, luego al sur por Coventry Road, y luego al oeste por Shaker Blvd. Est\u00e1 previsto que el cuadrante noroeste se abra al tr\u00e1fico a finales de junio de 2024.<\/li>\n<li>La construcci\u00f3n actual en North Moreland desde Griffing Avenue hasta Larchmere Blvd continuar\u00e1 durante este tiempo.<\/li>\n<li><strong>El estacionamiento detr\u00e1s de CVS permanecer\u00e1 abierto.<\/strong><\/li>\n<\/ul>\n<p>Est\u00e1 previsto que el proyecto general finalice en octubre de 2024.<\/p>\n<p>&nbsp;<\/p>\n<div class=\"learn-more\">\n   <a href=\"&quot;https:\/\/clevelandrapecrisis.org\/contact\/request-an-appointment\/&quot;\">&quot;Solicitar<\/a>\n   <p> &quot;Llame<\/p>\n<\/div>\n","protected":false},"excerpt":{"rendered":"<p>Estamos aqu\u00ed para usted en Shaker Square. La oficina de Shaker Square del Centro de Crisis por Violaci\u00f3n de Cleveland brinda acceso conveniente a servicios integrales para sobrevivientes de violaci\u00f3n, abuso sexual y tr\u00e1fico sexual, incluido asesoramiento individual para ni\u00f1os y adultos; asistencia para sobrevivientes que est\u00e1n considerando opciones legales o navegando por el proceso<\/p>\n","protected":false},"author":3,"featured_media":0,"parent":40735,"menu_order":5,"comment_status":"closed","ping_status":"closed","template":"page.php","meta":{"_acf_changed":false,"footnotes":""},"class_list":["post-40722","page","type-page","status-publish","hentry"],"acf":[],"yoast_head":"<!-- This site is optimized with the Yoast SEO Premium plugin v26.8 (Yoast SEO v26.8) - https:\/\/yoast.com\/product\/yoast-seo-premium-wordpress\/ -->\n<title>Oficina de Shaker Square para servicios del Centro de Crisis por Violaci\u00f3n de Cleveland<\/title>\n<meta name=\"description\" content=\"Obtenga informaci\u00f3n sobre los servicios, contactos e indicaciones para llegar a la oficina de Shaker Square del Centro de Crisis por Violaci\u00f3n de Cleveland en Shaker Square\" \/>\n<meta name=\"robots\" content=\"noindex, follow\" \/>\n<meta property=\"og:locale\" content=\"es_ES\" \/>\n<meta property=\"og:type\" content=\"article\" \/>\n<meta property=\"og:title\" content=\"Oficina de Shaker Square\" \/>\n<meta property=\"og:description\" content=\"Obtenga informaci\u00f3n sobre los servicios, contactos e indicaciones para llegar a la oficina de Shaker Square del Centro de Crisis por Violaci\u00f3n de Cleveland en Shaker Square\" \/>\n<meta property=\"og:url\" content=\"https:\/\/clevelandrapecrisis.org\/about-us\/locations\/shaker-square-office\/\" \/>\n<meta property=\"og:site_name\" content=\"CRCC\" \/>\n<meta property=\"article:modified_time\" content=\"2025-05-09T19:12:20+00:00\" \/>\n<meta property=\"og:image\" content=\"https:\/\/clevelandrapecrisis.org\/wp-content\/uploads\/2017\/08\/CRCC_Signage.jpg\" \/>\n\t<meta property=\"og:image:width\" content=\"800\" \/>\n\t<meta property=\"og:image:height\" content=\"400\" \/>\n\t<meta property=\"og:image:type\" content=\"image\/jpeg\" \/>\n<meta name=\"twitter:card\" content=\"summary_large_image\" \/>\n<meta name=\"twitter:label1\" content=\"Est. reading time\" \/>\n\t<meta name=\"twitter:data1\" content=\"2 minutos\" \/>\n<script type=\"application\/ld+json\" class=\"yoast-schema-graph\">{\"@context\":\"https:\/\/schema.org\",\"@graph\":[{\"@type\":\"WebPage\",\"@id\":\"https:\/\/clevelandrapecrisis.org\/about-us\/locations\/shaker-square-office\/\",\"url\":\"https:\/\/clevelandrapecrisis.org\/about-us\/locations\/shaker-square-office\/\",\"name\":\"Oficina de Shaker Square para servicios del Centro de Crisis por Violaci\u00f3n de Cleveland\",\"isPartOf\":{\"@id\":\"https:\/\/clevelandrapecrisis.org\/#website\"},\"datePublished\":\"2019-07-29T19:02:53+00:00\",\"dateModified\":\"2025-05-09T19:12:20+00:00\",\"description\":\"Obtenga informaci\u00f3n sobre los servicios, contactos e indicaciones para llegar a la oficina de Shaker Square del Centro de Crisis por Violaci\u00f3n de Cleveland en Shaker Square\",\"breadcrumb\":{\"@id\":\"https:\/\/clevelandrapecrisis.org\/about-us\/locations\/shaker-square-office\/#breadcrumb\"},\"inLanguage\":\"es\",\"potentialAction\":[{\"@type\":\"ReadAction\",\"target\":[\"https:\/\/clevelandrapecrisis.org\/about-us\/locations\/shaker-square-office\/\"]}]},{\"@type\":\"BreadcrumbList\",\"@id\":\"https:\/\/clevelandrapecrisis.org\/about-us\/locations\/shaker-square-office\/#breadcrumb\",\"itemListElement\":[{\"@type\":\"ListItem\",\"position\":1,\"name\":\"Home\",\"item\":\"https:\/\/clevelandrapecrisis.org\/\"},{\"@type\":\"ListItem\",\"position\":2,\"name\":\"Oficina de Shaker Square\"}]},{\"@type\":\"WebSite\",\"@id\":\"https:\/\/clevelandrapecrisis.org\/#website\",\"url\":\"https:\/\/clevelandrapecrisis.org\/\",\"name\":\"CRCC\",\"description\":\"Cleveland Rape Crisis Center\",\"potentialAction\":[{\"@type\":\"SearchAction\",\"target\":{\"@type\":\"EntryPoint\",\"urlTemplate\":\"https:\/\/clevelandrapecrisis.org\/?s={search_term_string}\"},\"query-input\":{\"@type\":\"PropertyValueSpecification\",\"valueRequired\":true,\"valueName\":\"search_term_string\"}}],\"inLanguage\":\"es\"}]}<\/script>\n<!-- \/ Yoast SEO Premium plugin. -->","yoast_head_json":{"title":"Oficina de Shaker Square para servicios del Centro de Crisis por Violaci\u00f3n de Cleveland","description":"Obtenga informaci\u00f3n sobre los servicios, contactos e indicaciones para llegar a la oficina de Shaker Square del Centro de Crisis por Violaci\u00f3n de Cleveland en Shaker Square","robots":{"index":"noindex","follow":"follow"},"og_locale":"es_ES","og_type":"article","og_title":"Oficina de Shaker Square","og_description":"Obtenga informaci\u00f3n sobre los servicios, contactos e indicaciones para llegar a la oficina de Shaker Square del Centro de Crisis por Violaci\u00f3n de Cleveland en Shaker Square","og_url":"https:\/\/clevelandrapecrisis.org\/about-us\/locations\/shaker-square-office\/","og_site_name":"CRCC","article_modified_time":"2025-05-09T19:12:20+00:00","og_image":[{"width":800,"height":400,"url":"https:\/\/clevelandrapecrisis.org\/wp-content\/uploads\/2017\/08\/CRCC_Signage.jpg","type":"image\/jpeg"}],"twitter_card":"summary_large_image","twitter_misc":{"Est. reading time":"2 minutos"},"schema":{"@context":"https:\/\/schema.org","@graph":[{"@type":"WebPage","@id":"https:\/\/clevelandrapecrisis.org\/about-us\/locations\/shaker-square-office\/","url":"https:\/\/clevelandrapecrisis.org\/about-us\/locations\/shaker-square-office\/","name":"Oficina de Shaker Square para servicios del Centro de Crisis por Violaci\u00f3n de Cleveland","isPartOf":{"@id":"https:\/\/clevelandrapecrisis.org\/#website"},"datePublished":"2019-07-29T19:02:53+00:00","dateModified":"2025-05-09T19:12:20+00:00","description":"Obtenga informaci\u00f3n sobre los servicios, contactos e indicaciones para llegar a la oficina de Shaker Square del Centro de Crisis por Violaci\u00f3n de Cleveland en Shaker Square","breadcrumb":{"@id":"https:\/\/clevelandrapecrisis.org\/about-us\/locations\/shaker-square-office\/#breadcrumb"},"inLanguage":"es","potentialAction":[{"@type":"ReadAction","target":["https:\/\/clevelandrapecrisis.org\/about-us\/locations\/shaker-square-office\/"]}]},{"@type":"BreadcrumbList","@id":"https:\/\/clevelandrapecrisis.org\/about-us\/locations\/shaker-square-office\/#breadcrumb","itemListElement":[{"@type":"ListItem","position":1,"name":"Home","item":"https:\/\/clevelandrapecrisis.org\/"},{"@type":"ListItem","position":2,"name":"Oficina de Shaker Square"}]},{"@type":"WebSite","@id":"https:\/\/clevelandrapecrisis.org\/#website","url":"https:\/\/clevelandrapecrisis.org\/","name":"CRCC","description":"Cleveland Rape Crisis Center","potentialAction":[{"@type":"SearchAction","target":{"@type":"EntryPoint","urlTemplate":"https:\/\/clevelandrapecrisis.org\/?s={search_term_string}"},"query-input":{"@type":"PropertyValueSpecification","valueRequired":true,"valueName":"search_term_string"}}],"inLanguage":"es"}]}},"_links":{"self":[{"href":"https:\/\/clevelandrapecrisis.org\/es\/wp-json\/wp\/v2\/pages\/40722","targetHints":{"allow":["GET"]}}],"collection":[{"href":"https:\/\/clevelandrapecrisis.org\/es\/wp-json\/wp\/v2\/pages"}],"about":[{"href":"https:\/\/clevelandrapecrisis.org\/es\/wp-json\/wp\/v2\/types\/page"}],"author":[{"embeddable":true,"href":"https:\/\/clevelandrapecrisis.org\/es\/wp-json\/wp\/v2\/users\/3"}],"replies":[{"embeddable":true,"href":"https:\/\/clevelandrapecrisis.org\/es\/wp-json\/wp\/v2\/comments?post=40722"}],"version-history":[{"count":2,"href":"https:\/\/clevelandrapecrisis.org\/es\/wp-json\/wp\/v2\/pages\/40722\/revisions"}],"predecessor-version":[{"id":40727,"href":"https:\/\/clevelandrapecrisis.org\/es\/wp-json\/wp\/v2\/pages\/40722\/revisions\/40727"}],"up":[{"embeddable":true,"href":"https:\/\/clevelandrapecrisis.org\/es\/wp-json\/wp\/v2\/pages\/40735"}],"wp:attachment":[{"href":"https:\/\/clevelandrapecrisis.org\/es\/wp-json\/wp\/v2\/media?parent=40722"}],"curies":[{"name":"wp","href":"https:\/\/api.w.org\/{rel}","templated":true}]}}