{"id":40721,"date":"2017-09-18T20:27:52","date_gmt":"2017-09-18T20:27:52","guid":{"rendered":"https:\/\/clevelandrapecrisis.org\/mentor-office\/"},"modified":"2025-05-09T19:12:18","modified_gmt":"2025-05-09T19:12:18","slug":"mentor-office","status":"publish","type":"page","link":"https:\/\/clevelandrapecrisis.org\/es\/locations\/mentor-office\/","title":{"rendered":"Oficina de mentores"},"content":{"rendered":"<p>[deslizador enorme id=&quot;57 &quot;]<\/p>\n<p>&nbsp;<\/p>\n<p><strong>Estamos aqu\u00ed para usted en Mentor.<\/strong><\/p>\n<p>La Oficina de Mentores del Centro de Crisis por Violaci\u00f3n de Cleveland brinda acceso conveniente a servicios integrales para sobrevivientes de violaci\u00f3n y abuso sexual para personas en el condado de Lake y comunidades aleda\u00f1as. Los servicios incluyen asesoramiento individual para ni\u00f1os y adultos; asistencia para sobrevivientes que est\u00e1n considerando opciones legales o navegando por el proceso de justicia penal; grupos de apoyo; educaci\u00f3n de extensi\u00f3n y capacitaci\u00f3n profesional.<\/p>\n<h2>Ubicaci\u00f3n<\/h2>\n<p><a href=\"https:\/\/www.google.com\/maps\/dir\/\/8224+Mentor+Ave,+Mentor,+OH+44060\/@41.6641911,-81.3485684,17z\/data=!4m9!4m8!1m0!1m5!1m1!1s0x8831a8af47185b1f:0x136927af698a61da!2m2!1d-81.3463797!2d41.6641911!3e0\">8224 Mentor Avenue, Suite 134, Mentor, Ohio 44060<\/a><br \/>\n<a href=\"tel:4403547364\">(440) 354-7364<\/a> Tel\u00e9fono de la oficina | (440) 534-1104 Fax de la oficina<\/p>\n<h2>Horas<\/h2>\n<p>Lunes: 9:00 am &#8211; 5:00 pm<br \/>\nMartes: 11:00 am &#8211; 7:00 pm<br \/>\nMi\u00e9rcoles: Solo citas virtuales<br \/>\nJueves: 9:00 am &#8211; 5:00 pm<br \/>\nViernes: Solo citas virtuales<\/p>\n<h2>Servicios ofrecidos<\/h2>\n<p><a href=\"https:\/\/clevelandrapecrisis.org\/es\/individual-counseling\/\">Asesoramiento individual<\/a><br \/>\n<a href=\"https:\/\/clevelandrapecrisis.org\/es\/victim-assistance\/\">Defensa<\/a><br \/>\nGesti\u00f3n de casos<br \/>\n<a href=\"https:\/\/clevelandrapecrisis.org\/es\/child-and-family-services\/\">Asesoramiento infantil y familiar<\/a><br \/>\n<a href=\"https:\/\/clevelandrapecrisis.org\/es\/support-groups\/\">Grupos de apoyo<\/a><br \/>\n<a href=\"https:\/\/clevelandrapecrisis.org\/prevention-education\/community-outreach\/\">Educaci\u00f3n de extensi\u00f3n<\/a><br \/>\n<a href=\"https:\/\/clevelandrapecrisis.org\/prevention-education\/professional-training\/\">Formaci\u00f3n profesional<\/a><br \/>\n<a href=\"https:\/\/clevelandrapecrisis.org\/es\/crisis-and-support-hotline\/\">L\u00ednea directa de crisis y apoyo<\/a><\/p>\n<h2>Servicios disponibles de forma remota y en persona<\/h2>\n<p>Los servicios del Centro de Crisis por Violaci\u00f3n de Cleveland est\u00e1n disponibles de forma remota a trav\u00e9s de telesalud y teleservicios, as\u00ed como en persona con cita previa.<\/p>\n<h2>Aparcamiento<\/h2>\n<p>Amplio estacionamiento gratuito disponible en el sitio.<\/p>\n<h2>Asociaci\u00f3n WomenSafe<\/h2>\n<p><a href=\"https:\/\/womensafe.org\/\">WomenSafe<\/a>, una organizaci\u00f3n dedicada a brindar refugio de emergencia y recursos a sobrevivientes de violencia dom\u00e9stica en todo el noreste de Ohio, brinda servicios de asesoramiento y extensi\u00f3n desde la ubicaci\u00f3n de la Oficina de Mentores, a trav\u00e9s de una asociaci\u00f3n con el Centro de Crisis por Violaci\u00f3n de Cleveland.<\/p>\n<p>&nbsp;<\/p>\n<div class=\"learn-more\">\n   <a href=\"&quot;https:\/\/clevelandrapecrisis.org\/contact\/request-an-appointment\/&quot;\">&quot;Solicitar<\/a>\n   <p> &quot;Llame<\/p>\n<\/div>\n","protected":false},"excerpt":{"rendered":"<p>[deslizador enorme id=&quot;57 &quot;] &nbsp; Estamos aqu\u00ed para usted en Mentor. La Oficina de Mentores del Centro de Crisis por Violaci\u00f3n de Cleveland brinda acceso conveniente a servicios integrales para sobrevivientes de violaci\u00f3n y abuso sexual para personas en el condado de Lake y comunidades aleda\u00f1as. Los servicios incluyen asesoramiento individual para ni\u00f1os y adultos;<\/p>\n","protected":false},"author":3,"featured_media":0,"parent":40735,"menu_order":5,"comment_status":"closed","ping_status":"closed","template":"page.php","meta":{"_acf_changed":false,"footnotes":""},"class_list":["post-40721","page","type-page","status-publish","hentry"],"acf":[],"yoast_head":"<!-- This site is optimized with the Yoast SEO Premium plugin v26.8 (Yoast SEO v26.8) - https:\/\/yoast.com\/product\/yoast-seo-premium-wordpress\/ -->\n<title>Oficina de mentores para los servicios del Centro de crisis por violaci\u00f3n de Cleveland<\/title>\n<meta name=\"description\" content=\"Obtenga informaci\u00f3n sobre los servicios, contactos e indicaciones para llegar a la ubicaci\u00f3n de Mentor de Cleveland Rape Crisis Centers ubicada en Beacon Health en el condado de Lake\" \/>\n<meta name=\"robots\" content=\"index, follow, max-snippet:-1, max-image-preview:large, max-video-preview:-1\" \/>\n<link rel=\"canonical\" href=\"https:\/\/clevelandrapecrisis.org\/about-us\/locations\/mentor-office\/\" \/>\n<meta property=\"og:locale\" content=\"es_ES\" \/>\n<meta property=\"og:type\" content=\"article\" \/>\n<meta property=\"og:title\" content=\"Oficina de mentores\" \/>\n<meta property=\"og:description\" content=\"Obtenga informaci\u00f3n sobre los servicios, contactos e indicaciones para llegar a la ubicaci\u00f3n de Mentor de Cleveland Rape Crisis Centers ubicada en Beacon Health en el condado de Lake\" \/>\n<meta property=\"og:url\" content=\"https:\/\/clevelandrapecrisis.org\/about-us\/locations\/mentor-office\/\" \/>\n<meta property=\"og:site_name\" content=\"CRCC\" \/>\n<meta property=\"article:modified_time\" content=\"2025-05-09T19:12:18+00:00\" \/>\n<meta property=\"og:image\" content=\"https:\/\/clevelandrapecrisis.org\/wp-content\/uploads\/2017\/08\/CRCC_Signage.jpg\" \/>\n\t<meta property=\"og:image:width\" content=\"800\" \/>\n\t<meta property=\"og:image:height\" content=\"400\" \/>\n\t<meta property=\"og:image:type\" content=\"image\/jpeg\" \/>\n<meta name=\"twitter:card\" content=\"summary_large_image\" \/>\n<meta name=\"twitter:label1\" content=\"Est. reading time\" \/>\n\t<meta name=\"twitter:data1\" content=\"1 minuto\" \/>\n<script type=\"application\/ld+json\" class=\"yoast-schema-graph\">{\"@context\":\"https:\/\/schema.org\",\"@graph\":[{\"@type\":\"WebPage\",\"@id\":\"https:\/\/clevelandrapecrisis.org\/about-us\/locations\/mentor-office\/\",\"url\":\"https:\/\/clevelandrapecrisis.org\/about-us\/locations\/mentor-office\/\",\"name\":\"Oficina de mentores para los servicios del Centro de crisis por violaci\u00f3n de Cleveland\",\"isPartOf\":{\"@id\":\"https:\/\/clevelandrapecrisis.org\/#website\"},\"datePublished\":\"2017-09-18T20:27:52+00:00\",\"dateModified\":\"2025-05-09T19:12:18+00:00\",\"description\":\"Obtenga informaci\u00f3n sobre los servicios, contactos e indicaciones para llegar a la ubicaci\u00f3n de Mentor de Cleveland Rape Crisis Centers ubicada en Beacon Health en el condado de Lake\",\"breadcrumb\":{\"@id\":\"https:\/\/clevelandrapecrisis.org\/about-us\/locations\/mentor-office\/#breadcrumb\"},\"inLanguage\":\"es\",\"potentialAction\":[{\"@type\":\"ReadAction\",\"target\":[\"https:\/\/clevelandrapecrisis.org\/about-us\/locations\/mentor-office\/\"]}]},{\"@type\":\"BreadcrumbList\",\"@id\":\"https:\/\/clevelandrapecrisis.org\/about-us\/locations\/mentor-office\/#breadcrumb\",\"itemListElement\":[{\"@type\":\"ListItem\",\"position\":1,\"name\":\"Home\",\"item\":\"https:\/\/clevelandrapecrisis.org\/\"},{\"@type\":\"ListItem\",\"position\":2,\"name\":\"Oficina de mentores\"}]},{\"@type\":\"WebSite\",\"@id\":\"https:\/\/clevelandrapecrisis.org\/#website\",\"url\":\"https:\/\/clevelandrapecrisis.org\/\",\"name\":\"CRCC\",\"description\":\"Cleveland Rape Crisis Center\",\"potentialAction\":[{\"@type\":\"SearchAction\",\"target\":{\"@type\":\"EntryPoint\",\"urlTemplate\":\"https:\/\/clevelandrapecrisis.org\/?s={search_term_string}\"},\"query-input\":{\"@type\":\"PropertyValueSpecification\",\"valueRequired\":true,\"valueName\":\"search_term_string\"}}],\"inLanguage\":\"es\"}]}<\/script>\n<!-- \/ Yoast SEO Premium plugin. -->","yoast_head_json":{"title":"Oficina de mentores para los servicios del Centro de crisis por violaci\u00f3n de Cleveland","description":"Obtenga informaci\u00f3n sobre los servicios, contactos e indicaciones para llegar a la ubicaci\u00f3n de Mentor de Cleveland Rape Crisis Centers ubicada en Beacon Health en el condado de Lake","robots":{"index":"index","follow":"follow","max-snippet":"max-snippet:-1","max-image-preview":"max-image-preview:large","max-video-preview":"max-video-preview:-1"},"canonical":"https:\/\/clevelandrapecrisis.org\/about-us\/locations\/mentor-office\/","og_locale":"es_ES","og_type":"article","og_title":"Oficina de mentores","og_description":"Obtenga informaci\u00f3n sobre los servicios, contactos e indicaciones para llegar a la ubicaci\u00f3n de Mentor de Cleveland Rape Crisis Centers ubicada en Beacon Health en el condado de Lake","og_url":"https:\/\/clevelandrapecrisis.org\/about-us\/locations\/mentor-office\/","og_site_name":"CRCC","article_modified_time":"2025-05-09T19:12:18+00:00","og_image":[{"width":800,"height":400,"url":"https:\/\/clevelandrapecrisis.org\/wp-content\/uploads\/2017\/08\/CRCC_Signage.jpg","type":"image\/jpeg"}],"twitter_card":"summary_large_image","twitter_misc":{"Est. reading time":"1 minuto"},"schema":{"@context":"https:\/\/schema.org","@graph":[{"@type":"WebPage","@id":"https:\/\/clevelandrapecrisis.org\/about-us\/locations\/mentor-office\/","url":"https:\/\/clevelandrapecrisis.org\/about-us\/locations\/mentor-office\/","name":"Oficina de mentores para los servicios del Centro de crisis por violaci\u00f3n de Cleveland","isPartOf":{"@id":"https:\/\/clevelandrapecrisis.org\/#website"},"datePublished":"2017-09-18T20:27:52+00:00","dateModified":"2025-05-09T19:12:18+00:00","description":"Obtenga informaci\u00f3n sobre los servicios, contactos e indicaciones para llegar a la ubicaci\u00f3n de Mentor de Cleveland Rape Crisis Centers ubicada en Beacon Health en el condado de Lake","breadcrumb":{"@id":"https:\/\/clevelandrapecrisis.org\/about-us\/locations\/mentor-office\/#breadcrumb"},"inLanguage":"es","potentialAction":[{"@type":"ReadAction","target":["https:\/\/clevelandrapecrisis.org\/about-us\/locations\/mentor-office\/"]}]},{"@type":"BreadcrumbList","@id":"https:\/\/clevelandrapecrisis.org\/about-us\/locations\/mentor-office\/#breadcrumb","itemListElement":[{"@type":"ListItem","position":1,"name":"Home","item":"https:\/\/clevelandrapecrisis.org\/"},{"@type":"ListItem","position":2,"name":"Oficina de mentores"}]},{"@type":"WebSite","@id":"https:\/\/clevelandrapecrisis.org\/#website","url":"https:\/\/clevelandrapecrisis.org\/","name":"CRCC","description":"Cleveland Rape Crisis Center","potentialAction":[{"@type":"SearchAction","target":{"@type":"EntryPoint","urlTemplate":"https:\/\/clevelandrapecrisis.org\/?s={search_term_string}"},"query-input":{"@type":"PropertyValueSpecification","valueRequired":true,"valueName":"search_term_string"}}],"inLanguage":"es"}]}},"_links":{"self":[{"href":"https:\/\/clevelandrapecrisis.org\/es\/wp-json\/wp\/v2\/pages\/40721","targetHints":{"allow":["GET"]}}],"collection":[{"href":"https:\/\/clevelandrapecrisis.org\/es\/wp-json\/wp\/v2\/pages"}],"about":[{"href":"https:\/\/clevelandrapecrisis.org\/es\/wp-json\/wp\/v2\/types\/page"}],"author":[{"embeddable":true,"href":"https:\/\/clevelandrapecrisis.org\/es\/wp-json\/wp\/v2\/users\/3"}],"replies":[{"embeddable":true,"href":"https:\/\/clevelandrapecrisis.org\/es\/wp-json\/wp\/v2\/comments?post=40721"}],"version-history":[{"count":2,"href":"https:\/\/clevelandrapecrisis.org\/es\/wp-json\/wp\/v2\/pages\/40721\/revisions"}],"predecessor-version":[{"id":40724,"href":"https:\/\/clevelandrapecrisis.org\/es\/wp-json\/wp\/v2\/pages\/40721\/revisions\/40724"}],"up":[{"embeddable":true,"href":"https:\/\/clevelandrapecrisis.org\/es\/wp-json\/wp\/v2\/pages\/40735"}],"wp:attachment":[{"href":"https:\/\/clevelandrapecrisis.org\/es\/wp-json\/wp\/v2\/media?parent=40721"}],"curies":[{"name":"wp","href":"https:\/\/api.w.org\/{rel}","templated":true}]}}