{"id":40715,"date":"2017-08-31T06:07:25","date_gmt":"2017-08-31T06:07:25","guid":{"rendered":"https:\/\/clevelandrapecrisis.org\/crisis-and-support-hotline\/"},"modified":"2025-05-09T19:12:04","modified_gmt":"2025-05-09T19:12:04","slug":"crisis-and-support-hotline","status":"publish","type":"page","link":"https:\/\/clevelandrapecrisis.org\/es\/crisis-and-support-hotline\/","title":{"rendered":"L\u00ednea directa de crisis y apoyo"},"content":{"rendered":"<h2>L\u00ednea directa de crisis y apoyo: llama o env\u00edeaun mensaje de texto<a href=\"tel:2166196192\"> al (216) 619-6192<\/a> o al <a href=\"tel:4404232020\">(440) 423-2020<\/a><\/h2>\n<p>Preg\u00fantale a alguien que sepa. Habla con alguien a quien le importe.<\/p>\n<p><a href=\"https:\/\/m2.icarol.com\/ConsumerRegistration.aspx?org=78394&amp;pid=78&amp;cc=en-US\" target=\"_blank\" rel=\"noopener noreferrer\"><img loading=\"lazy\" decoding=\"async\" class=\"alignnone wp-image-2645 size-medium\" src=\"https:\/\/clevelandrapecrisis.org\/wp-content\/uploads\/2017\/12\/ChatNowButton2-300x193.png\" alt=\"\" width=\"300\" height=\"193\" srcset=\"https:\/\/clevelandrapecrisis.org\/wp-content\/uploads\/2017\/12\/ChatNowButton2-300x193.png 300w, https:\/\/clevelandrapecrisis.org\/wp-content\/uploads\/2017\/12\/ChatNowButton2-768x494.png 768w, https:\/\/clevelandrapecrisis.org\/wp-content\/uploads\/2017\/12\/ChatNowButton2-1024x659.png 1024w, https:\/\/clevelandrapecrisis.org\/wp-content\/uploads\/2017\/12\/ChatNowButton2.png 1665w\" sizes=\"auto, (max-width: 300px) 100vw, 300px\" \/><\/a><\/p>\n<p>La l\u00ednea directa de crisis y apoyo del Centro de Crisis por Violaci\u00f3n de Cleveland brinda apoyo e informaci\u00f3n gratuitos y confidenciales las 24 horas del d\u00eda, los 7 d\u00edas de la semana, para sobrevivientes de violencia sexual y sus seres queridos, as\u00ed como para otras personas que buscan informaci\u00f3n o recursos.<\/p>\n<p><strong>Comun\u00edcate con la l\u00ednea directa de crisis y apoyo en cualquier momento del d\u00eda o de la noche:<\/strong><\/p>\n<ul>\n<li><strong>Llama o env\u00eda un mensaje de texto al <a href=\"tel:2166196192\">(216) 619-6192<\/a> o al <a href=\"tel:4404232020\">(440) 423-2020<\/a><\/strong><\/li>\n<li><strong><a href=\"https:\/\/m2.icarol.com\/ConsumerRegistration.aspx?org=78394&amp;pid=78&amp;cc=en-US\">Chatea en l\u00ednea ahora<\/a> <\/strong>(si chateas usando un dispositivo m\u00f3vil y experimentas problemas de conectividad, accede a la l\u00ednea directa mediante mensaje de texto para obtener asistencia m\u00e1s r\u00e1pida).<\/li>\n<\/ul>\n<p>Estamos aqu\u00ed para escucharte y ayudarte tanto si te hirieron ayer, la semana pasada, hace meses o hace d\u00e9cadas.<\/p>\n<p>El Centro de Crisis por Violaci\u00f3n de Cleveland atiende a sobrevivientes de violaci\u00f3n y abuso sexual en el noreste de Ohio, incluidos los condados de Cuyahoga, Lake, Geauga y Ashtabula. Para obtener una lista de recursos en otras \u00e1reas, consulta nuestra p\u00e1gina de <a href=\"https:\/\/clevelandrapecrisis.org\/resources\/additional-resources\/\">Recursos adicionales<\/a>.<\/p>\n<h2>\u00bfC\u00f3mo puede ayudarme la l\u00ednea directa?<\/h2>\n<ul>\n<li>Te creeremos y te escucharemos sin juzgarte.<\/li>\n<li>Soporte confidencial<\/li>\n<li>Recursos para ayudarte con tus pr\u00f3ximos pasos hacia la curaci\u00f3n y la recuperaci\u00f3n<\/li>\n<li>Concierta una cita para acceder a los servicios de asesoramiento y asistencia a v\u00edctimas del Centro de Crisis por Violaci\u00f3n de Cleveland<\/li>\n<li>Referencias para apoyo inmediato y a largo plazo<\/li>\n<\/ul>\n<h2>\u00bfQui\u00e9n puede utilizar la l\u00ednea directa?<\/h2>\n<ul>\n<li>Cualquier sobreviviente de violaci\u00f3n, abuso sexual, agresi\u00f3n sexual o explotaci\u00f3n<\/li>\n<li>Personas de cualquier edad o g\u00e9nero<\/li>\n<li>Amigos, familiares y simpatizantes de sobrevivientes de violaci\u00f3n o abuso sexual<\/li>\n<li>Profesionales que apoyan a sobrevivientes de agresi\u00f3n y abuso sexual<\/li>\n<\/ul>\n<h2>\u00bfCu\u00e1ndo debo utilizar la l\u00ednea directa?<\/h2>\n<ul>\n<li>A cualquier hora del d\u00eda o de la noche<\/li>\n<li>Inmediatamente despu\u00e9s de una violaci\u00f3n o abuso sexual, o a\u00f1os o d\u00e9cadas despu\u00e9s<\/li>\n<\/ul>\n<h2>\u00bfPor qu\u00e9 utilizar la l\u00ednea directa?<\/h2>\n<ul>\n<li>Solo necesitas alguien con quien hablar<\/li>\n<li>Tienes problemas para dormir, tienes pesadillas o ansiedad<\/li>\n<li>Est\u00e1s buscando informaci\u00f3n, recursos o te preguntas qu\u00e9 hacer a continuaci\u00f3n<\/li>\n<li>Para obtener m\u00e1s informaci\u00f3n sobre tus opciones para denunciar o acceder a recursos como asistencia con el sistema de justicia penal o asesoramiento<\/li>\n<li>\u00bfTe preguntas c\u00f3mo ayudar a alguien que ha sido violado o abusado sexualmente?<\/li>\n<\/ul>\n<h2>\u00bfEs an\u00f3nimo?<\/h2>\n<ul>\n<li>S\u00ed. No te pediremos ning\u00fan dato de identificaci\u00f3n; t\u00fa decides cu\u00e1nta informaci\u00f3n compartes con nosotros.<\/li>\n<\/ul>\n<h2>\u00bfQui\u00e9n atiende la l\u00ednea directa? \u00bfCon qui\u00e9n hablar\u00e9?<\/h2>\n<ul>\n<li>Hablar\u00e1s con un defensor del Centro de Crisis por Violaci\u00f3n de Cleveland especialmente capacitado. Nuestros asesores telef\u00f3nicos est\u00e1n especialmente formados para escucharte, apoyarte y ayudarte.<\/li>\n<\/ul>\n<p>&nbsp;<\/p>\n<div class=\"learn-more\">\n<p><a href=\"https:\/\/m2.icarol.com\/ConsumerRegistration.aspx?org=78394&amp;pid=78&amp;cc=en-US\"><strong>Chatea ahora<\/strong><\/a><\/p>\n<p>Chatea con un defensor formado 24 horas al d\u00eda, 7 d\u00edas a la semana, para obtener informaci\u00f3n y apoyo.<\/p>\n<\/div>\n","protected":false},"excerpt":{"rendered":"<p>L\u00ednea directa de crisis y apoyo: llama o env\u00edeaun mensaje de texto al (216) 619-6192 o al (440) 423-2020 Preg\u00fantale a alguien que sepa. Habla con alguien a quien le importe. La l\u00ednea directa de crisis y apoyo del Centro de Crisis por Violaci\u00f3n de Cleveland brinda apoyo e informaci\u00f3n gratuitos y confidenciales las 24<\/p>\n","protected":false},"author":3,"featured_media":0,"parent":0,"menu_order":0,"comment_status":"closed","ping_status":"closed","template":"","meta":{"_acf_changed":false,"footnotes":""},"class_list":["post-40715","page","type-page","status-publish","hentry"],"acf":[],"yoast_head":"<!-- This site is optimized with the Yoast SEO Premium plugin v26.8 (Yoast SEO v26.8) - https:\/\/yoast.com\/product\/yoast-seo-premium-wordpress\/ -->\n<title>L\u00ednea directa de crisis y apoyo, chat y mensajes de texto en el Centro de crisis por violaci\u00f3n de Cleveland<\/title>\n<meta name=\"description\" content=\"Llama o env\u00ede un mensaje de texto al (216) 619-6192 o al (440) 423-2020 para recibir apoyo en caso de crisis por violaci\u00f3n o haz clic para recibir asistencia por chat en los condados de Cuyahoga, Lake, Geauga y Ashtabula\" \/>\n<meta name=\"robots\" content=\"index, follow, max-snippet:-1, max-image-preview:large, max-video-preview:-1\" \/>\n<link rel=\"canonical\" href=\"https:\/\/clevelandrapecrisis.org\/contact\/crisis-and-support-hotline\/\" \/>\n<meta property=\"og:locale\" content=\"es_ES\" \/>\n<meta property=\"og:type\" content=\"article\" \/>\n<meta property=\"og:title\" content=\"L\u00ednea directa de crisis y apoyo disponible las 24 horas, los 7 d\u00edas de la semana, del Centro de crisis por violaci\u00f3n de Cleveland\" \/>\n<meta property=\"og:description\" content=\"Llama o env\u00ede un mensaje de texto al (216) 619-6192 o al (440) 423-2020 para recibir apoyo en caso de crisis por violaci\u00f3n o haz clic para recibir asistencia por chat en los condados de Cuyahoga, Lake, Geauga y Ashtabula\" \/>\n<meta property=\"og:url\" content=\"https:\/\/clevelandrapecrisis.org\/contact\/crisis-and-support-hotline\/\" \/>\n<meta property=\"og:site_name\" content=\"CRCC\" \/>\n<meta property=\"article:modified_time\" content=\"2025-05-09T19:12:04+00:00\" \/>\n<meta property=\"og:image\" content=\"https:\/\/clevelandrapecrisis.org\/wp-content\/uploads\/2017\/12\/ChatNowButton2.png\" \/>\n\t<meta property=\"og:image:width\" content=\"1665\" \/>\n\t<meta property=\"og:image:height\" content=\"1071\" \/>\n\t<meta property=\"og:image:type\" content=\"image\/png\" \/>\n<meta name=\"twitter:card\" content=\"summary_large_image\" \/>\n<meta name=\"twitter:title\" content=\"L\u00ednea directa de crisis y apoyo\" \/>\n<meta name=\"twitter:label1\" content=\"Est. reading time\" \/>\n\t<meta name=\"twitter:data1\" content=\"3 minutos\" \/>\n<script type=\"application\/ld+json\" class=\"yoast-schema-graph\">{\"@context\":\"https:\/\/schema.org\",\"@graph\":[{\"@type\":\"WebPage\",\"@id\":\"https:\/\/clevelandrapecrisis.org\/contact\/crisis-and-support-hotline\/\",\"url\":\"https:\/\/clevelandrapecrisis.org\/contact\/crisis-and-support-hotline\/\",\"name\":\"L\u00ednea directa de crisis y apoyo, chat y mensajes de texto en el Centro de crisis por violaci\u00f3n de Cleveland\",\"isPartOf\":{\"@id\":\"https:\/\/clevelandrapecrisis.org\/#website\"},\"primaryImageOfPage\":{\"@id\":\"https:\/\/clevelandrapecrisis.org\/contact\/crisis-and-support-hotline\/#primaryimage\"},\"image\":{\"@id\":\"https:\/\/clevelandrapecrisis.org\/contact\/crisis-and-support-hotline\/#primaryimage\"},\"thumbnailUrl\":\"https:\/\/clevelandrapecrisis.org\/wp-content\/uploads\/2017\/12\/ChatNowButton2-300x193.png\",\"datePublished\":\"2017-08-31T06:07:25+00:00\",\"dateModified\":\"2025-05-09T19:12:04+00:00\",\"description\":\"Llama o env\u00ede un mensaje de texto al (216) 619-6192 o al (440) 423-2020 para recibir apoyo en caso de crisis por violaci\u00f3n o haz clic para recibir asistencia por chat en los condados de Cuyahoga, Lake, Geauga y Ashtabula\",\"breadcrumb\":{\"@id\":\"https:\/\/clevelandrapecrisis.org\/contact\/crisis-and-support-hotline\/#breadcrumb\"},\"inLanguage\":\"es\",\"potentialAction\":[{\"@type\":\"ReadAction\",\"target\":[\"https:\/\/clevelandrapecrisis.org\/contact\/crisis-and-support-hotline\/\"]}]},{\"@type\":\"ImageObject\",\"inLanguage\":\"es\",\"@id\":\"https:\/\/clevelandrapecrisis.org\/contact\/crisis-and-support-hotline\/#primaryimage\",\"url\":\"https:\/\/clevelandrapecrisis.org\/wp-content\/uploads\/2017\/12\/ChatNowButton2-300x193.png\",\"contentUrl\":\"https:\/\/clevelandrapecrisis.org\/wp-content\/uploads\/2017\/12\/ChatNowButton2-300x193.png\"},{\"@type\":\"BreadcrumbList\",\"@id\":\"https:\/\/clevelandrapecrisis.org\/contact\/crisis-and-support-hotline\/#breadcrumb\",\"itemListElement\":[{\"@type\":\"ListItem\",\"position\":1,\"name\":\"Home\",\"item\":\"https:\/\/clevelandrapecrisis.org\/\"},{\"@type\":\"ListItem\",\"position\":2,\"name\":\"L\u00ednea directa de crisis y apoyo\"}]},{\"@type\":\"WebSite\",\"@id\":\"https:\/\/clevelandrapecrisis.org\/#website\",\"url\":\"https:\/\/clevelandrapecrisis.org\/\",\"name\":\"CRCC\",\"description\":\"Cleveland Rape Crisis Center\",\"potentialAction\":[{\"@type\":\"SearchAction\",\"target\":{\"@type\":\"EntryPoint\",\"urlTemplate\":\"https:\/\/clevelandrapecrisis.org\/?s={search_term_string}\"},\"query-input\":{\"@type\":\"PropertyValueSpecification\",\"valueRequired\":true,\"valueName\":\"search_term_string\"}}],\"inLanguage\":\"es\"}]}<\/script>\n<!-- \/ Yoast SEO Premium plugin. -->","yoast_head_json":{"title":"L\u00ednea directa de crisis y apoyo, chat y mensajes de texto en el Centro de crisis por violaci\u00f3n de Cleveland","description":"Llama o env\u00ede un mensaje de texto al (216) 619-6192 o al (440) 423-2020 para recibir apoyo en caso de crisis por violaci\u00f3n o haz clic para recibir asistencia por chat en los condados de Cuyahoga, Lake, Geauga y Ashtabula","robots":{"index":"index","follow":"follow","max-snippet":"max-snippet:-1","max-image-preview":"max-image-preview:large","max-video-preview":"max-video-preview:-1"},"canonical":"https:\/\/clevelandrapecrisis.org\/contact\/crisis-and-support-hotline\/","og_locale":"es_ES","og_type":"article","og_title":"L\u00ednea directa de crisis y apoyo disponible las 24 horas, los 7 d\u00edas de la semana, del Centro de crisis por violaci\u00f3n de Cleveland","og_description":"Llama o env\u00ede un mensaje de texto al (216) 619-6192 o al (440) 423-2020 para recibir apoyo en caso de crisis por violaci\u00f3n o haz clic para recibir asistencia por chat en los condados de Cuyahoga, Lake, Geauga y Ashtabula","og_url":"https:\/\/clevelandrapecrisis.org\/contact\/crisis-and-support-hotline\/","og_site_name":"CRCC","article_modified_time":"2025-05-09T19:12:04+00:00","og_image":[{"width":1665,"height":1071,"url":"https:\/\/clevelandrapecrisis.org\/wp-content\/uploads\/2017\/12\/ChatNowButton2.png","type":"image\/png"}],"twitter_card":"summary_large_image","twitter_title":"L\u00ednea directa de crisis y apoyo","twitter_misc":{"Est. reading time":"3 minutos"},"schema":{"@context":"https:\/\/schema.org","@graph":[{"@type":"WebPage","@id":"https:\/\/clevelandrapecrisis.org\/contact\/crisis-and-support-hotline\/","url":"https:\/\/clevelandrapecrisis.org\/contact\/crisis-and-support-hotline\/","name":"L\u00ednea directa de crisis y apoyo, chat y mensajes de texto en el Centro de crisis por violaci\u00f3n de Cleveland","isPartOf":{"@id":"https:\/\/clevelandrapecrisis.org\/#website"},"primaryImageOfPage":{"@id":"https:\/\/clevelandrapecrisis.org\/contact\/crisis-and-support-hotline\/#primaryimage"},"image":{"@id":"https:\/\/clevelandrapecrisis.org\/contact\/crisis-and-support-hotline\/#primaryimage"},"thumbnailUrl":"https:\/\/clevelandrapecrisis.org\/wp-content\/uploads\/2017\/12\/ChatNowButton2-300x193.png","datePublished":"2017-08-31T06:07:25+00:00","dateModified":"2025-05-09T19:12:04+00:00","description":"Llama o env\u00ede un mensaje de texto al (216) 619-6192 o al (440) 423-2020 para recibir apoyo en caso de crisis por violaci\u00f3n o haz clic para recibir asistencia por chat en los condados de Cuyahoga, Lake, Geauga y Ashtabula","breadcrumb":{"@id":"https:\/\/clevelandrapecrisis.org\/contact\/crisis-and-support-hotline\/#breadcrumb"},"inLanguage":"es","potentialAction":[{"@type":"ReadAction","target":["https:\/\/clevelandrapecrisis.org\/contact\/crisis-and-support-hotline\/"]}]},{"@type":"ImageObject","inLanguage":"es","@id":"https:\/\/clevelandrapecrisis.org\/contact\/crisis-and-support-hotline\/#primaryimage","url":"https:\/\/clevelandrapecrisis.org\/wp-content\/uploads\/2017\/12\/ChatNowButton2-300x193.png","contentUrl":"https:\/\/clevelandrapecrisis.org\/wp-content\/uploads\/2017\/12\/ChatNowButton2-300x193.png"},{"@type":"BreadcrumbList","@id":"https:\/\/clevelandrapecrisis.org\/contact\/crisis-and-support-hotline\/#breadcrumb","itemListElement":[{"@type":"ListItem","position":1,"name":"Home","item":"https:\/\/clevelandrapecrisis.org\/"},{"@type":"ListItem","position":2,"name":"L\u00ednea directa de crisis y apoyo"}]},{"@type":"WebSite","@id":"https:\/\/clevelandrapecrisis.org\/#website","url":"https:\/\/clevelandrapecrisis.org\/","name":"CRCC","description":"Cleveland Rape Crisis Center","potentialAction":[{"@type":"SearchAction","target":{"@type":"EntryPoint","urlTemplate":"https:\/\/clevelandrapecrisis.org\/?s={search_term_string}"},"query-input":{"@type":"PropertyValueSpecification","valueRequired":true,"valueName":"search_term_string"}}],"inLanguage":"es"}]}},"_links":{"self":[{"href":"https:\/\/clevelandrapecrisis.org\/es\/wp-json\/wp\/v2\/pages\/40715","targetHints":{"allow":["GET"]}}],"collection":[{"href":"https:\/\/clevelandrapecrisis.org\/es\/wp-json\/wp\/v2\/pages"}],"about":[{"href":"https:\/\/clevelandrapecrisis.org\/es\/wp-json\/wp\/v2\/types\/page"}],"author":[{"embeddable":true,"href":"https:\/\/clevelandrapecrisis.org\/es\/wp-json\/wp\/v2\/users\/3"}],"replies":[{"embeddable":true,"href":"https:\/\/clevelandrapecrisis.org\/es\/wp-json\/wp\/v2\/comments?post=40715"}],"version-history":[{"count":2,"href":"https:\/\/clevelandrapecrisis.org\/es\/wp-json\/wp\/v2\/pages\/40715\/revisions"}],"predecessor-version":[{"id":40717,"href":"https:\/\/clevelandrapecrisis.org\/es\/wp-json\/wp\/v2\/pages\/40715\/revisions\/40717"}],"wp:attachment":[{"href":"https:\/\/clevelandrapecrisis.org\/es\/wp-json\/wp\/v2\/media?parent=40715"}],"curies":[{"name":"wp","href":"https:\/\/api.w.org\/{rel}","templated":true}]}}