{"id":40712,"date":"2017-08-31T05:15:43","date_gmt":"2017-08-31T05:15:43","guid":{"rendered":"https:\/\/clevelandrapecrisis.org\/victim-assistance\/"},"modified":"2025-05-09T19:12:02","modified_gmt":"2025-05-09T19:12:02","slug":"victim-assistance","status":"publish","type":"page","link":"https:\/\/clevelandrapecrisis.org\/es\/services\/victim-assistance\/","title":{"rendered":"Defensa"},"content":{"rendered":"<p><img loading=\"lazy\" decoding=\"async\" class=\"wp-image-15775 alignleft\" src=\"https:\/\/clevelandrapecrisis.org\/wp-content\/uploads\/2020\/03\/VA-12-color-corrected-1024x540.jpg\" alt=\"Reuni\u00f3n de asistencia a v\u00edctimas\" width=\"560\" height=\"295\" srcset=\"https:\/\/clevelandrapecrisis.org\/wp-content\/uploads\/2020\/03\/VA-12-color-corrected-1024x540.jpg 1024w, https:\/\/clevelandrapecrisis.org\/wp-content\/uploads\/2020\/03\/VA-12-color-corrected-300x158.jpg 300w, https:\/\/clevelandrapecrisis.org\/wp-content\/uploads\/2020\/03\/VA-12-color-corrected-768x405.jpg 768w, https:\/\/clevelandrapecrisis.org\/wp-content\/uploads\/2020\/03\/VA-12-color-corrected-1536x810.jpg 1536w, https:\/\/clevelandrapecrisis.org\/wp-content\/uploads\/2020\/03\/VA-12-color-corrected-2048x1080.jpg 2048w\" sizes=\"auto, (max-width: 560px) 100vw, 560px\" \/><\/p>\n<h2>\u00a0<\/h2>\n<h2>\u00a0<\/h2>\n<h2>\u00a0<\/h2>\n<h2>\u00a0<\/h2>\n<p>&nbsp;<\/p>\n<h2>\u00a0<\/h2>\n<h2>\u00a0<\/h2>\n<h2>Defensa<\/h2>\n<p><strong>Un socio en la protecci\u00f3n de sus derechos.<\/strong><\/p>\n<p>Estamos aqu\u00ed para ayudar, ya sea que desee conocer sus opciones legales, los muchos tipos de recursos disponibles para usted o simplemente necesite que alguien lo escuche. Le creeremos y le apoyaremos en cada paso del camino, ya sea que elija denunciar una agresi\u00f3n a la polic\u00eda o no.<\/p>\n<p>Brindamos apoyo a v\u00edctimas de violaci\u00f3n y abuso sexual en los condados de Cuyahoga, Lake, Geauga y Ashtabula durante todo el proceso de justicia penal. Nuestros especialistas en v\u00edctimas pueden ayudarle proporcion\u00e1ndole apoyo, conocimiento y acceso a recursos.<\/p>\n<p>Los servicios de defensa est\u00e1n disponibles de forma remota a trav\u00e9s de telesalud y teleservicios, as\u00ed como en persona con cita previa. <\/p>\n<h2>C\u00f3mo podemos ayudar<\/h2>\n<p>Le creeremos y le ayudaremos a proteger sus derechos. Le brindaremos apoyo y asistencia a usted, a su familia y amigos, responderemos preguntas sobre los aspectos legales de la violaci\u00f3n y el abuso sexual, ayudaremos a facilitar la comunicaci\u00f3n entre usted, los tribunales y\/o la polic\u00eda, lo acompa\u00f1aremos a los tribunales y a las visitas con la polic\u00eda y su fiscal, y lo ayudaremos a conectarse con otros servicios si es necesario.<\/p>\n<p>No tomaremos decisiones por usted, no le brindaremos asesoramiento legal ni divulgaremos ninguna informaci\u00f3n sobre usted a nadie por ning\u00fan motivo sin su consentimiento por escrito. Le ayudaremos a tomar decisiones informadas, a comprender sus derechos y sus opciones, y le ayudaremos a conectarse con recursos como VINE (Informaci\u00f3n y notificaci\u00f3n a v\u00edctimas todos los d\u00edas).<\/p>\n<h2>\u00bfQu\u00e9 ayuda est\u00e1 disponible para las v\u00edctimas?<\/h2>\n<p>Lea sobre las muchas opciones disponibles para las v\u00edctimas en nuestras preguntas<a href=\"https:\/\/clevelandrapecrisis.org\/services\/victim-assistance\/victim-assistance-faq\/\"> <\/a>frecuentes sobre asistencia a las v\u00edctimas.<\/p>\n<h2>\u00bfTengo que informar a la polic\u00eda?<\/h2>\n<p>Denunciar o no una agresi\u00f3n a la polic\u00eda es decisi\u00f3n suya. Algunas v\u00edctimas sopesan sus opciones y deciden no denunciar. Los especialistas en v\u00edctimas del Centro de Crisis por Violaci\u00f3n de Cleveland pueden ayudarlo a considerar sus opciones y pueden brindarle asistencia independientemente de que decida o no que denunciar es lo adecuado para usted.<\/p>\n<div class=\"learn-more\">\n   <a href=\"&quot;https:\/\/clevelandrapecrisis.org\/contact\/request-an-appointment\/&quot;\">&quot;Solicitar<\/a>\n   <p> &quot;Para<\/p>\n<\/div>\n<p>Si necesita un int\u00e9rprete, Cleveland Rape Crisis Center le solicitar\u00e1 uno sin costo alguno (gratis). <\/p>\n<p>&nbsp;<\/p>\n<p><a href=\"https:\/\/clevelandrapecrisis.org\/es\/deaf-access\/\"><img loading=\"lazy\" decoding=\"async\" class=\"alignleft wp-image-4585\" src=\"https:\/\/clevelandrapecrisis.org\/wp-content\/uploads\/2018\/08\/sign-language-interpretation-symbol-web.png\" alt=\"Int\u00e9rprete de ASL\" width=\"40\" height=\"34\"><\/a><\/p>\n<h5><em>Nos esforzamos <\/em><em>por hacer que nuestros servicios sean accesibles para todos. Haga clic aqu\u00ed para obtener m\u00e1s informaci\u00f3n sobre <a href=\"https:\/\/clevelandrapecrisis.org\/es\/deaf-access\/\">el apoyo para sobrevivientes<\/a> sordos\/con discapacidad.<\/em><\/h5>\n<p>&nbsp;<\/p>\n<p><iframe loading=\"lazy\" src=\"https:\/\/www.youtube.com\/embed\/CP9SWQOHOX4\" width=\"560\" height=\"315\" frameborder=\"0\" allowfullscreen=\"allowfullscreen\"><\/iframe><\/p>\n","protected":false},"excerpt":{"rendered":"<p>\u00a0 \u00a0 \u00a0 \u00a0 &nbsp; \u00a0 \u00a0 Defensa Un socio en la protecci\u00f3n de sus derechos. Estamos aqu\u00ed para ayudar, ya sea que desee conocer sus opciones legales, los muchos tipos de recursos disponibles para usted o simplemente necesite que alguien lo escuche. Le creeremos y le apoyaremos en cada paso del camino, ya sea<\/p>\n","protected":false},"author":3,"featured_media":0,"parent":40746,"menu_order":2,"comment_status":"closed","ping_status":"closed","template":"page.php","meta":{"_acf_changed":false,"footnotes":""},"class_list":["post-40712","page","type-page","status-publish","hentry"],"acf":[],"yoast_head":"<!-- This site is optimized with the Yoast SEO Premium plugin v26.8 (Yoast SEO v26.8) - https:\/\/yoast.com\/product\/yoast-seo-premium-wordpress\/ -->\n<title>Defensa y asistencia a las v\u00edctimas de violaci\u00f3n y agresi\u00f3n sexual<\/title>\n<meta name=\"description\" content=\"El Centro de Crisis por Violaci\u00f3n de Cleveland est\u00e1 aqu\u00ed para ayudar a las v\u00edctimas de agresi\u00f3n sexual y violaci\u00f3n, incluido el apoyo de defensores.\" \/>\n<meta name=\"robots\" content=\"index, follow, max-snippet:-1, max-image-preview:large, max-video-preview:-1\" \/>\n<link rel=\"canonical\" href=\"https:\/\/clevelandrapecrisis.org\/services\/victim-assistance\/\" \/>\n<meta property=\"og:locale\" content=\"es_ES\" \/>\n<meta property=\"og:type\" content=\"article\" \/>\n<meta property=\"og:title\" content=\"Defensa de los sobrevivientes de la violencia sexual\" \/>\n<meta property=\"og:description\" content=\"El Centro de Crisis por Violaci\u00f3n de Cleveland est\u00e1 aqu\u00ed para ayudar a las v\u00edctimas de agresi\u00f3n sexual y violaci\u00f3n, incluido el apoyo de defensores.\" \/>\n<meta property=\"og:url\" content=\"https:\/\/clevelandrapecrisis.org\/services\/victim-assistance\/\" \/>\n<meta property=\"og:site_name\" content=\"CRCC\" \/>\n<meta property=\"article:modified_time\" content=\"2025-05-09T19:12:02+00:00\" \/>\n<meta property=\"og:image\" content=\"https:\/\/clevelandrapecrisis.org\/wp-content\/uploads\/2020\/03\/VA-12-color-corrected-scaled.jpg\" \/>\n\t<meta property=\"og:image:width\" content=\"2560\" \/>\n\t<meta property=\"og:image:height\" content=\"1350\" \/>\n\t<meta property=\"og:image:type\" content=\"image\/jpeg\" \/>\n<meta name=\"twitter:card\" content=\"summary_large_image\" \/>\n<meta name=\"twitter:title\" content=\"Defensa\" \/>\n<meta name=\"twitter:label1\" content=\"Est. reading time\" \/>\n\t<meta name=\"twitter:data1\" content=\"2 minutos\" \/>\n<script type=\"application\/ld+json\" class=\"yoast-schema-graph\">{\"@context\":\"https:\/\/schema.org\",\"@graph\":[{\"@type\":\"WebPage\",\"@id\":\"https:\/\/clevelandrapecrisis.org\/services\/victim-assistance\/\",\"url\":\"https:\/\/clevelandrapecrisis.org\/services\/victim-assistance\/\",\"name\":\"Defensa y asistencia a las v\u00edctimas de violaci\u00f3n y agresi\u00f3n sexual\",\"isPartOf\":{\"@id\":\"https:\/\/clevelandrapecrisis.org\/#website\"},\"primaryImageOfPage\":{\"@id\":\"https:\/\/clevelandrapecrisis.org\/services\/victim-assistance\/#primaryimage\"},\"image\":{\"@id\":\"https:\/\/clevelandrapecrisis.org\/services\/victim-assistance\/#primaryimage\"},\"thumbnailUrl\":\"https:\/\/clevelandrapecrisis.org\/wp-content\/uploads\/2020\/03\/VA-12-color-corrected-1024x540.jpg\",\"datePublished\":\"2017-08-31T05:15:43+00:00\",\"dateModified\":\"2025-05-09T19:12:02+00:00\",\"description\":\"El Centro de Crisis por Violaci\u00f3n de Cleveland est\u00e1 aqu\u00ed para ayudar a las v\u00edctimas de agresi\u00f3n sexual y violaci\u00f3n, incluido el apoyo de defensores.\",\"breadcrumb\":{\"@id\":\"https:\/\/clevelandrapecrisis.org\/services\/victim-assistance\/#breadcrumb\"},\"inLanguage\":\"es\",\"potentialAction\":[{\"@type\":\"ReadAction\",\"target\":[\"https:\/\/clevelandrapecrisis.org\/services\/victim-assistance\/\"]}]},{\"@type\":\"ImageObject\",\"inLanguage\":\"es\",\"@id\":\"https:\/\/clevelandrapecrisis.org\/services\/victim-assistance\/#primaryimage\",\"url\":\"https:\/\/clevelandrapecrisis.org\/wp-content\/uploads\/2020\/03\/VA-12-color-corrected-1024x540.jpg\",\"contentUrl\":\"https:\/\/clevelandrapecrisis.org\/wp-content\/uploads\/2020\/03\/VA-12-color-corrected-1024x540.jpg\"},{\"@type\":\"BreadcrumbList\",\"@id\":\"https:\/\/clevelandrapecrisis.org\/services\/victim-assistance\/#breadcrumb\",\"itemListElement\":[{\"@type\":\"ListItem\",\"position\":1,\"name\":\"Home\",\"item\":\"https:\/\/clevelandrapecrisis.org\/\"},{\"@type\":\"ListItem\",\"position\":2,\"name\":\"Defensa\"}]},{\"@type\":\"WebSite\",\"@id\":\"https:\/\/clevelandrapecrisis.org\/#website\",\"url\":\"https:\/\/clevelandrapecrisis.org\/\",\"name\":\"CRCC\",\"description\":\"Cleveland Rape Crisis Center\",\"potentialAction\":[{\"@type\":\"SearchAction\",\"target\":{\"@type\":\"EntryPoint\",\"urlTemplate\":\"https:\/\/clevelandrapecrisis.org\/?s={search_term_string}\"},\"query-input\":{\"@type\":\"PropertyValueSpecification\",\"valueRequired\":true,\"valueName\":\"search_term_string\"}}],\"inLanguage\":\"es\"}]}<\/script>\n<!-- \/ Yoast SEO Premium plugin. -->","yoast_head_json":{"title":"Defensa y asistencia a las v\u00edctimas de violaci\u00f3n y agresi\u00f3n sexual","description":"El Centro de Crisis por Violaci\u00f3n de Cleveland est\u00e1 aqu\u00ed para ayudar a las v\u00edctimas de agresi\u00f3n sexual y violaci\u00f3n, incluido el apoyo de defensores.","robots":{"index":"index","follow":"follow","max-snippet":"max-snippet:-1","max-image-preview":"max-image-preview:large","max-video-preview":"max-video-preview:-1"},"canonical":"https:\/\/clevelandrapecrisis.org\/services\/victim-assistance\/","og_locale":"es_ES","og_type":"article","og_title":"Defensa de los sobrevivientes de la violencia sexual","og_description":"El Centro de Crisis por Violaci\u00f3n de Cleveland est\u00e1 aqu\u00ed para ayudar a las v\u00edctimas de agresi\u00f3n sexual y violaci\u00f3n, incluido el apoyo de defensores.","og_url":"https:\/\/clevelandrapecrisis.org\/services\/victim-assistance\/","og_site_name":"CRCC","article_modified_time":"2025-05-09T19:12:02+00:00","og_image":[{"width":2560,"height":1350,"url":"https:\/\/clevelandrapecrisis.org\/wp-content\/uploads\/2020\/03\/VA-12-color-corrected-scaled.jpg","type":"image\/jpeg"}],"twitter_card":"summary_large_image","twitter_title":"Defensa","twitter_misc":{"Est. reading time":"2 minutos"},"schema":{"@context":"https:\/\/schema.org","@graph":[{"@type":"WebPage","@id":"https:\/\/clevelandrapecrisis.org\/services\/victim-assistance\/","url":"https:\/\/clevelandrapecrisis.org\/services\/victim-assistance\/","name":"Defensa y asistencia a las v\u00edctimas de violaci\u00f3n y agresi\u00f3n sexual","isPartOf":{"@id":"https:\/\/clevelandrapecrisis.org\/#website"},"primaryImageOfPage":{"@id":"https:\/\/clevelandrapecrisis.org\/services\/victim-assistance\/#primaryimage"},"image":{"@id":"https:\/\/clevelandrapecrisis.org\/services\/victim-assistance\/#primaryimage"},"thumbnailUrl":"https:\/\/clevelandrapecrisis.org\/wp-content\/uploads\/2020\/03\/VA-12-color-corrected-1024x540.jpg","datePublished":"2017-08-31T05:15:43+00:00","dateModified":"2025-05-09T19:12:02+00:00","description":"El Centro de Crisis por Violaci\u00f3n de Cleveland est\u00e1 aqu\u00ed para ayudar a las v\u00edctimas de agresi\u00f3n sexual y violaci\u00f3n, incluido el apoyo de defensores.","breadcrumb":{"@id":"https:\/\/clevelandrapecrisis.org\/services\/victim-assistance\/#breadcrumb"},"inLanguage":"es","potentialAction":[{"@type":"ReadAction","target":["https:\/\/clevelandrapecrisis.org\/services\/victim-assistance\/"]}]},{"@type":"ImageObject","inLanguage":"es","@id":"https:\/\/clevelandrapecrisis.org\/services\/victim-assistance\/#primaryimage","url":"https:\/\/clevelandrapecrisis.org\/wp-content\/uploads\/2020\/03\/VA-12-color-corrected-1024x540.jpg","contentUrl":"https:\/\/clevelandrapecrisis.org\/wp-content\/uploads\/2020\/03\/VA-12-color-corrected-1024x540.jpg"},{"@type":"BreadcrumbList","@id":"https:\/\/clevelandrapecrisis.org\/services\/victim-assistance\/#breadcrumb","itemListElement":[{"@type":"ListItem","position":1,"name":"Home","item":"https:\/\/clevelandrapecrisis.org\/"},{"@type":"ListItem","position":2,"name":"Defensa"}]},{"@type":"WebSite","@id":"https:\/\/clevelandrapecrisis.org\/#website","url":"https:\/\/clevelandrapecrisis.org\/","name":"CRCC","description":"Cleveland Rape Crisis Center","potentialAction":[{"@type":"SearchAction","target":{"@type":"EntryPoint","urlTemplate":"https:\/\/clevelandrapecrisis.org\/?s={search_term_string}"},"query-input":{"@type":"PropertyValueSpecification","valueRequired":true,"valueName":"search_term_string"}}],"inLanguage":"es"}]}},"_links":{"self":[{"href":"https:\/\/clevelandrapecrisis.org\/es\/wp-json\/wp\/v2\/pages\/40712","targetHints":{"allow":["GET"]}}],"collection":[{"href":"https:\/\/clevelandrapecrisis.org\/es\/wp-json\/wp\/v2\/pages"}],"about":[{"href":"https:\/\/clevelandrapecrisis.org\/es\/wp-json\/wp\/v2\/types\/page"}],"author":[{"embeddable":true,"href":"https:\/\/clevelandrapecrisis.org\/es\/wp-json\/wp\/v2\/users\/3"}],"replies":[{"embeddable":true,"href":"https:\/\/clevelandrapecrisis.org\/es\/wp-json\/wp\/v2\/comments?post=40712"}],"version-history":[{"count":2,"href":"https:\/\/clevelandrapecrisis.org\/es\/wp-json\/wp\/v2\/pages\/40712\/revisions"}],"predecessor-version":[{"id":40714,"href":"https:\/\/clevelandrapecrisis.org\/es\/wp-json\/wp\/v2\/pages\/40712\/revisions\/40714"}],"up":[{"embeddable":true,"href":"https:\/\/clevelandrapecrisis.org\/es\/wp-json\/wp\/v2\/pages\/40746"}],"wp:attachment":[{"href":"https:\/\/clevelandrapecrisis.org\/es\/wp-json\/wp\/v2\/media?parent=40712"}],"curies":[{"name":"wp","href":"https:\/\/api.w.org\/{rel}","templated":true}]}}