{"id":40709,"date":"2017-08-31T05:14:46","date_gmt":"2017-08-31T05:14:46","guid":{"rendered":"https:\/\/clevelandrapecrisis.org\/individual-counseling\/"},"modified":"2025-05-09T19:12:01","modified_gmt":"2025-05-09T19:12:01","slug":"individual-counseling","status":"publish","type":"page","link":"https:\/\/clevelandrapecrisis.org\/es\/services\/individual-counseling\/","title":{"rendered":"Asesoramiento individual"},"content":{"rendered":"<h2>\u00a0<img loading=\"lazy\" decoding=\"async\" class=\"alignnone wp-image-693\" src=\"https:\/\/clevelandrapecrisis.org\/wp-content\/uploads\/2017\/08\/CRCC_Services_IndCounseling.jpg\" alt=\"Servicios CRCC_Asesoramiento individual\" width=\"500\" height=\"250\" srcset=\"https:\/\/clevelandrapecrisis.org\/wp-content\/uploads\/2017\/08\/CRCC_Services_IndCounseling.jpg 800w, https:\/\/clevelandrapecrisis.org\/wp-content\/uploads\/2017\/08\/CRCC_Services_IndCounseling-300x150.jpg 300w, https:\/\/clevelandrapecrisis.org\/wp-content\/uploads\/2017\/08\/CRCC_Services_IndCounseling-768x384.jpg 768w\" sizes=\"auto, (max-width: 500px) 100vw, 500px\" \/><\/h2>\n<p>&nbsp;<\/p>\n<h2>Servicios de asesoramiento<\/h2>\n<p><strong>No importa cu\u00e1nto tiempo haya pasado desde que te lastimaste, nunca es demasiado tarde para comenzar a sanar.<\/strong><\/p>\n<p>El Centro de Crisis por Violaci\u00f3n de Cleveland ofrece servicios de asesoramiento a ni\u00f1os y adultos sobrevivientes de violaci\u00f3n, tr\u00e1fico sexual y abuso sexual, as\u00ed como servicios de apoyo a parejas, padres y familiares. Nuestro personal altamente capacitado trabajar\u00e1 con usted para dise\u00f1ar un plan de recuperaci\u00f3n adecuado para usted.<\/p>\n<p>Atendemos a ni\u00f1os y adultos de todas las identidades de g\u00e9nero, afectados por el continuo de exposici\u00f3n al trauma sexual, desde incidentes agudos como una violaci\u00f3n o abuso sexual reciente, hasta experiencias cr\u00f3nicas de abuso sexual infantil. Muchos clientes acuden a nosotros a\u00f1os o d\u00e9cadas despu\u00e9s de su experiencia traum\u00e1tica y despu\u00e9s de muchos a\u00f1os de tratamiento infructuoso.<\/p>\n<p>Los servicios de asesoramiento individual est\u00e1n disponibles de forma remota a trav\u00e9s de telesalud y teleservicios, as\u00ed como en persona con cita previa.<\/p>\n<h2>Nuestro enfoque<\/h2>\n<p>Nos esforzamos por crear un entorno seguro, acogedor, curativo y respetuoso donde los sobrevivientes y sus familias encuentren apoyo. Servimos a todos los sobrevivientes de violaci\u00f3n y agresi\u00f3n sexual y a quienes los apoyan, independientemente de su edad, identidad de g\u00e9nero, orientaci\u00f3n sexual, raza, ingresos, capacidad o religi\u00f3n.<\/p>\n<h2>Servicios prioritarios<\/h2>\n<p>Si usted es un sobreviviente de un asalto ocurrido dentro de los \u00faltimos 30 d\u00edas, haremos todo lo posible para atenderlo tan pronto como podamos concertar una cita.<\/p>\n<h2>Asesoramiento a corto plazo<\/h2>\n<p>Sesiones de asesoramiento para cualquier sobreviviente de violaci\u00f3n o abuso sexual que busque procesar las formas en que su abuso sexual o violaci\u00f3n impacta su vida hoy, y aprender c\u00f3mo afrontarlo y seguir adelante en sus vidas de manera saludable.<\/p>\n<h2><a href=\"https:\/\/clevelandrapecrisis.org\/es\/child-and-family-services\/\">Servicios para ni\u00f1os y familias<\/a><\/h2>\n<p>Sesiones de asesoramiento para ni\u00f1os de 0 a 18 a\u00f1os afectados por violaci\u00f3n y abuso sexual, y para miembros de la familia. En la mayor\u00eda de los casos, se ofrece asesoramiento a domicilio para ni\u00f1os de hasta 12 a\u00f1os. El asesoramiento para j\u00f3venes de 12 a 18 a\u00f1os est\u00e1 disponible en nuestras oficinas.<\/p>\n<h2>Sesiones de apoyo<\/h2>\n<p>Hasta cuatro sesiones de asesoramiento para parejas, padres, hermanos u otras relaciones significativas para afrontar el trauma secundario.<\/p>\n<h2><a href=\"https:\/\/clevelandrapecrisis.org\/services\/servicios\/\">Servicios<\/a><\/h2>\n<p>Nuestros servicios de terapias tambi\u00e9n se ofrecen en espa\u00f1ol. Aprenda m\u00e1s sobre c\u00f3mo acceder a nuestros <a href=\"https:\/\/clevelandrapecrisis.org\/services\/servicios\/\">servicios en espa\u00f1ol.<\/a><\/p>\n<h2><a href=\"https:\/\/clevelandrapecrisis.org\/about-us\/locations\/\">Ubicaciones<\/a><\/h2>\n<p>Haga una cita hoy para reunirse con un consejero en cualquiera de nuestras ubicaciones en <a href=\"https:\/\/clevelandrapecrisis.org\/about-us\/locations\/ashtabula-office\/\">Ashtabula<\/a>, <a href=\"https:\/\/clevelandrapecrisis.org\/about-us\/locations\/chardon-office\/\">Chardon<\/a>, <a href=\"https:\/\/clevelandrapecrisis.org\/es\/clark-fulton\/\">Clark-Fulton<\/a>, <a href=\"https:\/\/clevelandrapecrisis.org\/about-us\/locations\/mentor-office\/\">Mentor,<\/a> <a href=\"https:\/\/clevelandrapecrisis.org\/about-us\/locations\/shaker-square-office\/\">Shaker Square<\/a> o <a href=\"https:\/\/clevelandrapecrisis.org\/?page_id=69\">Westlake<\/a>. <\/p>\n<div class=\"learn-more\">\n   <a href=\"&quot;https:\/\/clevelandrapecrisis.org\/contact\/request-an-appointment\/&quot;\">&quot;Solicitar<\/a>\n   <p> &quot;Llame<\/p>\n<\/div>\n<p>Si necesita un int\u00e9rprete, Cleveland Rape Crisis Center le solicitar\u00e1 uno sin costo alguno (gratis). <\/p>\n<p><a href=\"https:\/\/clevelandrapecrisis.org\/es\/deaf-access\/\"><img loading=\"lazy\" decoding=\"async\" class=\"alignleft wp-image-4585\" src=\"https:\/\/clevelandrapecrisis.org\/wp-content\/uploads\/2018\/08\/sign-language-interpretation-symbol-web.png\" alt=\"Int\u00e9rprete de ASL\" width=\"40\" height=\"34\"><\/a><\/p>\n<h5><em>Nos esforzamos <\/em><em>por hacer que nuestros servicios sean accesibles para todos. Haga clic aqu\u00ed para obtener m\u00e1s informaci\u00f3n sobre <a href=\"https:\/\/clevelandrapecrisis.org\/es\/deaf-access\/\">el apoyo para sobrevivientes<\/a> sordos\/con discapacidad.<\/em><\/h5>\n","protected":false},"excerpt":{"rendered":"<p>\u00a0 &nbsp; Servicios de asesoramiento No importa cu\u00e1nto tiempo haya pasado desde que te lastimaste, nunca es demasiado tarde para comenzar a sanar. El Centro de Crisis por Violaci\u00f3n de Cleveland ofrece servicios de asesoramiento a ni\u00f1os y adultos sobrevivientes de violaci\u00f3n, tr\u00e1fico sexual y abuso sexual, as\u00ed como servicios de apoyo a parejas, padres<\/p>\n","protected":false},"author":3,"featured_media":0,"parent":40746,"menu_order":3,"comment_status":"closed","ping_status":"closed","template":"page.php","meta":{"_acf_changed":false,"footnotes":""},"class_list":["post-40709","page","type-page","status-publish","hentry"],"acf":[],"yoast_head":"<!-- This site is optimized with the Yoast SEO Premium plugin v26.8 (Yoast SEO v26.8) - https:\/\/yoast.com\/product\/yoast-seo-premium-wordpress\/ -->\n<title>Asesoramiento individual para sobrevivientes de violaci\u00f3n y agresi\u00f3n sexual<\/title>\n<meta name=\"description\" content=\"El Centro de Crisis por Violaci\u00f3n de Cleveland ofrece asesoramiento individual a sobrevivientes adultos y adolescentes de agresi\u00f3n sexual y violaci\u00f3n en el noreste de Ohio.\" \/>\n<meta name=\"robots\" content=\"index, follow, max-snippet:-1, max-image-preview:large, max-video-preview:-1\" \/>\n<link rel=\"canonical\" href=\"https:\/\/clevelandrapecrisis.org\/services\/individual-counseling\/\" \/>\n<meta property=\"og:locale\" content=\"es_ES\" \/>\n<meta property=\"og:type\" content=\"article\" \/>\n<meta property=\"og:title\" content=\"Asesoramiento individual\" \/>\n<meta property=\"og:description\" content=\"El Centro de Crisis por Violaci\u00f3n de Cleveland ofrece asesoramiento individual a sobrevivientes adultos y adolescentes de agresi\u00f3n sexual y violaci\u00f3n en el noreste de Ohio.\" \/>\n<meta property=\"og:url\" content=\"https:\/\/clevelandrapecrisis.org\/services\/individual-counseling\/\" \/>\n<meta property=\"og:site_name\" content=\"CRCC\" \/>\n<meta property=\"article:modified_time\" content=\"2025-05-09T19:12:01+00:00\" \/>\n<meta property=\"og:image\" content=\"https:\/\/clevelandrapecrisis.org\/wp-content\/uploads\/2017\/08\/CRCC_Services_IndCounseling.jpg\" \/>\n\t<meta property=\"og:image:width\" content=\"800\" \/>\n\t<meta property=\"og:image:height\" content=\"400\" \/>\n\t<meta property=\"og:image:type\" content=\"image\/jpeg\" \/>\n<meta name=\"twitter:card\" content=\"summary_large_image\" \/>\n<meta name=\"twitter:label1\" content=\"Est. reading time\" \/>\n\t<meta name=\"twitter:data1\" content=\"3 minutos\" \/>\n<script type=\"application\/ld+json\" class=\"yoast-schema-graph\">{\"@context\":\"https:\/\/schema.org\",\"@graph\":[{\"@type\":\"WebPage\",\"@id\":\"https:\/\/clevelandrapecrisis.org\/services\/individual-counseling\/\",\"url\":\"https:\/\/clevelandrapecrisis.org\/services\/individual-counseling\/\",\"name\":\"Asesoramiento individual para sobrevivientes de violaci\u00f3n y agresi\u00f3n sexual\",\"isPartOf\":{\"@id\":\"https:\/\/clevelandrapecrisis.org\/#website\"},\"primaryImageOfPage\":{\"@id\":\"https:\/\/clevelandrapecrisis.org\/services\/individual-counseling\/#primaryimage\"},\"image\":{\"@id\":\"https:\/\/clevelandrapecrisis.org\/services\/individual-counseling\/#primaryimage\"},\"thumbnailUrl\":\"https:\/\/clevelandrapecrisis.org\/wp-content\/uploads\/2017\/08\/CRCC_Services_IndCounseling.jpg\",\"datePublished\":\"2017-08-31T05:14:46+00:00\",\"dateModified\":\"2025-05-09T19:12:01+00:00\",\"description\":\"El Centro de Crisis por Violaci\u00f3n de Cleveland ofrece asesoramiento individual a sobrevivientes adultos y adolescentes de agresi\u00f3n sexual y violaci\u00f3n en el noreste de Ohio.\",\"breadcrumb\":{\"@id\":\"https:\/\/clevelandrapecrisis.org\/services\/individual-counseling\/#breadcrumb\"},\"inLanguage\":\"es\",\"potentialAction\":[{\"@type\":\"ReadAction\",\"target\":[\"https:\/\/clevelandrapecrisis.org\/services\/individual-counseling\/\"]}]},{\"@type\":\"ImageObject\",\"inLanguage\":\"es\",\"@id\":\"https:\/\/clevelandrapecrisis.org\/services\/individual-counseling\/#primaryimage\",\"url\":\"https:\/\/clevelandrapecrisis.org\/wp-content\/uploads\/2017\/08\/CRCC_Services_IndCounseling.jpg\",\"contentUrl\":\"https:\/\/clevelandrapecrisis.org\/wp-content\/uploads\/2017\/08\/CRCC_Services_IndCounseling.jpg\"},{\"@type\":\"BreadcrumbList\",\"@id\":\"https:\/\/clevelandrapecrisis.org\/services\/individual-counseling\/#breadcrumb\",\"itemListElement\":[{\"@type\":\"ListItem\",\"position\":1,\"name\":\"Home\",\"item\":\"https:\/\/clevelandrapecrisis.org\/\"},{\"@type\":\"ListItem\",\"position\":2,\"name\":\"Asesoramiento individual\"}]},{\"@type\":\"WebSite\",\"@id\":\"https:\/\/clevelandrapecrisis.org\/#website\",\"url\":\"https:\/\/clevelandrapecrisis.org\/\",\"name\":\"CRCC\",\"description\":\"Cleveland Rape Crisis Center\",\"potentialAction\":[{\"@type\":\"SearchAction\",\"target\":{\"@type\":\"EntryPoint\",\"urlTemplate\":\"https:\/\/clevelandrapecrisis.org\/?s={search_term_string}\"},\"query-input\":{\"@type\":\"PropertyValueSpecification\",\"valueRequired\":true,\"valueName\":\"search_term_string\"}}],\"inLanguage\":\"es\"}]}<\/script>\n<!-- \/ Yoast SEO Premium plugin. -->","yoast_head_json":{"title":"Asesoramiento individual para sobrevivientes de violaci\u00f3n y agresi\u00f3n sexual","description":"El Centro de Crisis por Violaci\u00f3n de Cleveland ofrece asesoramiento individual a sobrevivientes adultos y adolescentes de agresi\u00f3n sexual y violaci\u00f3n en el noreste de Ohio.","robots":{"index":"index","follow":"follow","max-snippet":"max-snippet:-1","max-image-preview":"max-image-preview:large","max-video-preview":"max-video-preview:-1"},"canonical":"https:\/\/clevelandrapecrisis.org\/services\/individual-counseling\/","og_locale":"es_ES","og_type":"article","og_title":"Asesoramiento individual","og_description":"El Centro de Crisis por Violaci\u00f3n de Cleveland ofrece asesoramiento individual a sobrevivientes adultos y adolescentes de agresi\u00f3n sexual y violaci\u00f3n en el noreste de Ohio.","og_url":"https:\/\/clevelandrapecrisis.org\/services\/individual-counseling\/","og_site_name":"CRCC","article_modified_time":"2025-05-09T19:12:01+00:00","og_image":[{"width":800,"height":400,"url":"https:\/\/clevelandrapecrisis.org\/wp-content\/uploads\/2017\/08\/CRCC_Services_IndCounseling.jpg","type":"image\/jpeg"}],"twitter_card":"summary_large_image","twitter_misc":{"Est. reading time":"3 minutos"},"schema":{"@context":"https:\/\/schema.org","@graph":[{"@type":"WebPage","@id":"https:\/\/clevelandrapecrisis.org\/services\/individual-counseling\/","url":"https:\/\/clevelandrapecrisis.org\/services\/individual-counseling\/","name":"Asesoramiento individual para sobrevivientes de violaci\u00f3n y agresi\u00f3n sexual","isPartOf":{"@id":"https:\/\/clevelandrapecrisis.org\/#website"},"primaryImageOfPage":{"@id":"https:\/\/clevelandrapecrisis.org\/services\/individual-counseling\/#primaryimage"},"image":{"@id":"https:\/\/clevelandrapecrisis.org\/services\/individual-counseling\/#primaryimage"},"thumbnailUrl":"https:\/\/clevelandrapecrisis.org\/wp-content\/uploads\/2017\/08\/CRCC_Services_IndCounseling.jpg","datePublished":"2017-08-31T05:14:46+00:00","dateModified":"2025-05-09T19:12:01+00:00","description":"El Centro de Crisis por Violaci\u00f3n de Cleveland ofrece asesoramiento individual a sobrevivientes adultos y adolescentes de agresi\u00f3n sexual y violaci\u00f3n en el noreste de Ohio.","breadcrumb":{"@id":"https:\/\/clevelandrapecrisis.org\/services\/individual-counseling\/#breadcrumb"},"inLanguage":"es","potentialAction":[{"@type":"ReadAction","target":["https:\/\/clevelandrapecrisis.org\/services\/individual-counseling\/"]}]},{"@type":"ImageObject","inLanguage":"es","@id":"https:\/\/clevelandrapecrisis.org\/services\/individual-counseling\/#primaryimage","url":"https:\/\/clevelandrapecrisis.org\/wp-content\/uploads\/2017\/08\/CRCC_Services_IndCounseling.jpg","contentUrl":"https:\/\/clevelandrapecrisis.org\/wp-content\/uploads\/2017\/08\/CRCC_Services_IndCounseling.jpg"},{"@type":"BreadcrumbList","@id":"https:\/\/clevelandrapecrisis.org\/services\/individual-counseling\/#breadcrumb","itemListElement":[{"@type":"ListItem","position":1,"name":"Home","item":"https:\/\/clevelandrapecrisis.org\/"},{"@type":"ListItem","position":2,"name":"Asesoramiento individual"}]},{"@type":"WebSite","@id":"https:\/\/clevelandrapecrisis.org\/#website","url":"https:\/\/clevelandrapecrisis.org\/","name":"CRCC","description":"Cleveland Rape Crisis Center","potentialAction":[{"@type":"SearchAction","target":{"@type":"EntryPoint","urlTemplate":"https:\/\/clevelandrapecrisis.org\/?s={search_term_string}"},"query-input":{"@type":"PropertyValueSpecification","valueRequired":true,"valueName":"search_term_string"}}],"inLanguage":"es"}]}},"_links":{"self":[{"href":"https:\/\/clevelandrapecrisis.org\/es\/wp-json\/wp\/v2\/pages\/40709","targetHints":{"allow":["GET"]}}],"collection":[{"href":"https:\/\/clevelandrapecrisis.org\/es\/wp-json\/wp\/v2\/pages"}],"about":[{"href":"https:\/\/clevelandrapecrisis.org\/es\/wp-json\/wp\/v2\/types\/page"}],"author":[{"embeddable":true,"href":"https:\/\/clevelandrapecrisis.org\/es\/wp-json\/wp\/v2\/users\/3"}],"replies":[{"embeddable":true,"href":"https:\/\/clevelandrapecrisis.org\/es\/wp-json\/wp\/v2\/comments?post=40709"}],"version-history":[{"count":2,"href":"https:\/\/clevelandrapecrisis.org\/es\/wp-json\/wp\/v2\/pages\/40709\/revisions"}],"predecessor-version":[{"id":40711,"href":"https:\/\/clevelandrapecrisis.org\/es\/wp-json\/wp\/v2\/pages\/40709\/revisions\/40711"}],"up":[{"embeddable":true,"href":"https:\/\/clevelandrapecrisis.org\/es\/wp-json\/wp\/v2\/pages\/40746"}],"wp:attachment":[{"href":"https:\/\/clevelandrapecrisis.org\/es\/wp-json\/wp\/v2\/media?parent=40709"}],"curies":[{"name":"wp","href":"https:\/\/api.w.org\/{rel}","templated":true}]}}