{"id":40703,"date":"2017-08-31T05:16:16","date_gmt":"2017-08-31T05:16:16","guid":{"rendered":"https:\/\/clevelandrapecrisis.org\/support-groups\/"},"modified":"2025-05-09T19:11:55","modified_gmt":"2025-05-09T19:11:55","slug":"support-groups","status":"publish","type":"page","link":"https:\/\/clevelandrapecrisis.org\/es\/services\/support-groups\/","title":{"rendered":"Grupos de apoyo"},"content":{"rendered":"<p><strong>\u00a1No est\u00e1s solo y puedes sentirte mejor!<\/strong><\/p>\n<p>El Centro de Crisis por Violaci\u00f3n de Cleveland ofrece grupos de apoyo para mujeres, hombres, padres y j\u00f3venes.<\/p>\n<h2>\u00bfQu\u00e9 son los grupos de apoyo?<\/h2>\n<p>Los grupos de apoyo brindan un entorno seguro para procesar las formas en que su historia de violaci\u00f3n o abuso sexual impacta la vida actual con otras personas que han tenido experiencias similares. Los grupos de apoyo para v\u00edctimas de agresi\u00f3n sexual y violaci\u00f3n son cerrados y se re\u00fanen semanalmente durante 90 minutos y duran entre 10 y 12 semanas cada uno. Los grupos pueden reunirse en las oficinas de <a href=\"https:\/\/clevelandrapecrisis.org\/es\/clark-fulton\/\">Clark-Fulton<\/a>, <a href=\"https:\/\/clevelandrapecrisis.org\/about-us\/locations\/shaker-square-office\/\">Shaker Square<\/a> y <a href=\"https:\/\/clevelandrapecrisis.org\/about-us\/locations\/ashtabula-office\/\">Ashtabula<\/a>.<\/p>\n<p style=\"background: white; margin: 0in 0in 15.0pt 0in;\"><span style=\"font-size: 15.0pt; font-family: 'Ideal-Sans-L',serif; color: #55565c;\">Los grupos de apoyo generalmente se ofrecen dos veces al a\u00f1o, seg\u00fan el inter\u00e9s.<\/span><\/p>\n<h2>C\u00f3mo participar<\/h2>\n<p>Para obtener m\u00e1s informaci\u00f3n sobre los grupos de apoyo, llame al <strong><a href=\"tel:2166196192\">(216) 619-6192<\/a><\/strong>. Se requiere una evaluaci\u00f3n previa del grupo para participar. La mayor\u00eda de los participantes del grupo habr\u00e1n completado una terapia individual relacionada con su trauma sexual antes de participar en un grupo de apoyo.<\/p>\n<p>Si necesita un int\u00e9rprete, Cleveland Rape Crisis Center le solicitar\u00e1 uno sin costo alguno (gratis). <\/p>\n<h2>Grupos de apoyo en el Centro de Crisis por Violaci\u00f3n de Cleveland<\/h2>\n<p><a href=\"https:\/\/clevelandrapecrisis.org\/services\/support-groups\/strength-support-women\/\"><strong>Strength in Support (Women)<\/strong><\/a> es un grupo de apoyo de 10 semanas que brinda a las mujeres sobrevivientes de violaci\u00f3n y abuso sexual (mayores de 18 a\u00f1os) un entorno seguro para procesar las formas en que la historia de trauma sexual de cada participante impacta la vida actual. Los participantes recibir\u00e1n apoyo e informaci\u00f3n sobre el trauma, ejercicios creativos y oportunidades para explorar cuestiones de afrontamiento, confianza, autoestima y otros desaf\u00edos. Todas las sesiones est\u00e1n dirigidas por terapeutas del CRCC.<\/p>\n<p><strong>Strength in Support (Men)<\/strong> es un grupo de apoyo de 10 a 12 semanas que brinda a los sobrevivientes masculinos de violaci\u00f3n y abuso sexual (de 18 a\u00f1os en adelante) un entorno seguro para procesar las formas en que la historia de trauma sexual de cada participante impacta la vida actual. Los participantes recibir\u00e1n apoyo e informaci\u00f3n sobre el trauma, as\u00ed como oportunidades para explorar cuestiones de afrontamiento, confianza, autoestima y otros desaf\u00edos. Todas las sesiones est\u00e1n dirigidas por terapeutas del CRCC.<\/p>\n<p><strong>Trauma 101 (Mujeres) <\/strong>es un grupo de apoyo educativo de 10 a 12 semanas dise\u00f1ado espec\u00edficamente para mujeres sobrevivientes que tienen antecedentes de trauma complejo y se centra en qu\u00e9 es el trauma, c\u00f3mo puede afectar su vida y c\u00f3mo afrontarlo. Este grupo ofrecer\u00e1 apoyo para recuperar sentimientos de seguridad y empoderamiento personal. Cada sesi\u00f3n de grupo se centra en un tema diferente y brinda a los miembros la oportunidad de aprender informaci\u00f3n y explorar sus propias experiencias en compa\u00f1\u00eda de otros sobrevivientes. Todas las sesiones est\u00e1n dirigidas por terapeutas del CRCC.<\/p>\n<p><a href=\"https:\/\/clevelandrapecrisis.org\/services\/support-groups\/yoga-group\/\"><strong>Trauma-Sensitive Yoga (Women)<\/strong><\/a> es un grupo de apoyo de 12 semanas que se centra en un enfoque espec\u00edfico de la pr\u00e1ctica del yoga que apoya a los sobrevivientes de traumas en el proceso de curaci\u00f3n. Es un enfoque muy suave del yoga que aprovecha la conexi\u00f3n mente-cuerpo de maneras que ayudan a los sobrevivientes a abordar diversos s\u00edntomas de estr\u00e9s traum\u00e1tico y condiciones relacionadas, como la ansiedad y la depresi\u00f3n, y cultivar una relaci\u00f3n m\u00e1s positiva con sus cuerpos.<\/p>\n<div class=\"learn-more\">\n   <a href=\"#\">&quot;Obtenga<\/a>\n   <p> &quot;Para<\/p>\n<\/div>\n<p><iframe loading=\"lazy\" src=\"https:\/\/www.youtube.com\/embed\/AsABUQCBssg\" width=\"560\" height=\"315\" frameborder=\"0\" allowfullscreen=\"allowfullscreen\"><\/iframe><\/p>\n","protected":false},"excerpt":{"rendered":"<p>\u00a1No est\u00e1s solo y puedes sentirte mejor! El Centro de Crisis por Violaci\u00f3n de Cleveland ofrece grupos de apoyo para mujeres, hombres, padres y j\u00f3venes. \u00bfQu\u00e9 son los grupos de apoyo? Los grupos de apoyo brindan un entorno seguro para procesar las formas en que su historia de violaci\u00f3n o abuso sexual impacta la vida<\/p>\n","protected":false},"author":3,"featured_media":0,"parent":40746,"menu_order":5,"comment_status":"closed","ping_status":"closed","template":"page.php","meta":{"_acf_changed":false,"footnotes":""},"class_list":["post-40703","page","type-page","status-publish","hentry"],"acf":[],"yoast_head":"<!-- This site is optimized with the Yoast SEO Premium plugin v26.8 (Yoast SEO v26.8) - https:\/\/yoast.com\/product\/yoast-seo-premium-wordpress\/ -->\n<title>Grupos de apoyo para sobrevivientes de violaci\u00f3n y agresi\u00f3n sexual<\/title>\n<meta name=\"description\" content=\"El Centro de Crisis por Violaci\u00f3n de Cleveland ofrece grupos de apoyo para mujeres y hombres adultos sobrevivientes de violaci\u00f3n, abuso sexual y trauma sexual.\" \/>\n<meta name=\"robots\" content=\"index, follow, max-snippet:-1, max-image-preview:large, max-video-preview:-1\" \/>\n<link rel=\"canonical\" href=\"https:\/\/clevelandrapecrisis.org\/services\/support-groups\/\" \/>\n<meta property=\"og:locale\" content=\"es_ES\" \/>\n<meta property=\"og:type\" content=\"article\" \/>\n<meta property=\"og:title\" content=\"Grupos de apoyo para sobrevivientes | Centro de crisis por violaci\u00f3n de Cleveland\" \/>\n<meta property=\"og:description\" content=\"\u00a1No est\u00e1s solo y puedes sentirte mejor! El Centro de Crisis por Violaci\u00f3n de Cleveland ofrece grupos de apoyo para sobrevivientes de violaci\u00f3n y abuso sexual.\" \/>\n<meta property=\"og:url\" content=\"https:\/\/clevelandrapecrisis.org\/services\/support-groups\/\" \/>\n<meta property=\"og:site_name\" content=\"CRCC\" \/>\n<meta property=\"article:modified_time\" content=\"2025-05-09T19:11:55+00:00\" \/>\n<meta property=\"og:image\" content=\"https:\/\/clevelandrapecrisis.org\/wp-content\/uploads\/2018\/03\/group.png\" \/>\n\t<meta property=\"og:image:width\" content=\"1600\" \/>\n\t<meta property=\"og:image:height\" content=\"899\" \/>\n\t<meta property=\"og:image:type\" content=\"image\/png\" \/>\n<meta name=\"twitter:card\" content=\"summary_large_image\" \/>\n<meta name=\"twitter:title\" content=\"Grupos de apoyo\" \/>\n<meta name=\"twitter:label1\" content=\"Est. reading time\" \/>\n\t<meta name=\"twitter:data1\" content=\"3 minutos\" \/>\n<script type=\"application\/ld+json\" class=\"yoast-schema-graph\">{\"@context\":\"https:\/\/schema.org\",\"@graph\":[{\"@type\":\"WebPage\",\"@id\":\"https:\/\/clevelandrapecrisis.org\/services\/support-groups\/\",\"url\":\"https:\/\/clevelandrapecrisis.org\/services\/support-groups\/\",\"name\":\"Grupos de apoyo para sobrevivientes de violaci\u00f3n y agresi\u00f3n sexual\",\"isPartOf\":{\"@id\":\"https:\/\/clevelandrapecrisis.org\/#website\"},\"datePublished\":\"2017-08-31T05:16:16+00:00\",\"dateModified\":\"2025-05-09T19:11:55+00:00\",\"description\":\"El Centro de Crisis por Violaci\u00f3n de Cleveland ofrece grupos de apoyo para mujeres y hombres adultos sobrevivientes de violaci\u00f3n, abuso sexual y trauma sexual.\",\"breadcrumb\":{\"@id\":\"https:\/\/clevelandrapecrisis.org\/services\/support-groups\/#breadcrumb\"},\"inLanguage\":\"es\",\"potentialAction\":[{\"@type\":\"ReadAction\",\"target\":[\"https:\/\/clevelandrapecrisis.org\/services\/support-groups\/\"]}]},{\"@type\":\"BreadcrumbList\",\"@id\":\"https:\/\/clevelandrapecrisis.org\/services\/support-groups\/#breadcrumb\",\"itemListElement\":[{\"@type\":\"ListItem\",\"position\":1,\"name\":\"Home\",\"item\":\"https:\/\/clevelandrapecrisis.org\/\"},{\"@type\":\"ListItem\",\"position\":2,\"name\":\"Grupos de apoyo\"}]},{\"@type\":\"WebSite\",\"@id\":\"https:\/\/clevelandrapecrisis.org\/#website\",\"url\":\"https:\/\/clevelandrapecrisis.org\/\",\"name\":\"CRCC\",\"description\":\"Cleveland Rape Crisis Center\",\"potentialAction\":[{\"@type\":\"SearchAction\",\"target\":{\"@type\":\"EntryPoint\",\"urlTemplate\":\"https:\/\/clevelandrapecrisis.org\/?s={search_term_string}\"},\"query-input\":{\"@type\":\"PropertyValueSpecification\",\"valueRequired\":true,\"valueName\":\"search_term_string\"}}],\"inLanguage\":\"es\"}]}<\/script>\n<!-- \/ Yoast SEO Premium plugin. -->","yoast_head_json":{"title":"Grupos de apoyo para sobrevivientes de violaci\u00f3n y agresi\u00f3n sexual","description":"El Centro de Crisis por Violaci\u00f3n de Cleveland ofrece grupos de apoyo para mujeres y hombres adultos sobrevivientes de violaci\u00f3n, abuso sexual y trauma sexual.","robots":{"index":"index","follow":"follow","max-snippet":"max-snippet:-1","max-image-preview":"max-image-preview:large","max-video-preview":"max-video-preview:-1"},"canonical":"https:\/\/clevelandrapecrisis.org\/services\/support-groups\/","og_locale":"es_ES","og_type":"article","og_title":"Grupos de apoyo para sobrevivientes | Centro de crisis por violaci\u00f3n de Cleveland","og_description":"\u00a1No est\u00e1s solo y puedes sentirte mejor! El Centro de Crisis por Violaci\u00f3n de Cleveland ofrece grupos de apoyo para sobrevivientes de violaci\u00f3n y abuso sexual.","og_url":"https:\/\/clevelandrapecrisis.org\/services\/support-groups\/","og_site_name":"CRCC","article_modified_time":"2025-05-09T19:11:55+00:00","og_image":[{"width":1600,"height":899,"url":"https:\/\/clevelandrapecrisis.org\/wp-content\/uploads\/2018\/03\/group.png","type":"image\/png"}],"twitter_card":"summary_large_image","twitter_title":"Grupos de apoyo","twitter_misc":{"Est. reading time":"3 minutos"},"schema":{"@context":"https:\/\/schema.org","@graph":[{"@type":"WebPage","@id":"https:\/\/clevelandrapecrisis.org\/services\/support-groups\/","url":"https:\/\/clevelandrapecrisis.org\/services\/support-groups\/","name":"Grupos de apoyo para sobrevivientes de violaci\u00f3n y agresi\u00f3n sexual","isPartOf":{"@id":"https:\/\/clevelandrapecrisis.org\/#website"},"datePublished":"2017-08-31T05:16:16+00:00","dateModified":"2025-05-09T19:11:55+00:00","description":"El Centro de Crisis por Violaci\u00f3n de Cleveland ofrece grupos de apoyo para mujeres y hombres adultos sobrevivientes de violaci\u00f3n, abuso sexual y trauma sexual.","breadcrumb":{"@id":"https:\/\/clevelandrapecrisis.org\/services\/support-groups\/#breadcrumb"},"inLanguage":"es","potentialAction":[{"@type":"ReadAction","target":["https:\/\/clevelandrapecrisis.org\/services\/support-groups\/"]}]},{"@type":"BreadcrumbList","@id":"https:\/\/clevelandrapecrisis.org\/services\/support-groups\/#breadcrumb","itemListElement":[{"@type":"ListItem","position":1,"name":"Home","item":"https:\/\/clevelandrapecrisis.org\/"},{"@type":"ListItem","position":2,"name":"Grupos de apoyo"}]},{"@type":"WebSite","@id":"https:\/\/clevelandrapecrisis.org\/#website","url":"https:\/\/clevelandrapecrisis.org\/","name":"CRCC","description":"Cleveland Rape Crisis Center","potentialAction":[{"@type":"SearchAction","target":{"@type":"EntryPoint","urlTemplate":"https:\/\/clevelandrapecrisis.org\/?s={search_term_string}"},"query-input":{"@type":"PropertyValueSpecification","valueRequired":true,"valueName":"search_term_string"}}],"inLanguage":"es"}]}},"_links":{"self":[{"href":"https:\/\/clevelandrapecrisis.org\/es\/wp-json\/wp\/v2\/pages\/40703","targetHints":{"allow":["GET"]}}],"collection":[{"href":"https:\/\/clevelandrapecrisis.org\/es\/wp-json\/wp\/v2\/pages"}],"about":[{"href":"https:\/\/clevelandrapecrisis.org\/es\/wp-json\/wp\/v2\/types\/page"}],"author":[{"embeddable":true,"href":"https:\/\/clevelandrapecrisis.org\/es\/wp-json\/wp\/v2\/users\/3"}],"replies":[{"embeddable":true,"href":"https:\/\/clevelandrapecrisis.org\/es\/wp-json\/wp\/v2\/comments?post=40703"}],"version-history":[{"count":2,"href":"https:\/\/clevelandrapecrisis.org\/es\/wp-json\/wp\/v2\/pages\/40703\/revisions"}],"predecessor-version":[{"id":40705,"href":"https:\/\/clevelandrapecrisis.org\/es\/wp-json\/wp\/v2\/pages\/40703\/revisions\/40705"}],"up":[{"embeddable":true,"href":"https:\/\/clevelandrapecrisis.org\/es\/wp-json\/wp\/v2\/pages\/40746"}],"wp:attachment":[{"href":"https:\/\/clevelandrapecrisis.org\/es\/wp-json\/wp\/v2\/media?parent=40703"}],"curies":[{"name":"wp","href":"https:\/\/api.w.org\/{rel}","templated":true}]}}