{"id":40700,"date":"2017-08-31T05:18:17","date_gmt":"2017-08-31T05:18:17","guid":{"rendered":"https:\/\/clevelandrapecrisis.org\/for-college-students\/"},"modified":"2025-05-09T19:11:52","modified_gmt":"2025-05-09T19:11:52","slug":"for-college-students","status":"publish","type":"page","link":"https:\/\/clevelandrapecrisis.org\/es\/services\/for-college-students\/","title":{"rendered":"Para estudiantes universitarios"},"content":{"rendered":"<h2><strong>Usted no est\u00e1 solo.<\/strong><\/h2>\n<p>Navegar por el T\u00edtulo IX y los procesos de denuncia en el campus puede ser dif\u00edcil para los sobrevivientes de violaci\u00f3n, abuso sexual y agresi\u00f3n sexual en los campus universitarios. Si usted o alguien que le importa es un sobreviviente, ya sea que haya sido herido recientemente o hace mucho tiempo, Cleveland Rape Crisis Center est\u00e1 aqu\u00ed para apoyarlo en cada paso del camino.<\/p>\n<p>Obtenga acceso a asesoramiento, grupos de apoyo, ayuda con los procesos legales y de denuncia, todo sin costo para usted, en las numerosas ubicaciones<a href=\"https:\/\/clevelandrapecrisis.org\/about-us\/locations\/\"> <\/a>comunitarias del Centro.<\/p>\n<p><strong>Pedir hora<\/strong><br \/>\nHaga una cita hoy para acceder a los servicios de curaci\u00f3n en el Centro de Crisis por Violaci\u00f3n de Cleveland. Llame al <a href=\"tel:216-619-6192\">(216) 619-6192<\/a>, o<a href=\"https:\/\/clevelandrapecrisis.org\/contact\/request-an-appointment\/\"> solicite una cita en l\u00ednea<\/a>, las 24 horas del d\u00eda, los 7 d\u00edas de la semana, para hacer una cita y obtener m\u00e1s informaci\u00f3n sobre sus opciones.<\/p>\n<p>Si necesita un int\u00e9rprete, Cleveland Rape Crisis Center le solicitar\u00e1 uno sin costo alguno (gratis). <\/p>\n<p><strong>Servicios de sanaci\u00f3n<\/strong><br \/>\nEl Centro de Crisis por Violaci\u00f3n de Cleveland puede ayudarle a usted y a sus seres queridos a recuperarse y sanar. Brindamos apoyo y experiencia con informes a la polic\u00eda, procesos en el campus y navegaci\u00f3n en el sistema de justicia penal. La terapia individual y los grupos de apoyo pueden ayudarle a procesar sus experiencias, desarrollar formas saludables de afrontarlas y descubrir que no est\u00e1 solo.<\/p>\n<p>Muchos clientes pueden beneficiarse de asistencia con el transporte a sus citas. Por favor, solicite detalles al hacer su cita.<\/p>\n<p>Difusi\u00f3nEl programa de extensi\u00f3n comunitaria del Centro de Crisis por Violaci\u00f3n <strong><\/strong><br \/>\nde Cleveland interact\u00faa con los miembros de la comunidad y brinda educaci\u00f3n sobre la violaci\u00f3n y el abuso sexual en nuestra comunidad. Solicite al Centro de Crisis por Violaci\u00f3n de Cleveland que hable con su grupo o se asocie con su evento. Por favor p\u00f3ngase <a href=\"mailto:Katlynw@clevelandrcc.org\">en contacto con nosotros<\/a> con su solicitud.<\/p>\n<p><strong>Prevenci\u00f3n de la violencia sexual y formaci\u00f3n profesional<\/strong><br \/>\nEl Centro de Crisis por Violaci\u00f3n de Cleveland ofrece programas de educaci\u00f3n preventiva y servicios de capacitaci\u00f3n profesional por una tarifa. Por favor <a href=\"mailto:teresas@clevelandrcc.org\">cont\u00e1ctenos<\/a> o solicite una capacitaci\u00f3n profesional en l\u00ednea para obtener informaci\u00f3n adicional.<\/p>\n<p><strong>Recursos<\/strong><br \/>\n<a href=\"http:\/\/knowyourix.org\/\" target=\"_blank\" rel=\"noopener noreferrer\">Conozca su IX<\/a> <em>(Empoderar a los estudiantes para poner fin a la violencia sexual y de pareja en sus escuelas)\u00bf<\/em><strong><\/p>\n<p>Necesita ayuda ahora?<\/strong><br \/>\nEstamos aqu\u00ed para usted las 24 horas del d\u00eda, los siete d\u00edas de la semana. <a href=\"https:\/\/clevelandrapecrisis.org\/contact\/crisis-and-support-hotline\/\">Chatee en l\u00ednea<\/a>, env\u00ede un mensaje de texto o llame a la l\u00ednea directa de crisis y apoyo al <a href=\"tel:216-619-6192\">(216) 619-6192<\/a> para hablar con nuestros defensores en cualquier momento del d\u00eda o de la noche, para obtener apoyo e informaci\u00f3n para ayudarlo a usted o a un ser querido.<\/p>\n","protected":false},"excerpt":{"rendered":"<p>Usted no est\u00e1 solo. Navegar por el T\u00edtulo IX y los procesos de denuncia en el campus puede ser dif\u00edcil para los sobrevivientes de violaci\u00f3n, abuso sexual y agresi\u00f3n sexual en los campus universitarios. Si usted o alguien que le importa es un sobreviviente, ya sea que haya sido herido recientemente o hace mucho tiempo,<\/p>\n","protected":false},"author":3,"featured_media":0,"parent":40746,"menu_order":8,"comment_status":"closed","ping_status":"closed","template":"page.php","meta":{"_acf_changed":false,"footnotes":""},"class_list":["post-40700","page","type-page","status-publish","hentry"],"acf":[],"yoast_head":"<!-- This site is optimized with the Yoast SEO Premium plugin v26.8 (Yoast SEO v26.8) - https:\/\/yoast.com\/product\/yoast-seo-premium-wordpress\/ -->\n<title>Servicios en el campus para casos de violaci\u00f3n y agresi\u00f3n sexual | Centro de crisis por violaci\u00f3n de Cleveland<\/title>\n<meta name=\"description\" content=\"El Centro de Crisis por Violaci\u00f3n de Cleveland ofrece servicios en el campus para casos de violaci\u00f3n y agresi\u00f3n sexual a estudiantes del \u00e1rea del noreste de Ohio\" \/>\n<meta name=\"robots\" content=\"index, follow, max-snippet:-1, max-image-preview:large, max-video-preview:-1\" \/>\n<link rel=\"canonical\" href=\"https:\/\/clevelandrapecrisis.org\/services\/for-college-students\/\" \/>\n<meta property=\"og:locale\" content=\"es_ES\" \/>\n<meta property=\"og:type\" content=\"article\" \/>\n<meta property=\"og:title\" content=\"Para estudiantes universitarios\" \/>\n<meta property=\"og:description\" content=\"El Centro de Crisis por Violaci\u00f3n de Cleveland ofrece servicios en el campus para casos de violaci\u00f3n y agresi\u00f3n sexual a estudiantes del \u00e1rea del noreste de Ohio\" \/>\n<meta property=\"og:url\" content=\"https:\/\/clevelandrapecrisis.org\/services\/for-college-students\/\" \/>\n<meta property=\"og:site_name\" content=\"CRCC\" \/>\n<meta property=\"article:modified_time\" content=\"2025-05-09T19:11:52+00:00\" \/>\n<meta property=\"og:image\" content=\"https:\/\/clevelandrapecrisis.org\/wp-content\/uploads\/2018\/01\/Campus-Change-Starts_Here.jpg\" \/>\n\t<meta property=\"og:image:width\" content=\"500\" \/>\n\t<meta property=\"og:image:height\" content=\"300\" \/>\n\t<meta property=\"og:image:type\" content=\"image\/jpeg\" \/>\n<meta name=\"twitter:card\" content=\"summary_large_image\" \/>\n<meta name=\"twitter:label1\" content=\"Est. reading time\" \/>\n\t<meta name=\"twitter:data1\" content=\"2 minutos\" \/>\n<script type=\"application\/ld+json\" class=\"yoast-schema-graph\">{\"@context\":\"https:\/\/schema.org\",\"@graph\":[{\"@type\":\"WebPage\",\"@id\":\"https:\/\/clevelandrapecrisis.org\/services\/for-college-students\/\",\"url\":\"https:\/\/clevelandrapecrisis.org\/services\/for-college-students\/\",\"name\":\"Servicios en el campus para casos de violaci\u00f3n y agresi\u00f3n sexual | Centro de crisis por violaci\u00f3n de Cleveland\",\"isPartOf\":{\"@id\":\"https:\/\/clevelandrapecrisis.org\/#website\"},\"datePublished\":\"2017-08-31T05:18:17+00:00\",\"dateModified\":\"2025-05-09T19:11:52+00:00\",\"description\":\"El Centro de Crisis por Violaci\u00f3n de Cleveland ofrece servicios en el campus para casos de violaci\u00f3n y agresi\u00f3n sexual a estudiantes del \u00e1rea del noreste de Ohio\",\"breadcrumb\":{\"@id\":\"https:\/\/clevelandrapecrisis.org\/services\/for-college-students\/#breadcrumb\"},\"inLanguage\":\"es\",\"potentialAction\":[{\"@type\":\"ReadAction\",\"target\":[\"https:\/\/clevelandrapecrisis.org\/services\/for-college-students\/\"]}]},{\"@type\":\"BreadcrumbList\",\"@id\":\"https:\/\/clevelandrapecrisis.org\/services\/for-college-students\/#breadcrumb\",\"itemListElement\":[{\"@type\":\"ListItem\",\"position\":1,\"name\":\"Home\",\"item\":\"https:\/\/clevelandrapecrisis.org\/\"},{\"@type\":\"ListItem\",\"position\":2,\"name\":\"Para estudiantes universitarios\"}]},{\"@type\":\"WebSite\",\"@id\":\"https:\/\/clevelandrapecrisis.org\/#website\",\"url\":\"https:\/\/clevelandrapecrisis.org\/\",\"name\":\"CRCC\",\"description\":\"Cleveland Rape Crisis Center\",\"potentialAction\":[{\"@type\":\"SearchAction\",\"target\":{\"@type\":\"EntryPoint\",\"urlTemplate\":\"https:\/\/clevelandrapecrisis.org\/?s={search_term_string}\"},\"query-input\":{\"@type\":\"PropertyValueSpecification\",\"valueRequired\":true,\"valueName\":\"search_term_string\"}}],\"inLanguage\":\"es\"}]}<\/script>\n<!-- \/ Yoast SEO Premium plugin. -->","yoast_head_json":{"title":"Servicios en el campus para casos de violaci\u00f3n y agresi\u00f3n sexual | Centro de crisis por violaci\u00f3n de Cleveland","description":"El Centro de Crisis por Violaci\u00f3n de Cleveland ofrece servicios en el campus para casos de violaci\u00f3n y agresi\u00f3n sexual a estudiantes del \u00e1rea del noreste de Ohio","robots":{"index":"index","follow":"follow","max-snippet":"max-snippet:-1","max-image-preview":"max-image-preview:large","max-video-preview":"max-video-preview:-1"},"canonical":"https:\/\/clevelandrapecrisis.org\/services\/for-college-students\/","og_locale":"es_ES","og_type":"article","og_title":"Para estudiantes universitarios","og_description":"El Centro de Crisis por Violaci\u00f3n de Cleveland ofrece servicios en el campus para casos de violaci\u00f3n y agresi\u00f3n sexual a estudiantes del \u00e1rea del noreste de Ohio","og_url":"https:\/\/clevelandrapecrisis.org\/services\/for-college-students\/","og_site_name":"CRCC","article_modified_time":"2025-05-09T19:11:52+00:00","og_image":[{"width":500,"height":300,"url":"https:\/\/clevelandrapecrisis.org\/wp-content\/uploads\/2018\/01\/Campus-Change-Starts_Here.jpg","type":"image\/jpeg"}],"twitter_card":"summary_large_image","twitter_misc":{"Est. reading time":"2 minutos"},"schema":{"@context":"https:\/\/schema.org","@graph":[{"@type":"WebPage","@id":"https:\/\/clevelandrapecrisis.org\/services\/for-college-students\/","url":"https:\/\/clevelandrapecrisis.org\/services\/for-college-students\/","name":"Servicios en el campus para casos de violaci\u00f3n y agresi\u00f3n sexual | Centro de crisis por violaci\u00f3n de Cleveland","isPartOf":{"@id":"https:\/\/clevelandrapecrisis.org\/#website"},"datePublished":"2017-08-31T05:18:17+00:00","dateModified":"2025-05-09T19:11:52+00:00","description":"El Centro de Crisis por Violaci\u00f3n de Cleveland ofrece servicios en el campus para casos de violaci\u00f3n y agresi\u00f3n sexual a estudiantes del \u00e1rea del noreste de Ohio","breadcrumb":{"@id":"https:\/\/clevelandrapecrisis.org\/services\/for-college-students\/#breadcrumb"},"inLanguage":"es","potentialAction":[{"@type":"ReadAction","target":["https:\/\/clevelandrapecrisis.org\/services\/for-college-students\/"]}]},{"@type":"BreadcrumbList","@id":"https:\/\/clevelandrapecrisis.org\/services\/for-college-students\/#breadcrumb","itemListElement":[{"@type":"ListItem","position":1,"name":"Home","item":"https:\/\/clevelandrapecrisis.org\/"},{"@type":"ListItem","position":2,"name":"Para estudiantes universitarios"}]},{"@type":"WebSite","@id":"https:\/\/clevelandrapecrisis.org\/#website","url":"https:\/\/clevelandrapecrisis.org\/","name":"CRCC","description":"Cleveland Rape Crisis Center","potentialAction":[{"@type":"SearchAction","target":{"@type":"EntryPoint","urlTemplate":"https:\/\/clevelandrapecrisis.org\/?s={search_term_string}"},"query-input":{"@type":"PropertyValueSpecification","valueRequired":true,"valueName":"search_term_string"}}],"inLanguage":"es"}]}},"_links":{"self":[{"href":"https:\/\/clevelandrapecrisis.org\/es\/wp-json\/wp\/v2\/pages\/40700","targetHints":{"allow":["GET"]}}],"collection":[{"href":"https:\/\/clevelandrapecrisis.org\/es\/wp-json\/wp\/v2\/pages"}],"about":[{"href":"https:\/\/clevelandrapecrisis.org\/es\/wp-json\/wp\/v2\/types\/page"}],"author":[{"embeddable":true,"href":"https:\/\/clevelandrapecrisis.org\/es\/wp-json\/wp\/v2\/users\/3"}],"replies":[{"embeddable":true,"href":"https:\/\/clevelandrapecrisis.org\/es\/wp-json\/wp\/v2\/comments?post=40700"}],"version-history":[{"count":2,"href":"https:\/\/clevelandrapecrisis.org\/es\/wp-json\/wp\/v2\/pages\/40700\/revisions"}],"predecessor-version":[{"id":40702,"href":"https:\/\/clevelandrapecrisis.org\/es\/wp-json\/wp\/v2\/pages\/40700\/revisions\/40702"}],"up":[{"embeddable":true,"href":"https:\/\/clevelandrapecrisis.org\/es\/wp-json\/wp\/v2\/pages\/40746"}],"wp:attachment":[{"href":"https:\/\/clevelandrapecrisis.org\/es\/wp-json\/wp\/v2\/media?parent=40700"}],"curies":[{"name":"wp","href":"https:\/\/api.w.org\/{rel}","templated":true}]}}