{"id":40697,"date":"2017-08-31T05:13:32","date_gmt":"2017-08-31T05:13:32","guid":{"rendered":"https:\/\/clevelandrapecrisis.org\/at-the-hospital\/"},"modified":"2025-05-09T19:11:47","modified_gmt":"2025-05-09T19:11:47","slug":"at-the-hospital","status":"publish","type":"page","link":"https:\/\/clevelandrapecrisis.org\/es\/at-the-hospital\/","title":{"rendered":"En el hospital"},"content":{"rendered":"<h2>Apoyo en el Hospital<\/h2>\n<p>Si usted o alguien que conoce ha sufrido una violaci\u00f3n o abuso sexual y decide ir a la sala de emergencias, aseg\u00farese de solicitar un especialista de apoyo del Centro de Crisis por Violaci\u00f3n de Cleveland. El personal del hospital llamar\u00e1 al Centro para solicitar su Especialista de Apoyo.<\/p>\n<p>Los especialistas en apoyo del Centro de Crisis por Violaci\u00f3n de Cleveland est\u00e1n disponibles las 24 horas del d\u00eda, los 7 d\u00edas de la semana, para apoyar a los sobrevivientes, sus familias y amigos durante una visita a la sala de emergencias para un examen m\u00e9dico y el proceso de recolecci\u00f3n de evidencia.<\/p>\n<p><img loading=\"lazy\" decoding=\"async\" class=\"alignnone wp-image-1527 size-full\" src=\"https:\/\/clevelandrapecrisis.org\/wp-content\/uploads\/2017\/08\/CRCC_HospitalSupport.jpg\" alt=\"Apoyo hospitalario del CRCC\" width=\"500\" height=\"250\" srcset=\"https:\/\/clevelandrapecrisis.org\/wp-content\/uploads\/2017\/08\/CRCC_HospitalSupport.jpg 500w, https:\/\/clevelandrapecrisis.org\/wp-content\/uploads\/2017\/08\/CRCC_HospitalSupport-300x150.jpg 300w\" sizes=\"auto, (max-width: 500px) 100vw, 500px\" \/><\/p>\n<p>&nbsp;<\/p>\n<h2>\u00bfPuedo ir a cualquier sala de emergencias de un hospital para que me hagan un examen de kit de violaci\u00f3n?<\/h2>\n<p>Conozca qu\u00e9 hospitales locales tienen Unidades de<a href=\"https:\/\/clevelandrapecrisis.org\/resources\/24-hour-sane-unit-hospitals\/\"> Examinadores de Enfermer\u00eda de Agresi\u00f3n <\/a>Sexual (SANE), atendidas por enfermeras especialmente capacitadas en el cuidado de sobrevivientes de violaci\u00f3n o abuso sexual.<\/p>\n<div class=\"learn-more\">\n   <a href=\"&quot;https:\/\/clevelandrapecrisis.org\/contact\/crisis-and-support-hotline\/&quot;\">&quot;M\u00e1s<\/a>\n   <p> &quot;Llame<\/p>\n<\/div>\n","protected":false},"excerpt":{"rendered":"<p>Apoyo en el Hospital Si usted o alguien que conoce ha sufrido una violaci\u00f3n o abuso sexual y decide ir a la sala de emergencias, aseg\u00farese de solicitar un especialista de apoyo del Centro de Crisis por Violaci\u00f3n de Cleveland. El personal del hospital llamar\u00e1 al Centro para solicitar su Especialista de Apoyo. Los especialistas<\/p>\n","protected":false},"author":3,"featured_media":0,"parent":0,"menu_order":0,"comment_status":"closed","ping_status":"closed","template":"page.php","meta":{"_acf_changed":false,"footnotes":""},"class_list":["post-40697","page","type-page","status-publish","hentry"],"acf":[],"yoast_head":"<!-- This site is optimized with the Yoast SEO Premium plugin v26.8 (Yoast SEO v26.8) - https:\/\/yoast.com\/product\/yoast-seo-premium-wordpress\/ -->\n<title>Apoyo hospitalario a v\u00edctimas de agresi\u00f3n sexual y violaci\u00f3n<\/title>\n<meta name=\"description\" content=\"El Centro de Crisis por Violaci\u00f3n de Cleveland cuenta con un equipo de especialistas para apoyar a las v\u00edctimas de violaci\u00f3n o abuso sexual durante una visita a la sala de emergencias.\" \/>\n<meta name=\"robots\" content=\"index, follow, max-snippet:-1, max-image-preview:large, max-video-preview:-1\" \/>\n<link rel=\"canonical\" href=\"https:\/\/clevelandrapecrisis.org\/services\/24-hour-services\/at-the-hospital\/\" \/>\n<meta property=\"og:locale\" content=\"es_ES\" \/>\n<meta property=\"og:type\" content=\"article\" \/>\n<meta property=\"og:title\" content=\"En el hospital\" \/>\n<meta property=\"og:description\" content=\"El Centro de Crisis por Violaci\u00f3n de Cleveland cuenta con un equipo de especialistas para apoyar a las v\u00edctimas de violaci\u00f3n o abuso sexual durante una visita a la sala de emergencias.\" \/>\n<meta property=\"og:url\" content=\"https:\/\/clevelandrapecrisis.org\/services\/24-hour-services\/at-the-hospital\/\" \/>\n<meta property=\"og:site_name\" content=\"CRCC\" \/>\n<meta property=\"article:modified_time\" content=\"2025-05-09T19:11:47+00:00\" \/>\n<meta property=\"og:image\" content=\"https:\/\/clevelandrapecrisis.org\/wp-content\/uploads\/2017\/08\/CRCC_HospitalSupport.jpg\" \/>\n\t<meta property=\"og:image:width\" content=\"500\" \/>\n\t<meta property=\"og:image:height\" content=\"250\" \/>\n\t<meta property=\"og:image:type\" content=\"image\/jpeg\" \/>\n<meta name=\"twitter:card\" content=\"summary_large_image\" \/>\n<meta name=\"twitter:label1\" content=\"Est. reading time\" \/>\n\t<meta name=\"twitter:data1\" content=\"1 minuto\" \/>\n<script type=\"application\/ld+json\" class=\"yoast-schema-graph\">{\"@context\":\"https:\/\/schema.org\",\"@graph\":[{\"@type\":\"WebPage\",\"@id\":\"https:\/\/clevelandrapecrisis.org\/services\/24-hour-services\/at-the-hospital\/\",\"url\":\"https:\/\/clevelandrapecrisis.org\/services\/24-hour-services\/at-the-hospital\/\",\"name\":\"Apoyo hospitalario a v\u00edctimas de agresi\u00f3n sexual y violaci\u00f3n\",\"isPartOf\":{\"@id\":\"https:\/\/clevelandrapecrisis.org\/#website\"},\"primaryImageOfPage\":{\"@id\":\"https:\/\/clevelandrapecrisis.org\/services\/24-hour-services\/at-the-hospital\/#primaryimage\"},\"image\":{\"@id\":\"https:\/\/clevelandrapecrisis.org\/services\/24-hour-services\/at-the-hospital\/#primaryimage\"},\"thumbnailUrl\":\"https:\/\/clevelandrapecrisis.org\/wp-content\/uploads\/2017\/08\/CRCC_HospitalSupport.jpg\",\"datePublished\":\"2017-08-31T05:13:32+00:00\",\"dateModified\":\"2025-05-09T19:11:47+00:00\",\"description\":\"El Centro de Crisis por Violaci\u00f3n de Cleveland cuenta con un equipo de especialistas para apoyar a las v\u00edctimas de violaci\u00f3n o abuso sexual durante una visita a la sala de emergencias.\",\"breadcrumb\":{\"@id\":\"https:\/\/clevelandrapecrisis.org\/services\/24-hour-services\/at-the-hospital\/#breadcrumb\"},\"inLanguage\":\"es\",\"potentialAction\":[{\"@type\":\"ReadAction\",\"target\":[\"https:\/\/clevelandrapecrisis.org\/services\/24-hour-services\/at-the-hospital\/\"]}]},{\"@type\":\"ImageObject\",\"inLanguage\":\"es\",\"@id\":\"https:\/\/clevelandrapecrisis.org\/services\/24-hour-services\/at-the-hospital\/#primaryimage\",\"url\":\"https:\/\/clevelandrapecrisis.org\/wp-content\/uploads\/2017\/08\/CRCC_HospitalSupport.jpg\",\"contentUrl\":\"https:\/\/clevelandrapecrisis.org\/wp-content\/uploads\/2017\/08\/CRCC_HospitalSupport.jpg\"},{\"@type\":\"BreadcrumbList\",\"@id\":\"https:\/\/clevelandrapecrisis.org\/services\/24-hour-services\/at-the-hospital\/#breadcrumb\",\"itemListElement\":[{\"@type\":\"ListItem\",\"position\":1,\"name\":\"Home\",\"item\":\"https:\/\/clevelandrapecrisis.org\/\"},{\"@type\":\"ListItem\",\"position\":2,\"name\":\"En el hospital\"}]},{\"@type\":\"WebSite\",\"@id\":\"https:\/\/clevelandrapecrisis.org\/#website\",\"url\":\"https:\/\/clevelandrapecrisis.org\/\",\"name\":\"CRCC\",\"description\":\"Cleveland Rape Crisis Center\",\"potentialAction\":[{\"@type\":\"SearchAction\",\"target\":{\"@type\":\"EntryPoint\",\"urlTemplate\":\"https:\/\/clevelandrapecrisis.org\/?s={search_term_string}\"},\"query-input\":{\"@type\":\"PropertyValueSpecification\",\"valueRequired\":true,\"valueName\":\"search_term_string\"}}],\"inLanguage\":\"es\"}]}<\/script>\n<!-- \/ Yoast SEO Premium plugin. -->","yoast_head_json":{"title":"Apoyo hospitalario a v\u00edctimas de agresi\u00f3n sexual y violaci\u00f3n","description":"El Centro de Crisis por Violaci\u00f3n de Cleveland cuenta con un equipo de especialistas para apoyar a las v\u00edctimas de violaci\u00f3n o abuso sexual durante una visita a la sala de emergencias.","robots":{"index":"index","follow":"follow","max-snippet":"max-snippet:-1","max-image-preview":"max-image-preview:large","max-video-preview":"max-video-preview:-1"},"canonical":"https:\/\/clevelandrapecrisis.org\/services\/24-hour-services\/at-the-hospital\/","og_locale":"es_ES","og_type":"article","og_title":"En el hospital","og_description":"El Centro de Crisis por Violaci\u00f3n de Cleveland cuenta con un equipo de especialistas para apoyar a las v\u00edctimas de violaci\u00f3n o abuso sexual durante una visita a la sala de emergencias.","og_url":"https:\/\/clevelandrapecrisis.org\/services\/24-hour-services\/at-the-hospital\/","og_site_name":"CRCC","article_modified_time":"2025-05-09T19:11:47+00:00","og_image":[{"width":500,"height":250,"url":"https:\/\/clevelandrapecrisis.org\/wp-content\/uploads\/2017\/08\/CRCC_HospitalSupport.jpg","type":"image\/jpeg"}],"twitter_card":"summary_large_image","twitter_misc":{"Est. reading time":"1 minuto"},"schema":{"@context":"https:\/\/schema.org","@graph":[{"@type":"WebPage","@id":"https:\/\/clevelandrapecrisis.org\/services\/24-hour-services\/at-the-hospital\/","url":"https:\/\/clevelandrapecrisis.org\/services\/24-hour-services\/at-the-hospital\/","name":"Apoyo hospitalario a v\u00edctimas de agresi\u00f3n sexual y violaci\u00f3n","isPartOf":{"@id":"https:\/\/clevelandrapecrisis.org\/#website"},"primaryImageOfPage":{"@id":"https:\/\/clevelandrapecrisis.org\/services\/24-hour-services\/at-the-hospital\/#primaryimage"},"image":{"@id":"https:\/\/clevelandrapecrisis.org\/services\/24-hour-services\/at-the-hospital\/#primaryimage"},"thumbnailUrl":"https:\/\/clevelandrapecrisis.org\/wp-content\/uploads\/2017\/08\/CRCC_HospitalSupport.jpg","datePublished":"2017-08-31T05:13:32+00:00","dateModified":"2025-05-09T19:11:47+00:00","description":"El Centro de Crisis por Violaci\u00f3n de Cleveland cuenta con un equipo de especialistas para apoyar a las v\u00edctimas de violaci\u00f3n o abuso sexual durante una visita a la sala de emergencias.","breadcrumb":{"@id":"https:\/\/clevelandrapecrisis.org\/services\/24-hour-services\/at-the-hospital\/#breadcrumb"},"inLanguage":"es","potentialAction":[{"@type":"ReadAction","target":["https:\/\/clevelandrapecrisis.org\/services\/24-hour-services\/at-the-hospital\/"]}]},{"@type":"ImageObject","inLanguage":"es","@id":"https:\/\/clevelandrapecrisis.org\/services\/24-hour-services\/at-the-hospital\/#primaryimage","url":"https:\/\/clevelandrapecrisis.org\/wp-content\/uploads\/2017\/08\/CRCC_HospitalSupport.jpg","contentUrl":"https:\/\/clevelandrapecrisis.org\/wp-content\/uploads\/2017\/08\/CRCC_HospitalSupport.jpg"},{"@type":"BreadcrumbList","@id":"https:\/\/clevelandrapecrisis.org\/services\/24-hour-services\/at-the-hospital\/#breadcrumb","itemListElement":[{"@type":"ListItem","position":1,"name":"Home","item":"https:\/\/clevelandrapecrisis.org\/"},{"@type":"ListItem","position":2,"name":"En el hospital"}]},{"@type":"WebSite","@id":"https:\/\/clevelandrapecrisis.org\/#website","url":"https:\/\/clevelandrapecrisis.org\/","name":"CRCC","description":"Cleveland Rape Crisis Center","potentialAction":[{"@type":"SearchAction","target":{"@type":"EntryPoint","urlTemplate":"https:\/\/clevelandrapecrisis.org\/?s={search_term_string}"},"query-input":{"@type":"PropertyValueSpecification","valueRequired":true,"valueName":"search_term_string"}}],"inLanguage":"es"}]}},"_links":{"self":[{"href":"https:\/\/clevelandrapecrisis.org\/es\/wp-json\/wp\/v2\/pages\/40697","targetHints":{"allow":["GET"]}}],"collection":[{"href":"https:\/\/clevelandrapecrisis.org\/es\/wp-json\/wp\/v2\/pages"}],"about":[{"href":"https:\/\/clevelandrapecrisis.org\/es\/wp-json\/wp\/v2\/types\/page"}],"author":[{"embeddable":true,"href":"https:\/\/clevelandrapecrisis.org\/es\/wp-json\/wp\/v2\/users\/3"}],"replies":[{"embeddable":true,"href":"https:\/\/clevelandrapecrisis.org\/es\/wp-json\/wp\/v2\/comments?post=40697"}],"version-history":[{"count":2,"href":"https:\/\/clevelandrapecrisis.org\/es\/wp-json\/wp\/v2\/pages\/40697\/revisions"}],"predecessor-version":[{"id":40699,"href":"https:\/\/clevelandrapecrisis.org\/es\/wp-json\/wp\/v2\/pages\/40697\/revisions\/40699"}],"wp:attachment":[{"href":"https:\/\/clevelandrapecrisis.org\/es\/wp-json\/wp\/v2\/media?parent=40697"}],"curies":[{"name":"wp","href":"https:\/\/api.w.org\/{rel}","templated":true}]}}