{"id":40694,"date":"2017-08-31T05:14:09","date_gmt":"2017-08-31T05:14:09","guid":{"rendered":"https:\/\/clevelandrapecrisis.org\/at-a-police-station\/"},"modified":"2025-05-09T19:11:43","modified_gmt":"2025-05-09T19:11:43","slug":"at-a-police-station","status":"publish","type":"page","link":"https:\/\/clevelandrapecrisis.org\/es\/at-a-police-station\/","title":{"rendered":"En una comisar\u00eda de polic\u00eda"},"content":{"rendered":"<h2>Apoyo en una comisar\u00eda de polic\u00eda<\/h2>\n<p>Si usted o alguien que conoce ha sufrido una violaci\u00f3n o abuso sexual y decide presentar una denuncia en la estaci\u00f3n de polic\u00eda, aseg\u00farese de solicitar un especialista de apoyo del Centro de Crisis por Violaci\u00f3n de Cleveland. El personal de la estaci\u00f3n de polic\u00eda llamar\u00e1 al Centro para solicitar su Especialista de Apoyo.<\/p>\n<p>Los especialistas en intervenci\u00f3n en crisis del Centro de Crisis por Violaci\u00f3n de Cleveland est\u00e1n disponibles las 24 horas del d\u00eda, los 7 d\u00edas de la semana, para apoyar a los sobrevivientes, sus familias y amigos mientras realizan un informe policial en el noreste de Ohio, incluido el condado de Cuyahoga, el condado de Lake, el condado de Geauga y el condado de Ashtabula.<\/p>\n<h2>\u00bfPuedo ir a cualquier comisar\u00eda para presentar una denuncia?<\/h2>\n<p>Si ha sido violado o abusado sexualmente en la ciudad de Cleveland, puede visitar cualquiera de las estaciones de<a href=\"http:\/\/www.city.cleveland.oh.us\/CityofCleveland\/Home\/Government\/CityAgencies\/PublicSafety\/Police\/Police_Districts\" target=\"_blank\" rel=\"noopener noreferrer\"> polic\u00eda de la <\/a>ciudad para presentar un informe policial. Si usted ha sido violado o abusado sexualmente en otra ciudad, puede presentar una denuncia en la estaci\u00f3n de polic\u00eda de la ciudad donde ocurri\u00f3 el hecho. Si no sabe qu\u00e9 ciudad es, puede comunicarse con el Departamento<a href=\"http:\/\/sheriff.cuyahogacounty.us\/\" target=\"_blank\" rel=\"noopener noreferrer\"> del <\/a>Sheriff del Condado de Cuyahoga.<\/p>\n<div class=\"learn-more\">\n   <a href=\"&quot;https:\/\/clevelandrapecrisis.org\/contact\/crisis-and-support-hotline\/&quot;\">&quot;M\u00e1s<\/a>\n   <p> &quot;Llame<\/p>\n<\/div>\n","protected":false},"excerpt":{"rendered":"<p>Apoyo en una comisar\u00eda de polic\u00eda Si usted o alguien que conoce ha sufrido una violaci\u00f3n o abuso sexual y decide presentar una denuncia en la estaci\u00f3n de polic\u00eda, aseg\u00farese de solicitar un especialista de apoyo del Centro de Crisis por Violaci\u00f3n de Cleveland. El personal de la estaci\u00f3n de polic\u00eda llamar\u00e1 al Centro para<\/p>\n","protected":false},"author":3,"featured_media":0,"parent":0,"menu_order":0,"comment_status":"closed","ping_status":"closed","template":"","meta":{"_acf_changed":false,"footnotes":""},"class_list":["post-40694","page","type-page","status-publish","hentry"],"acf":[],"yoast_head":"<!-- This site is optimized with the Yoast SEO Premium plugin v26.8 (Yoast SEO v26.8) - https:\/\/yoast.com\/product\/yoast-seo-premium-wordpress\/ -->\n<title>Apoyo a la estaci\u00f3n de polic\u00eda del Centro de Crisis por Violaci\u00f3n de Cleveland<\/title>\n<meta name=\"description\" content=\"Centro de crisis por violaci\u00f3n de Cleveland Los defensores de crisis est\u00e1n aqu\u00ed para apoyarlo cuando denuncie abuso sexual o violaci\u00f3n en una estaci\u00f3n de polic\u00eda.\" \/>\n<meta name=\"robots\" content=\"index, follow, max-snippet:-1, max-image-preview:large, max-video-preview:-1\" \/>\n<link rel=\"canonical\" href=\"https:\/\/clevelandrapecrisis.org\/services\/24-hour-services\/at-a-police-station\/\" \/>\n<meta property=\"og:locale\" content=\"es_ES\" \/>\n<meta property=\"og:type\" content=\"article\" \/>\n<meta property=\"og:title\" content=\"Apoyo en una estaci\u00f3n de polic\u00eda | Centro de crisis por violaci\u00f3n de Cleveland\" \/>\n<meta property=\"og:description\" content=\"Centro de Crisis por Violaci\u00f3n de Cleveland Los defensores de crisis est\u00e1n aqu\u00ed para apoyarlo si decide presentar un informe policial.\" \/>\n<meta property=\"og:url\" content=\"https:\/\/clevelandrapecrisis.org\/services\/24-hour-services\/at-a-police-station\/\" \/>\n<meta property=\"og:site_name\" content=\"CRCC\" \/>\n<meta property=\"article:modified_time\" content=\"2025-05-09T19:11:43+00:00\" \/>\n<meta property=\"og:image\" content=\"https:\/\/clevelandrapecrisis.org\/wp-content\/uploads\/2017\/08\/CRCC_Signage.jpg\" \/>\n\t<meta property=\"og:image:width\" content=\"800\" \/>\n\t<meta property=\"og:image:height\" content=\"400\" \/>\n\t<meta property=\"og:image:type\" content=\"image\/jpeg\" \/>\n<meta name=\"twitter:card\" content=\"summary_large_image\" \/>\n<meta name=\"twitter:title\" content=\"En una comisar\u00eda de polic\u00eda\" \/>\n<meta name=\"twitter:label1\" content=\"Est. reading time\" \/>\n\t<meta name=\"twitter:data1\" content=\"1 minuto\" \/>\n<script type=\"application\/ld+json\" class=\"yoast-schema-graph\">{\"@context\":\"https:\/\/schema.org\",\"@graph\":[{\"@type\":\"WebPage\",\"@id\":\"https:\/\/clevelandrapecrisis.org\/services\/24-hour-services\/at-a-police-station\/\",\"url\":\"https:\/\/clevelandrapecrisis.org\/services\/24-hour-services\/at-a-police-station\/\",\"name\":\"Apoyo a la estaci\u00f3n de polic\u00eda del Centro de Crisis por Violaci\u00f3n de Cleveland\",\"isPartOf\":{\"@id\":\"https:\/\/clevelandrapecrisis.org\/#website\"},\"datePublished\":\"2017-08-31T05:14:09+00:00\",\"dateModified\":\"2025-05-09T19:11:43+00:00\",\"description\":\"Centro de crisis por violaci\u00f3n de Cleveland Los defensores de crisis est\u00e1n aqu\u00ed para apoyarlo cuando denuncie abuso sexual o violaci\u00f3n en una estaci\u00f3n de polic\u00eda.\",\"breadcrumb\":{\"@id\":\"https:\/\/clevelandrapecrisis.org\/services\/24-hour-services\/at-a-police-station\/#breadcrumb\"},\"inLanguage\":\"es\",\"potentialAction\":[{\"@type\":\"ReadAction\",\"target\":[\"https:\/\/clevelandrapecrisis.org\/services\/24-hour-services\/at-a-police-station\/\"]}]},{\"@type\":\"BreadcrumbList\",\"@id\":\"https:\/\/clevelandrapecrisis.org\/services\/24-hour-services\/at-a-police-station\/#breadcrumb\",\"itemListElement\":[{\"@type\":\"ListItem\",\"position\":1,\"name\":\"Home\",\"item\":\"https:\/\/clevelandrapecrisis.org\/\"},{\"@type\":\"ListItem\",\"position\":2,\"name\":\"En una comisar\u00eda de polic\u00eda\"}]},{\"@type\":\"WebSite\",\"@id\":\"https:\/\/clevelandrapecrisis.org\/#website\",\"url\":\"https:\/\/clevelandrapecrisis.org\/\",\"name\":\"CRCC\",\"description\":\"Cleveland Rape Crisis Center\",\"potentialAction\":[{\"@type\":\"SearchAction\",\"target\":{\"@type\":\"EntryPoint\",\"urlTemplate\":\"https:\/\/clevelandrapecrisis.org\/?s={search_term_string}\"},\"query-input\":{\"@type\":\"PropertyValueSpecification\",\"valueRequired\":true,\"valueName\":\"search_term_string\"}}],\"inLanguage\":\"es\"}]}<\/script>\n<!-- \/ Yoast SEO Premium plugin. -->","yoast_head_json":{"title":"Apoyo a la estaci\u00f3n de polic\u00eda del Centro de Crisis por Violaci\u00f3n de Cleveland","description":"Centro de crisis por violaci\u00f3n de Cleveland Los defensores de crisis est\u00e1n aqu\u00ed para apoyarlo cuando denuncie abuso sexual o violaci\u00f3n en una estaci\u00f3n de polic\u00eda.","robots":{"index":"index","follow":"follow","max-snippet":"max-snippet:-1","max-image-preview":"max-image-preview:large","max-video-preview":"max-video-preview:-1"},"canonical":"https:\/\/clevelandrapecrisis.org\/services\/24-hour-services\/at-a-police-station\/","og_locale":"es_ES","og_type":"article","og_title":"Apoyo en una estaci\u00f3n de polic\u00eda | Centro de crisis por violaci\u00f3n de Cleveland","og_description":"Centro de Crisis por Violaci\u00f3n de Cleveland Los defensores de crisis est\u00e1n aqu\u00ed para apoyarlo si decide presentar un informe policial.","og_url":"https:\/\/clevelandrapecrisis.org\/services\/24-hour-services\/at-a-police-station\/","og_site_name":"CRCC","article_modified_time":"2025-05-09T19:11:43+00:00","og_image":[{"width":800,"height":400,"url":"https:\/\/clevelandrapecrisis.org\/wp-content\/uploads\/2017\/08\/CRCC_Signage.jpg","type":"image\/jpeg"}],"twitter_card":"summary_large_image","twitter_title":"En una comisar\u00eda de polic\u00eda","twitter_misc":{"Est. reading time":"1 minuto"},"schema":{"@context":"https:\/\/schema.org","@graph":[{"@type":"WebPage","@id":"https:\/\/clevelandrapecrisis.org\/services\/24-hour-services\/at-a-police-station\/","url":"https:\/\/clevelandrapecrisis.org\/services\/24-hour-services\/at-a-police-station\/","name":"Apoyo a la estaci\u00f3n de polic\u00eda del Centro de Crisis por Violaci\u00f3n de Cleveland","isPartOf":{"@id":"https:\/\/clevelandrapecrisis.org\/#website"},"datePublished":"2017-08-31T05:14:09+00:00","dateModified":"2025-05-09T19:11:43+00:00","description":"Centro de crisis por violaci\u00f3n de Cleveland Los defensores de crisis est\u00e1n aqu\u00ed para apoyarlo cuando denuncie abuso sexual o violaci\u00f3n en una estaci\u00f3n de polic\u00eda.","breadcrumb":{"@id":"https:\/\/clevelandrapecrisis.org\/services\/24-hour-services\/at-a-police-station\/#breadcrumb"},"inLanguage":"es","potentialAction":[{"@type":"ReadAction","target":["https:\/\/clevelandrapecrisis.org\/services\/24-hour-services\/at-a-police-station\/"]}]},{"@type":"BreadcrumbList","@id":"https:\/\/clevelandrapecrisis.org\/services\/24-hour-services\/at-a-police-station\/#breadcrumb","itemListElement":[{"@type":"ListItem","position":1,"name":"Home","item":"https:\/\/clevelandrapecrisis.org\/"},{"@type":"ListItem","position":2,"name":"En una comisar\u00eda de polic\u00eda"}]},{"@type":"WebSite","@id":"https:\/\/clevelandrapecrisis.org\/#website","url":"https:\/\/clevelandrapecrisis.org\/","name":"CRCC","description":"Cleveland Rape Crisis Center","potentialAction":[{"@type":"SearchAction","target":{"@type":"EntryPoint","urlTemplate":"https:\/\/clevelandrapecrisis.org\/?s={search_term_string}"},"query-input":{"@type":"PropertyValueSpecification","valueRequired":true,"valueName":"search_term_string"}}],"inLanguage":"es"}]}},"_links":{"self":[{"href":"https:\/\/clevelandrapecrisis.org\/es\/wp-json\/wp\/v2\/pages\/40694","targetHints":{"allow":["GET"]}}],"collection":[{"href":"https:\/\/clevelandrapecrisis.org\/es\/wp-json\/wp\/v2\/pages"}],"about":[{"href":"https:\/\/clevelandrapecrisis.org\/es\/wp-json\/wp\/v2\/types\/page"}],"author":[{"embeddable":true,"href":"https:\/\/clevelandrapecrisis.org\/es\/wp-json\/wp\/v2\/users\/3"}],"replies":[{"embeddable":true,"href":"https:\/\/clevelandrapecrisis.org\/es\/wp-json\/wp\/v2\/comments?post=40694"}],"version-history":[{"count":2,"href":"https:\/\/clevelandrapecrisis.org\/es\/wp-json\/wp\/v2\/pages\/40694\/revisions"}],"predecessor-version":[{"id":40696,"href":"https:\/\/clevelandrapecrisis.org\/es\/wp-json\/wp\/v2\/pages\/40694\/revisions\/40696"}],"wp:attachment":[{"href":"https:\/\/clevelandrapecrisis.org\/es\/wp-json\/wp\/v2\/media?parent=40694"}],"curies":[{"name":"wp","href":"https:\/\/api.w.org\/{rel}","templated":true}]}}