{"id":40691,"date":"2022-02-11T16:53:42","date_gmt":"2022-02-11T16:53:42","guid":{"rendered":"https:\/\/clevelandrapecrisis.org\/deaf-access\/"},"modified":"2025-05-09T19:11:40","modified_gmt":"2025-05-09T19:11:40","slug":"deaf-access","status":"publish","type":"page","link":"https:\/\/clevelandrapecrisis.org\/es\/services\/deaf-access\/","title":{"rendered":"Apoyo a sobrevivientes sordos"},"content":{"rendered":"<h2>Estamos aqu\u00ed para usted.<\/h2>\n<p>El Centro de Crisis por Violaci\u00f3n de Cleveland (CRCC) da la bienvenida a los miembros de la comunidad sorda para que accedan a sus servicios. Estamos aqu\u00ed para apoyar a los sobrevivientes de violaci\u00f3n y abuso sexual que son sordos o tienen problemas de audici\u00f3n, as\u00ed como a sus seres queridos o familiares.<\/p>\n<p>Si se solicita, organizaremos que un int\u00e9rprete est\u00e9 presente en cualquier cita programada. Lea a continuaci\u00f3n o mire este vlog en ASL (con subt\u00edtulos) para conocer nuestros servicios y c\u00f3mo puede conectarse con CRCC. <\/p>\n<p><iframe loading=\"lazy\" src=\"https:\/\/www.youtube.com\/embed\/lSMR1Jrw3Po\" width=\"560\" height=\"315\" frameborder=\"0\" allowfullscreen=\"allowfullscreen\"><\/iframe><\/p>\n<h2>\u00bfQu\u00e9 servicios est\u00e1n disponibles?<\/h2>\n<p>Nuestros defensores brindan apoyo e informaci\u00f3n a sobrevivientes de violaci\u00f3n y abuso sexual las 24 horas del d\u00eda, los 7 d\u00edas de la semana. No importa cu\u00e1nto tiempo haya pasado desde que te lastimaron, nunca es demasiado tarde para sanar. <\/p>\n<p>Los servicios incluyen:<\/p>\n<ul>\n<li><strong><a href=\"https:\/\/clevelandrapecrisis.org\/contact\/crisis-and-support-hotline\/\" target=\"_blank\" rel=\"noopener\">L\u00ednea directa de crisis y asistencia 24 horas al d\u00eda, 7 d\u00edas a la semana<\/a><\/strong><\/li>\n<li><strong><a href=\"https:\/\/clevelandrapecrisis.org\/services\/24-hour-services\/at-the-hospital\/\" target=\"_blank\" rel=\"noopener\">Apoyo en el Hospital <\/a><\/strong>y <strong><a href=\"https:\/\/clevelandrapecrisis.org\/services\/24-hour-services\/at-a-police-station\/\">Comisar\u00edas<\/a><\/strong><\/li>\n<li><strong><a href=\"https:\/\/clevelandrapecrisis.org\/services\/individual-counseling\/\" target=\"_blank\" rel=\"noopener\">Asesoramiento individual<\/a><\/strong><\/li>\n<li><strong><a href=\"https:\/\/clevelandrapecrisis.org\/services\/support-groups\/\" target=\"_blank\" rel=\"noopener\">Grupos de apoyo<\/a><\/strong><\/li>\n<li>Defensa de<a href=\"https:\/\/clevelandrapecrisis.org\/services\/victim-assistance\/\" target=\"_blank\" rel=\"noopener\"><strong> <\/strong><\/a>las v\u00edctimas en el sistema de justicia penal<\/li>\n<li><strong><a href=\"https:\/\/clevelandrapecrisis.org\/services\/project-star\/\" target=\"_blank\" rel=\"noopener\">Servicios para sobrevivientes de la trata de personas<\/a><\/strong><\/li>\n<\/ul>\n<p>Tenemos oficinas en los condados de Cuyahoga, Lake, Geauga y Ashtabula.<\/p>\n<h2>\u00bfC\u00f3mo puedo acceder a los servicios?<\/h2>\n<p>Env\u00ede un mensaje de texto o llame al (216) 619-6192, o<strong> <a href=\"https:\/\/clevelandrapecrisis.org\/contact\/request-an-appointment\/\" target=\"_blank\" rel=\"noopener\">solicite una cita<\/a> <\/strong>en l\u00ednea. En el formulario en l\u00ednea, h\u00e1ganos saber si desea un int\u00e9rprete. CRCC organizar\u00e1 un int\u00e9rprete para cualquier reuni\u00f3n y cita programada.<\/p>\n<h2>\u00bfQu\u00e9 puedo esperar?<\/h2>\n<p>Despu\u00e9s de solicitar una cita, nuestro personal se comunicar\u00e1 con usted para programar una reuni\u00f3n de admisi\u00f3n en persona en una de nuestras oficinas. Programaremos un int\u00e9rprete para que est\u00e9 presente en la sesi\u00f3n de admisi\u00f3n. En esta reuni\u00f3n te explicaremos nuestros servicios y responderemos cualquier pregunta que tengas. Si decide utilizar los servicios de CRCC, completaremos la documentaci\u00f3n necesaria para comenzar.<\/p>\n<p>A continuaci\u00f3n, concertaremos una cita con su terapeuta o defensor. Ese nombramiento ser\u00e1 el comienzo de los servicios continuos con CRCC.<\/p>\n<h2>Recursos: Vlogs en ASL<\/h2>\n<ul>\n<li><strong><a href=\"https:\/\/clevelandrapecrisis.org\/services\/deaf-access\/what-is-sexual-violence-vlog\/\" target=\"_blank\" rel=\"noopener\">\u00bfQu\u00e9 es la violencia sexual?<\/a><\/strong><\/li>\n<li><strong><a href=\"https:\/\/clevelandrapecrisis.org\/services\/deaf-access\/vlog-support-survivor\/\" target=\"_blank\" rel=\"noopener\">C\u00f3mo apoyar a una persona sobreviviente de violaci\u00f3n o abuso sexual<\/a><\/strong><\/li>\n<\/ul>\n<h2>\u00bfQu\u00e9 pasa si necesito ayuda ahora?<\/h2>\n<p>Estamos aqu\u00ed para usted. Puede comunicarse con nuestra l\u00ednea directa 24 horas al d\u00eda, 7 d\u00edas a <a href=\"tel:4404232020\"><strong>la semana, llamando o enviando un mensaje de texto al <strong><a href=\"tel:2166196192\">(216) 619-6192<\/a> <\/strong>o<\/strong> al (<\/a>440) 423-2020 en cualquier momento. Tambi\u00e9n puedes <strong><a href=\"https:\/\/clevelandrapecrisis.org\/contact\/crisis-and-support-hotline\/\">chatear en nuestro sitio web.<\/a><\/strong> Este servicio es gratuito y confidencial, por lo que no se necesita ninguna informaci\u00f3n personal para contactar con la l\u00ednea directa.<\/p>\n","protected":false},"excerpt":{"rendered":"<p>Estamos aqu\u00ed para usted. El Centro de Crisis por Violaci\u00f3n de Cleveland (CRCC) da la bienvenida a los miembros de la comunidad sorda para que accedan a sus servicios. Estamos aqu\u00ed para apoyar a los sobrevivientes de violaci\u00f3n y abuso sexual que son sordos o tienen problemas de audici\u00f3n, as\u00ed como a sus seres queridos<\/p>\n","protected":false},"author":3,"featured_media":0,"parent":40746,"menu_order":9,"comment_status":"closed","ping_status":"closed","template":"","meta":{"_acf_changed":false,"footnotes":""},"class_list":["post-40691","page","type-page","status-publish","hentry"],"acf":[],"yoast_head":"<!-- This site is optimized with the Yoast SEO Premium plugin v26.8 (Yoast SEO v26.8) - https:\/\/yoast.com\/product\/yoast-seo-premium-wordpress\/ -->\n<title>Apoyo para sobrevivientes sordos de violencia sexual | Centro de Crisis de Violaciones de Cleveland<\/title>\n<meta name=\"description\" content=\"El Centro de Crisis por Violaci\u00f3n de Cleveland apoya a sobrevivientes de violaci\u00f3n y abuso sexual que son sordos o tienen problemas de audici\u00f3n.\" \/>\n<meta name=\"robots\" content=\"index, follow, max-snippet:-1, max-image-preview:large, max-video-preview:-1\" \/>\n<link rel=\"canonical\" href=\"https:\/\/clevelandrapecrisis.org\/services\/deaf-access\/\" \/>\n<meta property=\"og:locale\" content=\"es_ES\" \/>\n<meta property=\"og:type\" content=\"article\" \/>\n<meta property=\"og:title\" content=\"Apoyo a sobrevivientes sordas en el Centro de Crisis por Violaci\u00f3n de Cleveland\" \/>\n<meta property=\"og:description\" content=\"El Centro de Crisis por Violaci\u00f3n de Cleveland apoya a sobrevivientes de violaci\u00f3n y abuso sexual que son sordos o tienen problemas de audici\u00f3n.\" \/>\n<meta property=\"og:url\" content=\"https:\/\/clevelandrapecrisis.org\/services\/deaf-access\/\" \/>\n<meta property=\"og:site_name\" content=\"CRCC\" \/>\n<meta property=\"article:modified_time\" content=\"2025-05-09T19:11:40+00:00\" \/>\n<meta property=\"og:image\" content=\"https:\/\/clevelandrapecrisis.org\/wp-content\/uploads\/2018\/08\/ServicesThumbnail2.jpg\" \/>\n\t<meta property=\"og:image:width\" content=\"1691\" \/>\n\t<meta property=\"og:image:height\" content=\"876\" \/>\n\t<meta property=\"og:image:type\" content=\"image\/jpeg\" \/>\n<meta name=\"twitter:card\" content=\"summary_large_image\" \/>\n<meta name=\"twitter:title\" content=\"Apoyo a sobrevivientes sordas en el Centro de Crisis por Violaci\u00f3n de Cleveland\" \/>\n<meta name=\"twitter:label1\" content=\"Est. reading time\" \/>\n\t<meta name=\"twitter:data1\" content=\"2 minutos\" \/>\n<script type=\"application\/ld+json\" class=\"yoast-schema-graph\">{\"@context\":\"https:\/\/schema.org\",\"@graph\":[{\"@type\":\"WebPage\",\"@id\":\"https:\/\/clevelandrapecrisis.org\/services\/deaf-access\/\",\"url\":\"https:\/\/clevelandrapecrisis.org\/services\/deaf-access\/\",\"name\":\"Apoyo para sobrevivientes sordos de violencia sexual | Centro de Crisis de Violaciones de Cleveland\",\"isPartOf\":{\"@id\":\"https:\/\/clevelandrapecrisis.org\/#website\"},\"datePublished\":\"2022-02-11T16:53:42+00:00\",\"dateModified\":\"2025-05-09T19:11:40+00:00\",\"description\":\"El Centro de Crisis por Violaci\u00f3n de Cleveland apoya a sobrevivientes de violaci\u00f3n y abuso sexual que son sordos o tienen problemas de audici\u00f3n.\",\"breadcrumb\":{\"@id\":\"https:\/\/clevelandrapecrisis.org\/services\/deaf-access\/#breadcrumb\"},\"inLanguage\":\"es\",\"potentialAction\":[{\"@type\":\"ReadAction\",\"target\":[\"https:\/\/clevelandrapecrisis.org\/services\/deaf-access\/\"]}]},{\"@type\":\"BreadcrumbList\",\"@id\":\"https:\/\/clevelandrapecrisis.org\/services\/deaf-access\/#breadcrumb\",\"itemListElement\":[{\"@type\":\"ListItem\",\"position\":1,\"name\":\"Home\",\"item\":\"https:\/\/clevelandrapecrisis.org\/\"},{\"@type\":\"ListItem\",\"position\":2,\"name\":\"Apoyo a sobrevivientes sordos\"}]},{\"@type\":\"WebSite\",\"@id\":\"https:\/\/clevelandrapecrisis.org\/#website\",\"url\":\"https:\/\/clevelandrapecrisis.org\/\",\"name\":\"CRCC\",\"description\":\"Cleveland Rape Crisis Center\",\"potentialAction\":[{\"@type\":\"SearchAction\",\"target\":{\"@type\":\"EntryPoint\",\"urlTemplate\":\"https:\/\/clevelandrapecrisis.org\/?s={search_term_string}\"},\"query-input\":{\"@type\":\"PropertyValueSpecification\",\"valueRequired\":true,\"valueName\":\"search_term_string\"}}],\"inLanguage\":\"es\"}]}<\/script>\n<!-- \/ Yoast SEO Premium plugin. -->","yoast_head_json":{"title":"Apoyo para sobrevivientes sordos de violencia sexual | Centro de Crisis de Violaciones de Cleveland","description":"El Centro de Crisis por Violaci\u00f3n de Cleveland apoya a sobrevivientes de violaci\u00f3n y abuso sexual que son sordos o tienen problemas de audici\u00f3n.","robots":{"index":"index","follow":"follow","max-snippet":"max-snippet:-1","max-image-preview":"max-image-preview:large","max-video-preview":"max-video-preview:-1"},"canonical":"https:\/\/clevelandrapecrisis.org\/services\/deaf-access\/","og_locale":"es_ES","og_type":"article","og_title":"Apoyo a sobrevivientes sordas en el Centro de Crisis por Violaci\u00f3n de Cleveland","og_description":"El Centro de Crisis por Violaci\u00f3n de Cleveland apoya a sobrevivientes de violaci\u00f3n y abuso sexual que son sordos o tienen problemas de audici\u00f3n.","og_url":"https:\/\/clevelandrapecrisis.org\/services\/deaf-access\/","og_site_name":"CRCC","article_modified_time":"2025-05-09T19:11:40+00:00","og_image":[{"width":1691,"height":876,"url":"https:\/\/clevelandrapecrisis.org\/wp-content\/uploads\/2018\/08\/ServicesThumbnail2.jpg","type":"image\/jpeg"}],"twitter_card":"summary_large_image","twitter_title":"Apoyo a sobrevivientes sordas en el Centro de Crisis por Violaci\u00f3n de Cleveland","twitter_misc":{"Est. reading time":"2 minutos"},"schema":{"@context":"https:\/\/schema.org","@graph":[{"@type":"WebPage","@id":"https:\/\/clevelandrapecrisis.org\/services\/deaf-access\/","url":"https:\/\/clevelandrapecrisis.org\/services\/deaf-access\/","name":"Apoyo para sobrevivientes sordos de violencia sexual | Centro de Crisis de Violaciones de Cleveland","isPartOf":{"@id":"https:\/\/clevelandrapecrisis.org\/#website"},"datePublished":"2022-02-11T16:53:42+00:00","dateModified":"2025-05-09T19:11:40+00:00","description":"El Centro de Crisis por Violaci\u00f3n de Cleveland apoya a sobrevivientes de violaci\u00f3n y abuso sexual que son sordos o tienen problemas de audici\u00f3n.","breadcrumb":{"@id":"https:\/\/clevelandrapecrisis.org\/services\/deaf-access\/#breadcrumb"},"inLanguage":"es","potentialAction":[{"@type":"ReadAction","target":["https:\/\/clevelandrapecrisis.org\/services\/deaf-access\/"]}]},{"@type":"BreadcrumbList","@id":"https:\/\/clevelandrapecrisis.org\/services\/deaf-access\/#breadcrumb","itemListElement":[{"@type":"ListItem","position":1,"name":"Home","item":"https:\/\/clevelandrapecrisis.org\/"},{"@type":"ListItem","position":2,"name":"Apoyo a sobrevivientes sordos"}]},{"@type":"WebSite","@id":"https:\/\/clevelandrapecrisis.org\/#website","url":"https:\/\/clevelandrapecrisis.org\/","name":"CRCC","description":"Cleveland Rape Crisis Center","potentialAction":[{"@type":"SearchAction","target":{"@type":"EntryPoint","urlTemplate":"https:\/\/clevelandrapecrisis.org\/?s={search_term_string}"},"query-input":{"@type":"PropertyValueSpecification","valueRequired":true,"valueName":"search_term_string"}}],"inLanguage":"es"}]}},"_links":{"self":[{"href":"https:\/\/clevelandrapecrisis.org\/es\/wp-json\/wp\/v2\/pages\/40691","targetHints":{"allow":["GET"]}}],"collection":[{"href":"https:\/\/clevelandrapecrisis.org\/es\/wp-json\/wp\/v2\/pages"}],"about":[{"href":"https:\/\/clevelandrapecrisis.org\/es\/wp-json\/wp\/v2\/types\/page"}],"author":[{"embeddable":true,"href":"https:\/\/clevelandrapecrisis.org\/es\/wp-json\/wp\/v2\/users\/3"}],"replies":[{"embeddable":true,"href":"https:\/\/clevelandrapecrisis.org\/es\/wp-json\/wp\/v2\/comments?post=40691"}],"version-history":[{"count":2,"href":"https:\/\/clevelandrapecrisis.org\/es\/wp-json\/wp\/v2\/pages\/40691\/revisions"}],"predecessor-version":[{"id":40693,"href":"https:\/\/clevelandrapecrisis.org\/es\/wp-json\/wp\/v2\/pages\/40691\/revisions\/40693"}],"up":[{"embeddable":true,"href":"https:\/\/clevelandrapecrisis.org\/es\/wp-json\/wp\/v2\/pages\/40746"}],"wp:attachment":[{"href":"https:\/\/clevelandrapecrisis.org\/es\/wp-json\/wp\/v2\/media?parent=40691"}],"curies":[{"name":"wp","href":"https:\/\/api.w.org\/{rel}","templated":true}]}}