{"id":40688,"date":"2017-08-31T05:17:22","date_gmt":"2017-08-31T05:17:22","guid":{"rendered":"https:\/\/clevelandrapecrisis.org\/trafficking\/"},"modified":"2025-05-09T19:12:06","modified_gmt":"2025-05-09T19:12:06","slug":"trafficking","status":"publish","type":"page","link":"https:\/\/clevelandrapecrisis.org\/es\/services\/trafficking\/","title":{"rendered":"Apoyo a sobrevivientes de la trata de personas"},"content":{"rendered":"<h2>Apoyo a sobrevivientes de la trata de personas<\/h2>\n<p>Cleveland Rape Crisis Center ofrece intervenci\u00f3n en situaciones de crisis basadas en el trauma, defensa y asesoramiento a sobrevivientes de la trata sexual y laboral en nuestra comunidad.<\/p>\n<p>La trata sexual ocurre cuando se obliga a una persona a realizar un acto sexual comercial mediante la fuerza, fraude o coerci\u00f3n, o cuando la persona obligada a realizar actos sexuales es menor de 18 a\u00f1os de edad.<\/p>\n<p><strong>Alguien que es v\u00edctima de trata sexual puede ser:<\/strong><\/p>\n<ul>\n<li>Controlada por otra persona<\/li>\n<li>Vendida para tener relaciones sexuales por sus padres, maridos o novios<\/li>\n<li>Obligada a tener relaciones sexuales con personas, a trabajar en clubes de striptease o servicios de acompa\u00f1antes, o a participar en pel\u00edculas pornogr\u00e1ficas contra su voluntad.<\/li>\n<li>Obligada a prostituirse y no se les permite quedarse con el dinero que ganan<\/li>\n<li>Un menor de edad obligado a tener relaciones sexuales para sobrevivir (para conseguir comida o un lugar donde vivir)<\/li>\n<\/ul>\n<p>&nbsp;<\/p>\n<h2>L\u00ednea directa las 24 horas: <a href=\"tel:8554317827\">855-431-7827<\/a><\/h2>\n<p>Cleveland Rape Crisis Center ofrece una l\u00ednea directa las 24 horas para sobrevivientes de tr\u00e1fico sexual y otras personas de la comunidad que buscan informaci\u00f3n y ayuda relacionada con el tr\u00e1fico sexual.<\/p>\n<h2><a href=\"https:\/\/clevelandrapecrisis.org\/about-us\/locations\/human-trafficking-drop-in-center\/\">Centro de acogida para v\u00edctimas de trata de personas<\/a><\/h2>\n<p>El <a href=\"https:\/\/clevelandrapecrisis.org\/about-us\/locations\/human-trafficking-drop-in-center\/\">Centro de acogida para v\u00edctimas de trata de personas<\/a> del Cleveland Rape Crisis Center, ubicado en 10450 Superior Ave. en Cleveland, proporciona acceso conveniente a servicios integrales para sobrevivientes de la trata de personas. Venga o llame al 855-431-7827 para obtener m\u00e1s informaci\u00f3n.<\/p>\n<h2>Defensa<\/h2>\n<p>Los defensores se re\u00fanen con los sobrevivientes en un lugar seguro (hospital, estaci\u00f3n de polic\u00eda, refugio) para proporcionarles apoyo despu\u00e9s de que se hayan recuperado o hayan abandonado una situaci\u00f3n de trata.<\/p>\n<h2>Asesoramiento<\/h2>\n<p>Cleveland Rape Crisis Center proporciona asesoramiento a sobrevivientes que han sido v\u00edctimas de tr\u00e1fico sexual en cualquier momento de sus vidas.<\/p>\n<h2>El apoyo est\u00e1 disponible en persona y a trav\u00e9s de teleservicios.<\/h2>\n<p>Los servicios del Cleveland Rape Crisis Center est\u00e1n disponibles de forma remota a trav\u00e9s de telesalud y teleservicios, as\u00ed como en persona con cita previa. Llame o env\u00ede un mensaje de texto al <a href=\"tel:216-619-6192\">(216) 619-6192<\/a> o al <a href=\"tel:440-423-2020\">(440) 423-2020<\/a>, o <a href=\"https:\/\/clevelandrapecrisis.org\/es\/crisis-and-support-hotline\/\">chatee en l\u00ednea<\/a> para concertar una cita u obtener m\u00e1s informaci\u00f3n. O <a href=\"https:\/\/clevelandrapecrisis.org\/contact\/request-an-appointment\/\">solicite una cita<\/a> en l\u00ednea. <a href=\"https:\/\/clevelandrapecrisis.org\/sexual-assault-services-during-covid-19\/\">Obtenga m\u00e1s informaci\u00f3n aqu\u00ed.<\/a><\/p>\n<h2>Formaci\u00f3n profesional<\/h2>\n<p>El Cleveland Rape Crisis Center ofrece experiencia en la prevenci\u00f3n, identificaci\u00f3n, respuesta y apoyo a los sobrevivientes de la trata sexual. La formaci\u00f3n est\u00e1 adaptada a las autoridades, al personal m\u00e9dico y a los proveedores de servicios de salud mental. <strong><a href=\"https:\/\/clevelandrapecrisis.org\/prevention-education\/request-an-education-program\/\">Solicite una formaci\u00f3n profesional<\/a><\/strong> hoy.<\/p>\n<div class=\"learn-more\">\n   <a href=\"&quot;tel:8554317827&quot;\">&quot;Comun\u00edquese<\/a>\n   <p> &quot;Llame<\/p>\n<\/div>\n<h2>M\u00e1s informaci\u00f3n<\/h2>\n<p>Hoja informativa: <a href=\"https:\/\/clevelandrapecrisis.org\/wp-content\/uploads\/2021\/03\/Sex-Trafficking-10-Things-to-Know-2021.pdf\">10 cosas que debe saber sobre la trata de personas con fines de explotaci\u00f3n sexual<\/a><br \/>\nV\u00eddeo: \u00bf<a href=\"https:\/\/www.youtube.com\/watch?v=35uM5VMrZas\" target=\"_blank\" rel=\"noopener noreferrer\">Qu\u00e9 es la trata de personas?<\/a><\/p>\n<p>&nbsp;<\/p>\n<p><em>Esta p\u00e1gina est\u00e1 dedicada a la memoria de Billie Howland Steffee. Sus generosas contribuciones ayudaron a establecer los servicios del Cleveland Rape Crisis Center para sobrevivientes de la trata de personas. El profundo y permanente compromiso de Billie Howland Steffee de servir a los sobrevivientes de la trata de personas contin\u00faa siendo inspirador. <\/em><\/p>\n","protected":false},"excerpt":{"rendered":"<p>Apoyo a sobrevivientes de la trata de personas Cleveland Rape Crisis Center ofrece intervenci\u00f3n en situaciones de crisis basadas en el trauma, defensa y asesoramiento a sobrevivientes de la trata sexual y laboral en nuestra comunidad. La trata sexual ocurre cuando se obliga a una persona a realizar un acto sexual comercial mediante la fuerza,<\/p>\n","protected":false},"author":3,"featured_media":0,"parent":40746,"menu_order":6,"comment_status":"closed","ping_status":"closed","template":"page.php","meta":{"_acf_changed":false,"footnotes":""},"class_list":["post-40688","page","type-page","status-publish","hentry"],"acf":[],"yoast_head":"<!-- This site is optimized with the Yoast SEO Premium plugin v26.8 (Yoast SEO v26.8) - https:\/\/yoast.com\/product\/yoast-seo-premium-wordpress\/ -->\n<title>Apoyo a sobrevivientes de la trata de personas | Cleveland RCC<\/title>\n<meta name=\"description\" content=\"Cleveland Rape Crisis Center ofrece intervenci\u00f3n en crisis, asesoramiento y defensa especializados a los sobrevivientes de la trata sexual en nuestra comunidad.\" \/>\n<meta name=\"robots\" content=\"index, follow, max-snippet:-1, max-image-preview:large, max-video-preview:-1\" \/>\n<link rel=\"canonical\" href=\"https:\/\/clevelandrapecrisis.org\/services\/trafficking\/\" \/>\n<meta property=\"og:locale\" content=\"es_ES\" \/>\n<meta property=\"og:type\" content=\"article\" \/>\n<meta property=\"og:title\" content=\"Apoyo a sobrevivientes de la trata de personas | Cleveland Rape Crisis Center\" \/>\n<meta property=\"og:description\" content=\"Cleveland Rape Crisis Center ofrece intervenci\u00f3n en crisis, asesoramiento y defensa especializados a los sobrevivientes de la trata sexual en nuestra comunidad.\" \/>\n<meta property=\"og:url\" content=\"https:\/\/clevelandrapecrisis.org\/services\/trafficking\/\" \/>\n<meta property=\"og:site_name\" content=\"CRCC\" \/>\n<meta property=\"article:modified_time\" content=\"2025-05-09T19:12:06+00:00\" \/>\n<meta property=\"og:image\" content=\"https:\/\/clevelandrapecrisis.org\/wp-content\/uploads\/2017\/08\/CRCC_Signage.jpg\" \/>\n\t<meta property=\"og:image:width\" content=\"800\" \/>\n\t<meta property=\"og:image:height\" content=\"400\" \/>\n\t<meta property=\"og:image:type\" content=\"image\/jpeg\" \/>\n<meta name=\"twitter:card\" content=\"summary_large_image\" \/>\n<meta name=\"twitter:title\" content=\"Apoyo a sobrevivientes de la trata de personas | Cleveland Rape Crisis Center\" \/>\n<meta name=\"twitter:label1\" content=\"Est. reading time\" \/>\n\t<meta name=\"twitter:data1\" content=\"2 minutos\" \/>\n<script type=\"application\/ld+json\" class=\"yoast-schema-graph\">{\"@context\":\"https:\/\/schema.org\",\"@graph\":[{\"@type\":\"WebPage\",\"@id\":\"https:\/\/clevelandrapecrisis.org\/services\/trafficking\/\",\"url\":\"https:\/\/clevelandrapecrisis.org\/services\/trafficking\/\",\"name\":\"Apoyo a sobrevivientes de la trata de personas | Cleveland RCC\",\"isPartOf\":{\"@id\":\"https:\/\/clevelandrapecrisis.org\/#website\"},\"datePublished\":\"2017-08-31T05:17:22+00:00\",\"dateModified\":\"2025-05-09T19:12:06+00:00\",\"description\":\"Cleveland Rape Crisis Center ofrece intervenci\u00f3n en crisis, asesoramiento y defensa especializados a los sobrevivientes de la trata sexual en nuestra comunidad.\",\"breadcrumb\":{\"@id\":\"https:\/\/clevelandrapecrisis.org\/services\/trafficking\/#breadcrumb\"},\"inLanguage\":\"es\",\"potentialAction\":[{\"@type\":\"ReadAction\",\"target\":[\"https:\/\/clevelandrapecrisis.org\/services\/trafficking\/\"]}]},{\"@type\":\"BreadcrumbList\",\"@id\":\"https:\/\/clevelandrapecrisis.org\/services\/trafficking\/#breadcrumb\",\"itemListElement\":[{\"@type\":\"ListItem\",\"position\":1,\"name\":\"Home\",\"item\":\"https:\/\/clevelandrapecrisis.org\/\"},{\"@type\":\"ListItem\",\"position\":2,\"name\":\"Apoyo a sobrevivientes de la trata de personas\"}]},{\"@type\":\"WebSite\",\"@id\":\"https:\/\/clevelandrapecrisis.org\/#website\",\"url\":\"https:\/\/clevelandrapecrisis.org\/\",\"name\":\"CRCC\",\"description\":\"Cleveland Rape Crisis Center\",\"potentialAction\":[{\"@type\":\"SearchAction\",\"target\":{\"@type\":\"EntryPoint\",\"urlTemplate\":\"https:\/\/clevelandrapecrisis.org\/?s={search_term_string}\"},\"query-input\":{\"@type\":\"PropertyValueSpecification\",\"valueRequired\":true,\"valueName\":\"search_term_string\"}}],\"inLanguage\":\"es\"}]}<\/script>\n<!-- \/ Yoast SEO Premium plugin. -->","yoast_head_json":{"title":"Apoyo a sobrevivientes de la trata de personas | Cleveland RCC","description":"Cleveland Rape Crisis Center ofrece intervenci\u00f3n en crisis, asesoramiento y defensa especializados a los sobrevivientes de la trata sexual en nuestra comunidad.","robots":{"index":"index","follow":"follow","max-snippet":"max-snippet:-1","max-image-preview":"max-image-preview:large","max-video-preview":"max-video-preview:-1"},"canonical":"https:\/\/clevelandrapecrisis.org\/services\/trafficking\/","og_locale":"es_ES","og_type":"article","og_title":"Apoyo a sobrevivientes de la trata de personas | Cleveland Rape Crisis Center","og_description":"Cleveland Rape Crisis Center ofrece intervenci\u00f3n en crisis, asesoramiento y defensa especializados a los sobrevivientes de la trata sexual en nuestra comunidad.","og_url":"https:\/\/clevelandrapecrisis.org\/services\/trafficking\/","og_site_name":"CRCC","article_modified_time":"2025-05-09T19:12:06+00:00","og_image":[{"width":800,"height":400,"url":"https:\/\/clevelandrapecrisis.org\/wp-content\/uploads\/2017\/08\/CRCC_Signage.jpg","type":"image\/jpeg"}],"twitter_card":"summary_large_image","twitter_title":"Apoyo a sobrevivientes de la trata de personas | Cleveland Rape Crisis Center","twitter_misc":{"Est. reading time":"2 minutos"},"schema":{"@context":"https:\/\/schema.org","@graph":[{"@type":"WebPage","@id":"https:\/\/clevelandrapecrisis.org\/services\/trafficking\/","url":"https:\/\/clevelandrapecrisis.org\/services\/trafficking\/","name":"Apoyo a sobrevivientes de la trata de personas | Cleveland RCC","isPartOf":{"@id":"https:\/\/clevelandrapecrisis.org\/#website"},"datePublished":"2017-08-31T05:17:22+00:00","dateModified":"2025-05-09T19:12:06+00:00","description":"Cleveland Rape Crisis Center ofrece intervenci\u00f3n en crisis, asesoramiento y defensa especializados a los sobrevivientes de la trata sexual en nuestra comunidad.","breadcrumb":{"@id":"https:\/\/clevelandrapecrisis.org\/services\/trafficking\/#breadcrumb"},"inLanguage":"es","potentialAction":[{"@type":"ReadAction","target":["https:\/\/clevelandrapecrisis.org\/services\/trafficking\/"]}]},{"@type":"BreadcrumbList","@id":"https:\/\/clevelandrapecrisis.org\/services\/trafficking\/#breadcrumb","itemListElement":[{"@type":"ListItem","position":1,"name":"Home","item":"https:\/\/clevelandrapecrisis.org\/"},{"@type":"ListItem","position":2,"name":"Apoyo a sobrevivientes de la trata de personas"}]},{"@type":"WebSite","@id":"https:\/\/clevelandrapecrisis.org\/#website","url":"https:\/\/clevelandrapecrisis.org\/","name":"CRCC","description":"Cleveland Rape Crisis Center","potentialAction":[{"@type":"SearchAction","target":{"@type":"EntryPoint","urlTemplate":"https:\/\/clevelandrapecrisis.org\/?s={search_term_string}"},"query-input":{"@type":"PropertyValueSpecification","valueRequired":true,"valueName":"search_term_string"}}],"inLanguage":"es"}]}},"_links":{"self":[{"href":"https:\/\/clevelandrapecrisis.org\/es\/wp-json\/wp\/v2\/pages\/40688","targetHints":{"allow":["GET"]}}],"collection":[{"href":"https:\/\/clevelandrapecrisis.org\/es\/wp-json\/wp\/v2\/pages"}],"about":[{"href":"https:\/\/clevelandrapecrisis.org\/es\/wp-json\/wp\/v2\/types\/page"}],"author":[{"embeddable":true,"href":"https:\/\/clevelandrapecrisis.org\/es\/wp-json\/wp\/v2\/users\/3"}],"replies":[{"embeddable":true,"href":"https:\/\/clevelandrapecrisis.org\/es\/wp-json\/wp\/v2\/comments?post=40688"}],"version-history":[{"count":5,"href":"https:\/\/clevelandrapecrisis.org\/es\/wp-json\/wp\/v2\/pages\/40688\/revisions"}],"predecessor-version":[{"id":40720,"href":"https:\/\/clevelandrapecrisis.org\/es\/wp-json\/wp\/v2\/pages\/40688\/revisions\/40720"}],"up":[{"embeddable":true,"href":"https:\/\/clevelandrapecrisis.org\/es\/wp-json\/wp\/v2\/pages\/40746"}],"wp:attachment":[{"href":"https:\/\/clevelandrapecrisis.org\/es\/wp-json\/wp\/v2\/media?parent=40688"}],"curies":[{"name":"wp","href":"https:\/\/api.w.org\/{rel}","templated":true}]}}