{"id":40685,"date":"2017-08-31T05:16:56","date_gmt":"2017-08-31T05:16:56","guid":{"rendered":"https:\/\/clevelandrapecrisis.org\/child-and-family-services\/"},"modified":"2025-05-09T19:11:57","modified_gmt":"2025-05-09T19:11:57","slug":"child-and-family-services","status":"publish","type":"page","link":"https:\/\/clevelandrapecrisis.org\/es\/services\/child-and-family-services\/","title":{"rendered":"Servicios para ni\u00f1os y familias"},"content":{"rendered":"<p>El Centro de Crisis por Violaci\u00f3n de Cleveland ofrece una variedad de servicios a ni\u00f1os y cuidadores principales de ni\u00f1os expuestos a violaci\u00f3n, abuso sexual o tr\u00e1fico sexual. Nuestros servicios integrales para ni\u00f1os y familias informados sobre el trauma trabajan en colaboraci\u00f3n con los cuidadores para ayudar a los ni\u00f1os a convertirse en adultos sanos, fuertes y seguros. Con el tipo de apoyo adecuado, los ni\u00f1os afectados por violaci\u00f3n y abuso sexual pueden recuperarse y vivir vidas saludables y felices.<\/p>\n<p><a href=\"https:\/\/clevelandrapecrisis.org\/services\/child-and-family-services\/crcc_services_childfamilyservices\/\" rel=\"attachment wp-att-714\"><img loading=\"lazy\" decoding=\"async\" class=\"alignnone wp-image-714\" src=\"https:\/\/clevelandrapecrisis.org\/wp-content\/uploads\/2017\/08\/CRCC_Services_ChildFamilyServices.jpg\" alt=\"Servicios CRCC_Servicios_para_ni\u00f1os_y_familias\" width=\"500\" height=\"250\" srcset=\"https:\/\/clevelandrapecrisis.org\/wp-content\/uploads\/2017\/08\/CRCC_Services_ChildFamilyServices.jpg 800w, https:\/\/clevelandrapecrisis.org\/wp-content\/uploads\/2017\/08\/CRCC_Services_ChildFamilyServices-300x150.jpg 300w, https:\/\/clevelandrapecrisis.org\/wp-content\/uploads\/2017\/08\/CRCC_Services_ChildFamilyServices-768x384.jpg 768w\" sizes=\"auto, (max-width: 500px) 100vw, 500px\" \/><\/a><\/p>\n<h2>Asesoramiento (incluye servicios para traumas sexuales en la primera infancia)<\/h2>\n<p>Sesiones de asesoramiento para ni\u00f1os de hasta 18 a\u00f1os afectados por violaci\u00f3n y agresi\u00f3n sexual y para miembros de la familia. En la mayor\u00eda de los casos, se ofrece asesoramiento a domicilio para ni\u00f1os de hasta 12 a\u00f1os. El asesoramiento para j\u00f3venes de 12 a 18 a\u00f1os est\u00e1 disponible en nuestras oficinas.<\/p>\n<p>Ofrecemos una amplia variedad de formas apropiadas para el desarrollo para que los ni\u00f1os y adultos j\u00f3venes expresen y se recuperen de su trauma, como la terapia de arte y de juego. Los servicios se ofrecen en nuestras oficinas de <a href=\"https:\/\/clevelandrapecrisis.org\/es\/clark-fulton\/\">Clark-Fulton<\/a>, <a href=\"https:\/\/clevelandrapecrisis.org\/about-us\/locations\/shaker-square-office\/\">Shaker Square<\/a>, <a href=\"https:\/\/clevelandrapecrisis.org\/about-us\/locations\/mentor-office\/\">Mentor<\/a>, <a href=\"https:\/\/clevelandrapecrisis.org\/about-us\/locations\/chardon-office\/\">Chardon<\/a> y <a href=\"https:\/\/clevelandrapecrisis.org\/about-us\/locations\/ashtabula-office\/\">Ashtabula<\/a>.<\/p>\n<h2>Asesoramiento de apoyo para cuidadores<\/h2>\n<p>Brindamos asesoramiento para cualquier cuidador de un ni\u00f1o expuesto a violaci\u00f3n, abuso sexual o tr\u00e1fico sexual.<\/p>\n<h2><a href=\"https:\/\/clevelandrapecrisis.org\/services\/victim-assistance\/\">Defensa<\/a><\/h2>\n<p>Los defensores apoyan a los ni\u00f1os y a las familias a trav\u00e9s del proceso de justicia penal, as\u00ed como tambi\u00e9n en los ex\u00e1menes m\u00e9dicos. Quienes han sufrido violaci\u00f3n o abuso sexual a menudo no saben qu\u00e9 esperar cuando acuden a la polic\u00eda a denunciar el delito. Podemos ayudar brindando apoyo, conocimiento y acceso a recursos. Los defensores del Centro de Crisis por Violaci\u00f3n de Cleveland est\u00e1n listos para ayudar a cualquier familia que denuncie un delito y vincularlos con ayuda y recursos.<\/p>\n<div class=\"learn-more\">\n   <a href=\"&quot;https:\/\/clevelandrapecrisis.org\/request-an-appointment&quot;\">&quot;Solicitar<\/a>\n   <p> &quot;Llame<\/p>\n<\/div>\n<p>Si necesita un int\u00e9rprete, Cleveland Rape Crisis Center le solicitar\u00e1 uno sin costo alguno (gratis). <\/p>\n<p><a href=\"https:\/\/clevelandrapecrisis.org\/es\/deaf-access\/\"><img loading=\"lazy\" decoding=\"async\" class=\"alignleft wp-image-4585\" src=\"https:\/\/clevelandrapecrisis.org\/wp-content\/uploads\/2018\/08\/sign-language-interpretation-symbol-web.png\" alt=\"Int\u00e9rprete de ASL\" width=\"40\" height=\"34\"><\/a><\/p>\n<h5><em>Nos esforzamos <\/em><em>por hacer que nuestros servicios sean accesibles para todos. Haga clic aqu\u00ed para obtener m\u00e1s informaci\u00f3n sobre <a href=\"https:\/\/clevelandrapecrisis.org\/es\/deaf-access\/\">el apoyo para sobrevivientes<\/a> sordos\/con discapacidad.<\/em><\/h5>\n","protected":false},"excerpt":{"rendered":"<p>El Centro de Crisis por Violaci\u00f3n de Cleveland ofrece una variedad de servicios a ni\u00f1os y cuidadores principales de ni\u00f1os expuestos a violaci\u00f3n, abuso sexual o tr\u00e1fico sexual. Nuestros servicios integrales para ni\u00f1os y familias informados sobre el trauma trabajan en colaboraci\u00f3n con los cuidadores para ayudar a los ni\u00f1os a convertirse en adultos sanos,<\/p>\n","protected":false},"author":3,"featured_media":0,"parent":40746,"menu_order":4,"comment_status":"closed","ping_status":"closed","template":"page.php","meta":{"_acf_changed":false,"footnotes":""},"class_list":["post-40685","page","type-page","status-publish","hentry"],"acf":[],"yoast_head":"<!-- This site is optimized with the Yoast SEO Premium plugin v26.8 (Yoast SEO v26.8) - https:\/\/yoast.com\/product\/yoast-seo-premium-wordpress\/ -->\n<title>Servicios para ni\u00f1os y familias | Centro de crisis por violaci\u00f3n de Cleveland<\/title>\n<meta name=\"description\" content=\"El Centro de Crisis por Violaci\u00f3n de Cleveland ofrece apoyo a ni\u00f1os y familias que han estado expuestos a violaci\u00f3n, abuso sexual o tr\u00e1fico sexual.\" \/>\n<meta name=\"robots\" content=\"index, follow, max-snippet:-1, max-image-preview:large, max-video-preview:-1\" \/>\n<link rel=\"canonical\" href=\"https:\/\/clevelandrapecrisis.org\/services\/child-and-family-services\/\" \/>\n<meta property=\"og:locale\" content=\"es_ES\" \/>\n<meta property=\"og:type\" content=\"article\" \/>\n<meta property=\"og:title\" content=\"Servicios para ni\u00f1os y familias\" \/>\n<meta property=\"og:description\" content=\"El Centro de Crisis por Violaci\u00f3n de Cleveland ofrece apoyo a ni\u00f1os y familias que han estado expuestos a violaci\u00f3n, abuso sexual o tr\u00e1fico sexual.\" \/>\n<meta property=\"og:url\" content=\"https:\/\/clevelandrapecrisis.org\/services\/child-and-family-services\/\" \/>\n<meta property=\"og:site_name\" content=\"CRCC\" \/>\n<meta property=\"article:modified_time\" content=\"2025-05-09T19:11:57+00:00\" \/>\n<meta property=\"og:image\" content=\"https:\/\/clevelandrapecrisis.org\/wp-content\/uploads\/2017\/08\/CRCC_Services_ChildFamilyServices.jpg\" \/>\n\t<meta property=\"og:image:width\" content=\"800\" \/>\n\t<meta property=\"og:image:height\" content=\"400\" \/>\n\t<meta property=\"og:image:type\" content=\"image\/jpeg\" \/>\n<meta name=\"twitter:card\" content=\"summary_large_image\" \/>\n<meta name=\"twitter:label1\" content=\"Est. reading time\" \/>\n\t<meta name=\"twitter:data1\" content=\"2 minutos\" \/>\n<script type=\"application\/ld+json\" class=\"yoast-schema-graph\">{\"@context\":\"https:\/\/schema.org\",\"@graph\":[{\"@type\":\"WebPage\",\"@id\":\"https:\/\/clevelandrapecrisis.org\/services\/child-and-family-services\/\",\"url\":\"https:\/\/clevelandrapecrisis.org\/services\/child-and-family-services\/\",\"name\":\"Servicios para ni\u00f1os y familias | Centro de crisis por violaci\u00f3n de Cleveland\",\"isPartOf\":{\"@id\":\"https:\/\/clevelandrapecrisis.org\/#website\"},\"primaryImageOfPage\":{\"@id\":\"https:\/\/clevelandrapecrisis.org\/services\/child-and-family-services\/#primaryimage\"},\"image\":{\"@id\":\"https:\/\/clevelandrapecrisis.org\/services\/child-and-family-services\/#primaryimage\"},\"thumbnailUrl\":\"https:\/\/clevelandrapecrisis.org\/wp-content\/uploads\/2017\/08\/CRCC_Services_ChildFamilyServices.jpg\",\"datePublished\":\"2017-08-31T05:16:56+00:00\",\"dateModified\":\"2025-05-09T19:11:57+00:00\",\"description\":\"El Centro de Crisis por Violaci\u00f3n de Cleveland ofrece apoyo a ni\u00f1os y familias que han estado expuestos a violaci\u00f3n, abuso sexual o tr\u00e1fico sexual.\",\"breadcrumb\":{\"@id\":\"https:\/\/clevelandrapecrisis.org\/services\/child-and-family-services\/#breadcrumb\"},\"inLanguage\":\"es\",\"potentialAction\":[{\"@type\":\"ReadAction\",\"target\":[\"https:\/\/clevelandrapecrisis.org\/services\/child-and-family-services\/\"]}]},{\"@type\":\"ImageObject\",\"inLanguage\":\"es\",\"@id\":\"https:\/\/clevelandrapecrisis.org\/services\/child-and-family-services\/#primaryimage\",\"url\":\"https:\/\/clevelandrapecrisis.org\/wp-content\/uploads\/2017\/08\/CRCC_Services_ChildFamilyServices.jpg\",\"contentUrl\":\"https:\/\/clevelandrapecrisis.org\/wp-content\/uploads\/2017\/08\/CRCC_Services_ChildFamilyServices.jpg\"},{\"@type\":\"BreadcrumbList\",\"@id\":\"https:\/\/clevelandrapecrisis.org\/services\/child-and-family-services\/#breadcrumb\",\"itemListElement\":[{\"@type\":\"ListItem\",\"position\":1,\"name\":\"Home\",\"item\":\"https:\/\/clevelandrapecrisis.org\/\"},{\"@type\":\"ListItem\",\"position\":2,\"name\":\"Servicios para ni\u00f1os y familias\"}]},{\"@type\":\"WebSite\",\"@id\":\"https:\/\/clevelandrapecrisis.org\/#website\",\"url\":\"https:\/\/clevelandrapecrisis.org\/\",\"name\":\"CRCC\",\"description\":\"Cleveland Rape Crisis Center\",\"potentialAction\":[{\"@type\":\"SearchAction\",\"target\":{\"@type\":\"EntryPoint\",\"urlTemplate\":\"https:\/\/clevelandrapecrisis.org\/?s={search_term_string}\"},\"query-input\":{\"@type\":\"PropertyValueSpecification\",\"valueRequired\":true,\"valueName\":\"search_term_string\"}}],\"inLanguage\":\"es\"}]}<\/script>\n<!-- \/ Yoast SEO Premium plugin. -->","yoast_head_json":{"title":"Servicios para ni\u00f1os y familias | Centro de crisis por violaci\u00f3n de Cleveland","description":"El Centro de Crisis por Violaci\u00f3n de Cleveland ofrece apoyo a ni\u00f1os y familias que han estado expuestos a violaci\u00f3n, abuso sexual o tr\u00e1fico sexual.","robots":{"index":"index","follow":"follow","max-snippet":"max-snippet:-1","max-image-preview":"max-image-preview:large","max-video-preview":"max-video-preview:-1"},"canonical":"https:\/\/clevelandrapecrisis.org\/services\/child-and-family-services\/","og_locale":"es_ES","og_type":"article","og_title":"Servicios para ni\u00f1os y familias","og_description":"El Centro de Crisis por Violaci\u00f3n de Cleveland ofrece apoyo a ni\u00f1os y familias que han estado expuestos a violaci\u00f3n, abuso sexual o tr\u00e1fico sexual.","og_url":"https:\/\/clevelandrapecrisis.org\/services\/child-and-family-services\/","og_site_name":"CRCC","article_modified_time":"2025-05-09T19:11:57+00:00","og_image":[{"width":800,"height":400,"url":"https:\/\/clevelandrapecrisis.org\/wp-content\/uploads\/2017\/08\/CRCC_Services_ChildFamilyServices.jpg","type":"image\/jpeg"}],"twitter_card":"summary_large_image","twitter_misc":{"Est. reading time":"2 minutos"},"schema":{"@context":"https:\/\/schema.org","@graph":[{"@type":"WebPage","@id":"https:\/\/clevelandrapecrisis.org\/services\/child-and-family-services\/","url":"https:\/\/clevelandrapecrisis.org\/services\/child-and-family-services\/","name":"Servicios para ni\u00f1os y familias | Centro de crisis por violaci\u00f3n de Cleveland","isPartOf":{"@id":"https:\/\/clevelandrapecrisis.org\/#website"},"primaryImageOfPage":{"@id":"https:\/\/clevelandrapecrisis.org\/services\/child-and-family-services\/#primaryimage"},"image":{"@id":"https:\/\/clevelandrapecrisis.org\/services\/child-and-family-services\/#primaryimage"},"thumbnailUrl":"https:\/\/clevelandrapecrisis.org\/wp-content\/uploads\/2017\/08\/CRCC_Services_ChildFamilyServices.jpg","datePublished":"2017-08-31T05:16:56+00:00","dateModified":"2025-05-09T19:11:57+00:00","description":"El Centro de Crisis por Violaci\u00f3n de Cleveland ofrece apoyo a ni\u00f1os y familias que han estado expuestos a violaci\u00f3n, abuso sexual o tr\u00e1fico sexual.","breadcrumb":{"@id":"https:\/\/clevelandrapecrisis.org\/services\/child-and-family-services\/#breadcrumb"},"inLanguage":"es","potentialAction":[{"@type":"ReadAction","target":["https:\/\/clevelandrapecrisis.org\/services\/child-and-family-services\/"]}]},{"@type":"ImageObject","inLanguage":"es","@id":"https:\/\/clevelandrapecrisis.org\/services\/child-and-family-services\/#primaryimage","url":"https:\/\/clevelandrapecrisis.org\/wp-content\/uploads\/2017\/08\/CRCC_Services_ChildFamilyServices.jpg","contentUrl":"https:\/\/clevelandrapecrisis.org\/wp-content\/uploads\/2017\/08\/CRCC_Services_ChildFamilyServices.jpg"},{"@type":"BreadcrumbList","@id":"https:\/\/clevelandrapecrisis.org\/services\/child-and-family-services\/#breadcrumb","itemListElement":[{"@type":"ListItem","position":1,"name":"Home","item":"https:\/\/clevelandrapecrisis.org\/"},{"@type":"ListItem","position":2,"name":"Servicios para ni\u00f1os y familias"}]},{"@type":"WebSite","@id":"https:\/\/clevelandrapecrisis.org\/#website","url":"https:\/\/clevelandrapecrisis.org\/","name":"CRCC","description":"Cleveland Rape Crisis Center","potentialAction":[{"@type":"SearchAction","target":{"@type":"EntryPoint","urlTemplate":"https:\/\/clevelandrapecrisis.org\/?s={search_term_string}"},"query-input":{"@type":"PropertyValueSpecification","valueRequired":true,"valueName":"search_term_string"}}],"inLanguage":"es"}]}},"_links":{"self":[{"href":"https:\/\/clevelandrapecrisis.org\/es\/wp-json\/wp\/v2\/pages\/40685","targetHints":{"allow":["GET"]}}],"collection":[{"href":"https:\/\/clevelandrapecrisis.org\/es\/wp-json\/wp\/v2\/pages"}],"about":[{"href":"https:\/\/clevelandrapecrisis.org\/es\/wp-json\/wp\/v2\/types\/page"}],"author":[{"embeddable":true,"href":"https:\/\/clevelandrapecrisis.org\/es\/wp-json\/wp\/v2\/users\/3"}],"replies":[{"embeddable":true,"href":"https:\/\/clevelandrapecrisis.org\/es\/wp-json\/wp\/v2\/comments?post=40685"}],"version-history":[{"count":5,"href":"https:\/\/clevelandrapecrisis.org\/es\/wp-json\/wp\/v2\/pages\/40685\/revisions"}],"predecessor-version":[{"id":40708,"href":"https:\/\/clevelandrapecrisis.org\/es\/wp-json\/wp\/v2\/pages\/40685\/revisions\/40708"}],"up":[{"embeddable":true,"href":"https:\/\/clevelandrapecrisis.org\/es\/wp-json\/wp\/v2\/pages\/40746"}],"wp:attachment":[{"href":"https:\/\/clevelandrapecrisis.org\/es\/wp-json\/wp\/v2\/media?parent=40685"}],"curies":[{"name":"wp","href":"https:\/\/api.w.org\/{rel}","templated":true}]}}