{"id":40516,"date":"2020-09-03T20:46:25","date_gmt":"2020-09-03T20:46:25","guid":{"rendered":"https:\/\/clevelandrapecrisis.org\/clark-fulton\/"},"modified":"2025-05-09T19:12:27","modified_gmt":"2025-05-09T19:12:27","slug":"clark-fulton","status":"publish","type":"page","link":"https:\/\/clevelandrapecrisis.org\/es\/locations\/clark-fulton\/","title":{"rendered":"Oficina de Clark-Fulton"},"content":{"rendered":"\n<p>&nbsp;<\/p>\n<p><strong>Estamos aqu\u00ed para usted en Clark-Fulton.<\/strong><\/p>\n<p>La Oficina Clark-Fulton del Cleveland Rape Crisis Center proporciona acceso conveniente a servicios integrales para sobrevivientes de violaci\u00f3n, abuso sexual y tr\u00e1fico sexual, incluido asesoramiento individual para ni\u00f1os y adultos; asistencia para sobrevivientes que est\u00e1n considerando opciones legales o navegando por el proceso de justicia penal.<\/p>\n<p>Cleveland Rape Crisis Center ofrece un espacio seguro para acceder a la ayuda, no importa cu\u00e1nto tiempo hace que sufri\u00f3 da\u00f1o &#8211; todo sin costo alguno para usted.<\/p>\n<div class=\"learn-more\">\n<p><strong>Nueva entrada (vigente a partir de enero de 2024)<\/strong><\/p>\n<p>Por favor, utilice la entrada principal al edificio Pivot Center. Entre por las puertas acristaladas bajo el cartel turquesa de \u00abPivot\u00bb, gire a la izquierda hacia el ascensor y dir\u00edjase a la tercera planta.<\/p>\n<\/div>\n<h2>Ubicaci\u00f3n<\/h2>\n<p>2937 West 25<sup>th<\/sup> Street, 3<sup>rd<\/sup> Floor, Cleveland, OH 44113<br \/>\nTel\u00e9fono de la oficina: (216) 619-6194<\/p>\n<h2>Horas<\/h2>\n<p>Lunes: 9:00 a. m. a 5:00 p. m.<br \/>\nMartes: 9:00 a. m. &#8211; 7:00 p. m.<br \/>\nMi\u00e9rcoles: 9:00 a. m. a 5:00 p. m.<br \/>\nJueves: 9:00 a. m. a 5:00 p. m.<br \/>\nViernes: 8:00 a. m. a 4:00 p. m.<\/p>\n<h2>Servicios ofrecidos<\/h2>\n<p><a href=\"https:\/\/clevelandrapecrisis.org\/es\/individual-counseling\/\">Asesoramiento individual<\/a><br \/>\n<a href=\"https:\/\/clevelandrapecrisis.org\/es\/child-and-family-services\/\">Defensa<\/a><br \/>\nGesti\u00f3n de casos<br \/>\n<a href=\"https:\/\/clevelandrapecrisis.org\/es\/child-and-family-services\/\">Asesoramiento infantil y familiar<\/a><br \/>\n<a href=\"https:\/\/clevelandrapecrisis.org\/es\/support-groups\/\">Grupos de apoyo<\/a><br \/>\n<a href=\"https:\/\/clevelandrapecrisis.org\/es\/crisis-and-support-hotline\/\">L\u00ednea directa de crisis y asistencia las 24 horas<\/a><br \/>\n<a href=\"https:\/\/clevelandrapecrisis.org\/prevention-education\/community-outreach\/\">Educaci\u00f3n de extensi\u00f3n<\/a><br \/>\n<a href=\"https:\/\/clevelandrapecrisis.org\/prevention-education\/professional-training\/\">Formaci\u00f3n profesional<\/a><br \/>\n<a href=\"https:\/\/clevelandrapecrisis.org\/services\/project-star\/\">Servicios para sobrevivientes de trata sexual<\/a><\/p>\n<h2>Servicios disponibles de forma remota y en persona<\/h2>\n<p>Los servicios del Cleveland Rape Crisis Center est\u00e1n disponibles de forma remota a trav\u00e9s de telesalud y teleservicios, as\u00ed como en persona con cita previa.<\/p>\n<h2>Instrucciones<\/h2>\n<p>La oficina de Clark-Fulton est\u00e1 ubicada en el Pivot Center en W. 25th entre Castle Rd. y Seymour Rd. Haga clic aqu\u00ed para obtener <a href=\"https:\/\/www.google.com\/maps\/dir\/\/''\/@41.4721495,-81.7012693,17z\/data=!4m9!4m8!1m0!1m5!1m1!1s0x8830f00f728855bf:0xd448dcb28ddc22a1!2m2!1d-81.6990806!2d41.4721495!3e0\">instrucciones sobre c\u00f3mo llegar a 2937 West 25<sup>th<\/sup> Street, Cleveland, OH 44113.<\/a><\/p>\n<h2>Aparcamiento<\/h2>\n<p>Hay amplio estacionamiento gratuito disponible en el aparcamiento del Pivot Center, accesible a trav\u00e9s de Castle Ave. Entre por las puertas principales de cristal bajo el cartel \u00abPivot\u00bb, gire a la izquierda hacia los ascensores y dir\u00edjase a la tercera planta.<\/p>\n<p>&nbsp;<\/p>\n<div class=\"learn-more\">\n   <a href=\"&quot;https:\/\/clevelandrapecrisis.org\/contact\/request-an-appointment\/&quot;\">&quot;Solicitar<\/a>\n   <p> &quot;Llame<\/p>\n<\/div>\n","protected":false},"excerpt":{"rendered":"<p>&nbsp; Estamos aqu\u00ed para usted en Clark-Fulton. La Oficina Clark-Fulton del Cleveland Rape Crisis Center proporciona acceso conveniente a servicios integrales para sobrevivientes de violaci\u00f3n, abuso sexual y tr\u00e1fico sexual, incluido asesoramiento individual para ni\u00f1os y adultos; asistencia para sobrevivientes que est\u00e1n considerando opciones legales o navegando por el proceso de justicia penal. Cleveland Rape<\/p>\n","protected":false},"author":3,"featured_media":0,"parent":40735,"menu_order":5,"comment_status":"closed","ping_status":"closed","template":"page.php","meta":{"_acf_changed":false,"footnotes":""},"class_list":["post-40516","page","type-page","status-publish","hentry"],"acf":[],"yoast_head":"<!-- This site is optimized with the Yoast SEO Premium plugin v26.8 (Yoast SEO v26.8) - https:\/\/yoast.com\/product\/yoast-seo-premium-wordpress\/ -->\n<title>Oficina Clark-Fulton para servicios del Cleveland Rape Crisis Center<\/title>\n<meta name=\"description\" content=\"Obtenga informaci\u00f3n sobre los servicios, contactos e indicaciones para llegar a la oficina Clark-Fulton del Cleveland Rape Crisis Center en Cleveland.\" \/>\n<meta name=\"robots\" content=\"index, follow, max-snippet:-1, max-image-preview:large, max-video-preview:-1\" \/>\n<link rel=\"canonical\" href=\"https:\/\/clevelandrapecrisis.org\/about-us\/locations\/clark-fulton\/\" \/>\n<meta property=\"og:locale\" content=\"es_ES\" \/>\n<meta property=\"og:type\" content=\"article\" \/>\n<meta property=\"og:title\" content=\"Oficina de Clark-Fulton | Cleveland Rape Crisis Center\" \/>\n<meta property=\"og:description\" content=\"La oficina de Clark-Fulton est\u00e1 ubicada en 2937 West 25th Street, 2\u00ba piso, Cleveland, OH.\" \/>\n<meta property=\"og:url\" content=\"https:\/\/clevelandrapecrisis.org\/about-us\/locations\/clark-fulton\/\" \/>\n<meta property=\"og:site_name\" content=\"CRCC\" \/>\n<meta property=\"article:modified_time\" content=\"2025-05-09T19:12:27+00:00\" \/>\n<meta property=\"og:image\" content=\"https:\/\/clevelandrapecrisis.org\/wp-content\/uploads\/2017\/08\/CRCC_Signage.jpg\" \/>\n\t<meta property=\"og:image:width\" content=\"800\" \/>\n\t<meta property=\"og:image:height\" content=\"400\" \/>\n\t<meta property=\"og:image:type\" content=\"image\/jpeg\" \/>\n<meta name=\"twitter:card\" content=\"summary_large_image\" \/>\n<meta name=\"twitter:title\" content=\"Oficina de Clark-Fulton | Cleveland Rape Crisis Center\" \/>\n<meta name=\"twitter:label1\" content=\"Est. reading time\" \/>\n\t<meta name=\"twitter:data1\" content=\"2 minutos\" \/>\n<script type=\"application\/ld+json\" class=\"yoast-schema-graph\">{\"@context\":\"https:\/\/schema.org\",\"@graph\":[{\"@type\":\"WebPage\",\"@id\":\"https:\/\/clevelandrapecrisis.org\/about-us\/locations\/clark-fulton\/\",\"url\":\"https:\/\/clevelandrapecrisis.org\/about-us\/locations\/clark-fulton\/\",\"name\":\"Oficina Clark-Fulton para servicios del Cleveland Rape Crisis Center\",\"isPartOf\":{\"@id\":\"https:\/\/clevelandrapecrisis.org\/#website\"},\"datePublished\":\"2020-09-03T20:46:25+00:00\",\"dateModified\":\"2025-05-09T19:12:27+00:00\",\"description\":\"Obtenga informaci\u00f3n sobre los servicios, contactos e indicaciones para llegar a la oficina Clark-Fulton del Cleveland Rape Crisis Center en Cleveland.\",\"breadcrumb\":{\"@id\":\"https:\/\/clevelandrapecrisis.org\/about-us\/locations\/clark-fulton\/#breadcrumb\"},\"inLanguage\":\"es\",\"potentialAction\":[{\"@type\":\"ReadAction\",\"target\":[\"https:\/\/clevelandrapecrisis.org\/about-us\/locations\/clark-fulton\/\"]}]},{\"@type\":\"BreadcrumbList\",\"@id\":\"https:\/\/clevelandrapecrisis.org\/about-us\/locations\/clark-fulton\/#breadcrumb\",\"itemListElement\":[{\"@type\":\"ListItem\",\"position\":1,\"name\":\"Home\",\"item\":\"https:\/\/clevelandrapecrisis.org\/\"},{\"@type\":\"ListItem\",\"position\":2,\"name\":\"Oficina de Clark-Fulton\"}]},{\"@type\":\"WebSite\",\"@id\":\"https:\/\/clevelandrapecrisis.org\/#website\",\"url\":\"https:\/\/clevelandrapecrisis.org\/\",\"name\":\"CRCC\",\"description\":\"Cleveland Rape Crisis Center\",\"potentialAction\":[{\"@type\":\"SearchAction\",\"target\":{\"@type\":\"EntryPoint\",\"urlTemplate\":\"https:\/\/clevelandrapecrisis.org\/?s={search_term_string}\"},\"query-input\":{\"@type\":\"PropertyValueSpecification\",\"valueRequired\":true,\"valueName\":\"search_term_string\"}}],\"inLanguage\":\"es\"}]}<\/script>\n<!-- \/ Yoast SEO Premium plugin. -->","yoast_head_json":{"title":"Oficina Clark-Fulton para servicios del Cleveland Rape Crisis Center","description":"Obtenga informaci\u00f3n sobre los servicios, contactos e indicaciones para llegar a la oficina Clark-Fulton del Cleveland Rape Crisis Center en Cleveland.","robots":{"index":"index","follow":"follow","max-snippet":"max-snippet:-1","max-image-preview":"max-image-preview:large","max-video-preview":"max-video-preview:-1"},"canonical":"https:\/\/clevelandrapecrisis.org\/about-us\/locations\/clark-fulton\/","og_locale":"es_ES","og_type":"article","og_title":"Oficina de Clark-Fulton | Cleveland Rape Crisis Center","og_description":"La oficina de Clark-Fulton est\u00e1 ubicada en 2937 West 25th Street, 2\u00ba piso, Cleveland, OH.","og_url":"https:\/\/clevelandrapecrisis.org\/about-us\/locations\/clark-fulton\/","og_site_name":"CRCC","article_modified_time":"2025-05-09T19:12:27+00:00","og_image":[{"width":800,"height":400,"url":"https:\/\/clevelandrapecrisis.org\/wp-content\/uploads\/2017\/08\/CRCC_Signage.jpg","type":"image\/jpeg"}],"twitter_card":"summary_large_image","twitter_title":"Oficina de Clark-Fulton | Cleveland Rape Crisis Center","twitter_misc":{"Est. reading time":"2 minutos"},"schema":{"@context":"https:\/\/schema.org","@graph":[{"@type":"WebPage","@id":"https:\/\/clevelandrapecrisis.org\/about-us\/locations\/clark-fulton\/","url":"https:\/\/clevelandrapecrisis.org\/about-us\/locations\/clark-fulton\/","name":"Oficina Clark-Fulton para servicios del Cleveland Rape Crisis Center","isPartOf":{"@id":"https:\/\/clevelandrapecrisis.org\/#website"},"datePublished":"2020-09-03T20:46:25+00:00","dateModified":"2025-05-09T19:12:27+00:00","description":"Obtenga informaci\u00f3n sobre los servicios, contactos e indicaciones para llegar a la oficina Clark-Fulton del Cleveland Rape Crisis Center en Cleveland.","breadcrumb":{"@id":"https:\/\/clevelandrapecrisis.org\/about-us\/locations\/clark-fulton\/#breadcrumb"},"inLanguage":"es","potentialAction":[{"@type":"ReadAction","target":["https:\/\/clevelandrapecrisis.org\/about-us\/locations\/clark-fulton\/"]}]},{"@type":"BreadcrumbList","@id":"https:\/\/clevelandrapecrisis.org\/about-us\/locations\/clark-fulton\/#breadcrumb","itemListElement":[{"@type":"ListItem","position":1,"name":"Home","item":"https:\/\/clevelandrapecrisis.org\/"},{"@type":"ListItem","position":2,"name":"Oficina de Clark-Fulton"}]},{"@type":"WebSite","@id":"https:\/\/clevelandrapecrisis.org\/#website","url":"https:\/\/clevelandrapecrisis.org\/","name":"CRCC","description":"Cleveland Rape Crisis Center","potentialAction":[{"@type":"SearchAction","target":{"@type":"EntryPoint","urlTemplate":"https:\/\/clevelandrapecrisis.org\/?s={search_term_string}"},"query-input":{"@type":"PropertyValueSpecification","valueRequired":true,"valueName":"search_term_string"}}],"inLanguage":"es"}]}},"_links":{"self":[{"href":"https:\/\/clevelandrapecrisis.org\/es\/wp-json\/wp\/v2\/pages\/40516","targetHints":{"allow":["GET"]}}],"collection":[{"href":"https:\/\/clevelandrapecrisis.org\/es\/wp-json\/wp\/v2\/pages"}],"about":[{"href":"https:\/\/clevelandrapecrisis.org\/es\/wp-json\/wp\/v2\/types\/page"}],"author":[{"embeddable":true,"href":"https:\/\/clevelandrapecrisis.org\/es\/wp-json\/wp\/v2\/users\/3"}],"replies":[{"embeddable":true,"href":"https:\/\/clevelandrapecrisis.org\/es\/wp-json\/wp\/v2\/comments?post=40516"}],"version-history":[{"count":5,"href":"https:\/\/clevelandrapecrisis.org\/es\/wp-json\/wp\/v2\/pages\/40516\/revisions"}],"predecessor-version":[{"id":40737,"href":"https:\/\/clevelandrapecrisis.org\/es\/wp-json\/wp\/v2\/pages\/40516\/revisions\/40737"}],"up":[{"embeddable":true,"href":"https:\/\/clevelandrapecrisis.org\/es\/wp-json\/wp\/v2\/pages\/40735"}],"wp:attachment":[{"href":"https:\/\/clevelandrapecrisis.org\/es\/wp-json\/wp\/v2\/media?parent=40516"}],"curies":[{"name":"wp","href":"https:\/\/api.w.org\/{rel}","templated":true}]}}